{"id":4494,"date":"2025-02-17T17:38:51","date_gmt":"2025-02-17T16:38:51","guid":{"rendered":"https:\/\/metalnex.com\/?post_type=product&#038;p=4494"},"modified":"2025-06-06T22:25:35","modified_gmt":"2025-06-06T20:25:35","slug":"209-30-01c-l-z1","status":"publish","type":"product","link":"https:\/\/metalnex.com\/index.php\/producto\/209-30-01c-l-z1\/","title":{"rendered":"209 30 01C L Z1"},"content":{"rendered":"<h1 class=\"titulo-tabla\" style=\"text-align: center;\">Condiciones de corte:<\/h1>\n<div style=\"overflow-x: auto; margin: 30px 0;\">\n<table class=\"tabla-vc-exacto\" style=\"width: 100%; border-collapse: collapse; table-layout: fixed;\" cellspacing=\"0\" cellpadding=\"0\">\n<thead>\n<tr>\n<th style=\"width: 6.25%; padding: 8px; text-align: center; background: #fff; color: #000;\">Vc [m\/min]<\/th>\n<th style=\"width: 6.25%; padding: 8px; text-align: center; background: #2771a3; color: #fff;\">P1<br \/>\n&lt;700*<\/th>\n<th style=\"width: 6.25%; padding: 8px; text-align: center; background: #1e4f77; color: #fff;\">P2<br \/>\n&lt;1000*<\/th>\n<th style=\"width: 6.25%; padding: 8px; text-align: center; background: #034e7a; color: #fff;\">P3<br \/>\n&lt;1300*<\/th>\n<th style=\"width: 6.25%; padding: 8px; text-align: center; background: #f29723; color: #fff;\">M1<br \/>\n&lt;900*<\/th>\n<th style=\"width: 6.25%; padding: 8px; text-align: center; background: #e66800; color: #fff;\">M2<br \/>\n&gt;900*<\/th>\n<th style=\"width: 6.25%; padding: 8px; text-align: center; background: #c23731; color: #fff;\">K1<br \/>\n&gt;400*<\/th>\n<th style=\"width: 6.25%; padding: 8px; text-align: center; background: #ad2d3f; color: #fff;\">K2<br \/>\n&gt;750*<\/th>\n<th style=\"width: 6.25%; padding: 8px; text-align: center; background: #17ad79; color: #fff;\"><strong>N1<br \/>\nlang<\/strong><\/th>\n<th style=\"width: 6.25%; padding: 8px; text-align: center; background: #00a651; color: #fff;\"><strong>N2<br \/>\nkurz<\/strong><\/th>\n<th style=\"width: 6.25%; padding: 8px; text-align: center; background: #007236; color: #fff;\">N3<br \/>\nCu<\/th>\n<th style=\"width: 6.25%; padding: 8px; text-align: center; background: #a8433e; color: #fff;\">S1<br \/>\n&gt;850*<\/th>\n<th style=\"width: 6.25%; padding: 8px; text-align: center; background: #8e4c32; color: #fff;\">S2<br \/>\nNi<\/th>\n<th style=\"width: 6.25%; padding: 8px; text-align: center; background: #555555; color: #fff;\">H1<br \/>\n&lt;52 HRC<\/th>\n<th style=\"width: 6.25%; padding: 8px; text-align: center; background: #757575; color: #fff;\">H2<br \/>\n&lt;60 HRC<\/th>\n<th style=\"width: 6.25%; padding: 8px; text-align: center; background: #404040; color: #fff;\">H3<br \/>\n&gt;60 HRC<\/th>\n<\/tr>\n<\/thead>\n<tbody>\n<tr style=\"background: #fafafa;\">\n<th style=\"width: 6.25%; padding: 8px; text-align: center; background: #fafafa;\">Vc (ae \u2264 0,3\u00d7D)<\/th>\n<td style=\"width: 6.25%; padding: 8px; text-align: center;\">0<\/td>\n<td style=\"width: 6.25%; padding: 8px; text-align: center;\">0<\/td>\n<td style=\"width: 6.25%; padding: 8px; text-align: center;\">0<\/td>\n<td style=\"width: 6.25%; padding: 8px; text-align: center;\">0<\/td>\n<td style=\"width: 6.25%; padding: 8px; text-align: center;\">0<\/td>\n<td style=\"width: 6.25%; padding: 8px; text-align: center;\">0<\/td>\n<td style=\"width: 6.25%; padding: 8px; text-align: center;\">0<\/td>\n<td style=\"width: 6.25%; padding: 8px; text-align: center;\"><strong>480<\/strong><\/td>\n<td style=\"width: 6.25%; padding: 8px; text-align: center;\"><strong>500<\/strong><\/td>\n<td style=\"width: 6.25%; padding: 8px; text-align: center;\">0<\/td>\n<td style=\"width: 6.25%; padding: 8px; text-align: center;\">0<\/td>\n<td style=\"width: 6.25%; padding: 8px; text-align: center;\">0<\/td>\n<td style=\"width: 6.25%; padding: 8px; text-align: center;\">0<\/td>\n<td style=\"width: 6.25%; padding: 8px; text-align: center;\">0<\/td>\n<td style=\"width: 6.25%; padding: 8px; text-align: center;\">0<\/td>\n<\/tr>\n<tr>\n<th style=\"width: 6.25%; padding: 8px; text-align: center; background: #f5f5f5;\">Vc (ae &gt; 0,3\u00d7D)<\/th>\n<td style=\"width: 6.25%; padding: 8px; text-align: center;\">0<\/td>\n<td style=\"width: 6.25%; padding: 8px; text-align: center;\">0<\/td>\n<td style=\"width: 6.25%; padding: 8px; text-align: center;\">0<\/td>\n<td style=\"width: 6.25%; padding: 8px; text-align: center;\">0<\/td>\n<td style=\"width: 6.25%; padding: 8px; text-align: center;\">0<\/td>\n<td style=\"width: 6.25%; padding: 8px; text-align: center;\">0<\/td>\n<td style=\"width: 6.25%; padding: 8px; text-align: center;\">0<\/td>\n<td style=\"width: 6.25%; padding: 8px; text-align: center;\"><strong>300<\/strong><\/td>\n<td style=\"width: 6.25%; padding: 8px; text-align: center;\"><strong>320<\/strong><\/td>\n<td style=\"width: 6.25%; padding: 8px; text-align: center;\">0<\/td>\n<td style=\"width: 6.25%; padding: 8px; text-align: center;\">0<\/td>\n<td style=\"width: 6.25%; padding: 8px; text-align: center;\">0<\/td>\n<td style=\"width: 6.25%; padding: 8px; text-align: center;\">0<\/td>\n<td style=\"width: 6.25%; padding: 8px; text-align: center;\">0<\/td>\n<td style=\"width: 6.25%; padding: 8px; text-align: center;\">0<\/td>\n<\/tr>\n<\/tbody>\n<\/table>\n<\/div>\n<div style=\"overflow-x: auto; margin: 30px 0;\">\n<table class=\"tabla-fz-exacto\" style=\"width: 100%; border-collapse: collapse; table-layout: fixed;\" cellspacing=\"0\" cellpadding=\"0\">\n<thead>\n<tr><!-- t\u00edtulo fz [mm] centrado y en negrita --><\/p>\n<th style=\"padding: 8px; background: #fff; color: #1270b3; text-align: center; font-size: 1.1em;\" colspan=\"3\"><strong>f<sub>z<\/sub> [mm]<\/strong><\/th>\n<th style=\"padding: 8px; background: #c4a45a; color: #fff;\" colspan=\"2\">a<sub>e<\/sub>=0,1\u00d7D<\/th>\n<th style=\"padding: 8px; background: #bb9c38; color: #fff;\" colspan=\"2\">a<sub>e<\/sub>=0,2\u00d7D<\/th>\n<th style=\"padding: 8px; background: #b99837; color: #fff;\" colspan=\"2\">a<sub>e<\/sub>=0,3\u00d7D<\/th>\n<th style=\"padding: 8px; background: #c0a03a; color: #fff;\" colspan=\"2\">a<sub>e<\/sub>=0,6\u00d7D<\/th>\n<th style=\"padding: 8px; background: #c5a53c; color: #fff;\" colspan=\"2\">a<sub>e<\/sub>=1,0\u00d7D<\/th>\n<\/tr>\n<tr>\n<th style=\"padding: 8px; text-align: center; background: #b49836; color: #fff;\">d<sub>1<\/sub><\/th>\n<th style=\"padding: 8px; text-align: center; background: #b49836; color: #fff;\">l<sub>2<\/sub><\/th>\n<th style=\"padding: 8px; text-align: center; background: #b49836; color: #fff;\">hm*<\/th>\n<th style=\"padding: 8px; text-align: center; background: #c4a45a; color: #fff;\"><strong>f<sub>z<\/sub><\/strong><\/th>\n<th style=\"padding: 8px; text-align: center; background: #c4a45a; color: #fff;\">a<sub>p<\/sub><\/th>\n<th style=\"padding: 8px; text-align: center; background: #bb9c38; color: #fff;\"><strong>f<sub>z<\/sub><\/strong><\/th>\n<th style=\"padding: 8px; text-align: center; background: #bb9c38; color: #fff;\">a<sub>p<\/sub><\/th>\n<th style=\"padding: 8px; text-align: center; background: #b99837; color: #fff;\"><strong>f<sub>z<\/sub><\/strong><\/th>\n<th style=\"padding: 8px; text-align: center; background: #b99837; color: #fff;\">a<sub>p<\/sub><\/th>\n<th style=\"padding: 8px; text-align: center; background: #c0a03a; color: #fff;\"><strong>f<sub>z<\/sub><\/strong><\/th>\n<th style=\"padding: 8px; text-align: center; background: #c0a03a; color: #fff;\">a<sub>p<\/sub><\/th>\n<th style=\"padding: 8px; text-align: center; background: #c5a53c; color: #fff;\"><strong>f<sub>z<\/sub><\/strong><\/th>\n<th style=\"padding: 8px; text-align: center; background: #c5a53c; color: #fff;\">a<sub>p<\/sub><\/th>\n<\/tr>\n<\/thead>\n<tbody>\n<tr style=\"background: #eef9fc;\">\n<td style=\"padding: 8px; text-align: center;\">3,0<\/td>\n<td style=\"padding: 8px; text-align: center;\">12,0<\/td>\n<td style=\"padding: 8px; text-align: center;\">0,014<\/td>\n<td style=\"padding: 8px; text-align: center;\"><strong>0,044<\/strong><\/td>\n<td style=\"padding: 8px; text-align: center;\">12,0<\/td>\n<td style=\"padding: 8px; text-align: center;\"><strong>0,031<\/strong><\/td>\n<td style=\"padding: 8px; text-align: center;\">12,0<\/td>\n<td style=\"padding: 8px; text-align: center;\"><strong>0,025<\/strong><\/td>\n<td style=\"padding: 8px; text-align: center;\">12,0<\/td>\n<td style=\"padding: 8px; text-align: center;\"><strong>0,018<\/strong><\/td>\n<td style=\"padding: 8px; text-align: center;\">4,5<\/td>\n<td style=\"padding: 8px; text-align: center;\"><strong>0,022<\/strong><\/td>\n<td style=\"padding: 8px; text-align: center;\">3,0<\/td>\n<\/tr>\n<tr>\n<td style=\"padding: 8px; text-align: center;\">4,0<\/td>\n<td style=\"padding: 8px; text-align: center;\">15,0<\/td>\n<td style=\"padding: 8px; text-align: center;\">0,019<\/td>\n<td style=\"padding: 8px; text-align: center;\"><strong>0,059<\/strong><\/td>\n<td style=\"padding: 8px; text-align: center;\">15,0<\/td>\n<td style=\"padding: 8px; text-align: center;\"><strong>0,042<\/strong><\/td>\n<td style=\"padding: 8px; text-align: center;\">15,0<\/td>\n<td style=\"padding: 8px; text-align: center;\"><strong>0,034<\/strong><\/td>\n<td style=\"padding: 8px; text-align: center;\">15,0<\/td>\n<td style=\"padding: 8px; text-align: center;\"><strong>0,024<\/strong><\/td>\n<td style=\"padding: 8px; text-align: center;\">6,0<\/td>\n<td style=\"padding: 8px; text-align: center;\"><strong>0,030<\/strong><\/td>\n<td style=\"padding: 8px; text-align: center;\">4,0<\/td>\n<\/tr>\n<tr style=\"background: #eef9fc;\">\n<td style=\"padding: 8px; text-align: center;\">5,0<\/td>\n<td style=\"padding: 8px; text-align: center;\">17,0<\/td>\n<td style=\"padding: 8px; text-align: center;\">0,023<\/td>\n<td style=\"padding: 8px; text-align: center;\"><strong>0,074<\/strong><\/td>\n<td style=\"padding: 8px; text-align: center;\">17,0<\/td>\n<td style=\"padding: 8px; text-align: center;\"><strong>0,052<\/strong><\/td>\n<td style=\"padding: 8px; text-align: center;\">17,0<\/td>\n<td style=\"padding: 8px; text-align: center;\"><strong>0,043<\/strong><\/td>\n<td style=\"padding: 8px; text-align: center;\">17,0<\/td>\n<td style=\"padding: 8px; text-align: center;\"><strong>0,030<\/strong><\/td>\n<td style=\"padding: 8px; text-align: center;\">7,5<\/td>\n<td style=\"padding: 8px; text-align: center;\"><strong>0,037<\/strong><\/td>\n<td style=\"padding: 8px; text-align: center;\">5,0<\/td>\n<\/tr>\n<tr>\n<td style=\"padding: 8px; text-align: center;\">6,0<\/td>\n<td style=\"padding: 8px; text-align: center;\">20,0<\/td>\n<td style=\"padding: 8px; text-align: center;\">0,028<\/td>\n<td style=\"padding: 8px; text-align: center;\"><strong>0,089<\/strong><\/td>\n<td style=\"padding: 8px; text-align: center;\">20,0<\/td>\n<td style=\"padding: 8px; text-align: center;\"><strong>0,063<\/strong><\/td>\n<td style=\"padding: 8px; text-align: center;\">20,0<\/td>\n<td style=\"padding: 8px; text-align: center;\"><strong>0,051<\/strong><\/td>\n<td style=\"padding: 8px; text-align: center;\">20,0<\/td>\n<td style=\"padding: 8px; text-align: center;\"><strong>0,036<\/strong><\/td>\n<td style=\"padding: 8px; text-align: center;\">9,0<\/td>\n<td style=\"padding: 8px; text-align: center;\"><strong>0,045<\/strong><\/td>\n<td style=\"padding: 8px; text-align: center;\">6,0<\/td>\n<\/tr>\n<tr style=\"background: #eef9fc;\">\n<td style=\"padding: 8px; text-align: center;\">8,0<\/td>\n<td style=\"padding: 8px; text-align: center;\">24,0<\/td>\n<td style=\"padding: 8px; text-align: center;\">0,037<\/td>\n<td style=\"padding: 8px; text-align: center;\"><strong>0,118<\/strong><\/td>\n<td style=\"padding: 8px; text-align: center;\">24,0<\/td>\n<td style=\"padding: 8px; text-align: center;\"><strong>0,084<\/strong><\/td>\n<td style=\"padding: 8px; text-align: center;\">24,0<\/td>\n<td style=\"padding: 8px; text-align: center;\"><strong>0,068<\/strong><\/td>\n<td style=\"padding: 8px; text-align: center;\">24,0<\/td>\n<td style=\"padding: 8px; text-align: center;\"><strong>0,048<\/strong><\/td>\n<td style=\"padding: 8px; text-align: center;\">12,0<\/td>\n<td style=\"padding: 8px; text-align: center;\"><strong>0,060<\/strong><\/td>\n<td style=\"padding: 8px; text-align: center;\">8,0<\/td>\n<\/tr>\n<tr>\n<td style=\"padding: 8px; text-align: center;\">10,0<\/td>\n<td style=\"padding: 8px; text-align: center;\">25,0<\/td>\n<td style=\"padding: 8px; text-align: center;\">0,047<\/td>\n<td style=\"padding: 8px; text-align: center;\"><strong>0,148<\/strong><\/td>\n<td style=\"padding: 8px; text-align: center;\">25,0<\/td>\n<td style=\"padding: 8px; text-align: center;\"><strong>0,105<\/strong><\/td>\n<td style=\"padding: 8px; text-align: center;\">25,0<\/td>\n<td style=\"padding: 8px; text-align: center;\"><strong>0,085<\/strong><\/td>\n<td style=\"padding: 8px; text-align: center;\">25,0<\/td>\n<td style=\"padding: 8px; text-align: center;\"><strong>0,060<\/strong><\/td>\n<td style=\"padding: 8px; text-align: center;\">15,0<\/td>\n<td style=\"padding: 8px; text-align: center;\"><strong>0,075<\/strong><\/td>\n<td style=\"padding: 8px; text-align: center;\">10,0<\/td>\n<\/tr>\n<tr style=\"background: #eef9fc;\">\n<td style=\"padding: 8px; text-align: center;\">12,0<\/td>\n<td style=\"padding: 8px; text-align: center;\">32,0<\/td>\n<td style=\"padding: 8px; text-align: center;\">0,056<\/td>\n<td style=\"padding: 8px; text-align: center;\"><strong>0,178<\/strong><\/td>\n<td style=\"padding: 8px; text-align: center;\">32,0<\/td>\n<td style=\"padding: 8px; text-align: center;\"><strong>0,126<\/strong><\/td>\n<td style=\"padding: 8px; text-align: center;\">32,0<\/td>\n<td style=\"padding: 8px; text-align: center;\"><strong>0,103<\/strong><\/td>\n<td style=\"padding: 8px; text-align: center;\">32,0<\/td>\n<td style=\"padding: 8px; text-align: center;\"><strong>0,073<\/strong><\/td>\n<td style=\"padding: 8px; text-align: center;\">18,0<\/td>\n<td style=\"padding: 8px; text-align: center;\"><strong>0,090<\/strong><\/td>\n<td style=\"padding: 8px; text-align: center;\">12,0<\/td>\n<\/tr>\n<\/tbody>\n<\/table>\n<\/div>\n<p>&nbsp;<\/p>\n","protected":false},"excerpt":{"rendered":"<h2>Las fresas de un solo diente se utilizan normalmente con material de placa que se fija con dispositivos de sujeci\u00f3n por vac\u00edo:<\/h2>\n<ul>\n<li>\u2060La adherencia del material de la pieza se reduce significativamente por el pulido de la ranura<\/li>\n<li>\u2060La h\u00e9lice baja reduce significativamente las fuerzas de tracci\u00f3n durante el fresado<\/li>\n<li>\u2060Es posible alcanzar altas velocidades gracias a una geometr\u00eda de corte equilibrada<\/li>\n<\/ul>\n<h4>Las fresas son muy apropiadas para aleaciones de aluminio blandas y de viruta larga, as\u00ed como para pl\u00e1sticos y vidrio acr\u00edlico<\/h4>\n","protected":false},"featured_media":4496,"comment_status":"open","ping_status":"closed","template":"","meta":{"_acf_changed":false},"product_brand":[],"product_cat":[19],"product_tag":[162],"class_list":{"0":"post-4494","1":"product","2":"type-product","3":"status-publish","4":"has-post-thumbnail","6":"product_cat-sin-categorizar","7":"product_tag-fresa","8":"description-off","10":"first","11":"instock","12":"taxable","13":"shipping-taxable","14":"product-type-simple"},"acf":[],"yoast_head":"<!-- This site is optimized with the Yoast SEO plugin v27.3 - https:\/\/yoast.com\/product\/yoast-seo-wordpress\/ -->\n<title>209 30 01C L Z1 - Metalnex 360&ordm;<\/title>\n<meta name=\"robots\" content=\"index, follow, max-snippet:-1, max-image-preview:large, max-video-preview:-1\" \/>\n<link rel=\"canonical\" href=\"https:\/\/metalnex.com\/index.php\/producto\/209-30-01c-l-z1\/\" \/>\n<meta property=\"og:locale\" content=\"es_ES\" \/>\n<meta property=\"og:type\" content=\"article\" \/>\n<meta property=\"og:title\" content=\"209 30 01C L Z1 - Metalnex 360&ordm;\" \/>\n<meta property=\"og:description\" content=\"Las fresas de un solo diente se utilizan normalmente con material de placa que se fija con dispositivos de sujeci\u00f3n por vac\u00edo:   \u2060La adherencia del material de la pieza se reduce significativamente por el pulido de la ranura  \u2060La h\u00e9lice baja reduce significativamente las fuerzas de tracci\u00f3n durante el fresado  \u2060Es posible alcanzar altas velocidades gracias a una geometr\u00eda de corte equilibrada  Las fresas son muy apropiadas para aleaciones de aluminio blandas y de viruta larga, as\u00ed como para pl\u00e1sticos y vidrio acr\u00edlico\" \/>\n<meta property=\"og:url\" content=\"https:\/\/metalnex.com\/index.php\/producto\/209-30-01c-l-z1\/\" \/>\n<meta property=\"og:site_name\" content=\"Metalnex 360&ordm;\" \/>\n<meta property=\"article:modified_time\" content=\"2025-06-06T20:25:35+00:00\" \/>\n<meta property=\"og:image\" content=\"https:\/\/metalnex.com\/wp-content\/uploads\/2025\/02\/209-30-01C-.jpg\" \/>\n\t<meta property=\"og:image:width\" content=\"400\" \/>\n\t<meta property=\"og:image:height\" content=\"75\" \/>\n\t<meta property=\"og:image:type\" content=\"image\/jpeg\" \/>\n<meta name=\"twitter:card\" content=\"summary_large_image\" \/>\n<meta name=\"twitter:label1\" content=\"Tiempo de lectura\" \/>\n\t<meta name=\"twitter:data1\" content=\"2 minutos\" \/>\n<script type=\"application\/ld+json\" class=\"yoast-schema-graph\">{\"@context\":\"https:\\\/\\\/schema.org\",\"@graph\":[{\"@type\":\"WebPage\",\"@id\":\"https:\\\/\\\/metalnex.com\\\/index.php\\\/producto\\\/209-30-01c-l-z1\\\/\",\"url\":\"https:\\\/\\\/metalnex.com\\\/index.php\\\/producto\\\/209-30-01c-l-z1\\\/\",\"name\":\"209 30 01C L Z1 - Metalnex 360&ordm;\",\"isPartOf\":{\"@id\":\"https:\\\/\\\/metalnex.com\\\/#website\"},\"primaryImageOfPage\":{\"@id\":\"https:\\\/\\\/metalnex.com\\\/index.php\\\/producto\\\/209-30-01c-l-z1\\\/#primaryimage\"},\"image\":{\"@id\":\"https:\\\/\\\/metalnex.com\\\/index.php\\\/producto\\\/209-30-01c-l-z1\\\/#primaryimage\"},\"thumbnailUrl\":\"https:\\\/\\\/metalnex.com\\\/wp-content\\\/uploads\\\/2025\\\/02\\\/209-30-01C-.jpg\",\"datePublished\":\"2025-02-17T16:38:51+00:00\",\"dateModified\":\"2025-06-06T20:25:35+00:00\",\"breadcrumb\":{\"@id\":\"https:\\\/\\\/metalnex.com\\\/index.php\\\/producto\\\/209-30-01c-l-z1\\\/#breadcrumb\"},\"inLanguage\":\"es\",\"potentialAction\":[{\"@type\":\"ReadAction\",\"target\":[\"https:\\\/\\\/metalnex.com\\\/index.php\\\/producto\\\/209-30-01c-l-z1\\\/\"]}]},{\"@type\":\"ImageObject\",\"inLanguage\":\"es\",\"@id\":\"https:\\\/\\\/metalnex.com\\\/index.php\\\/producto\\\/209-30-01c-l-z1\\\/#primaryimage\",\"url\":\"https:\\\/\\\/metalnex.com\\\/wp-content\\\/uploads\\\/2025\\\/02\\\/209-30-01C-.jpg\",\"contentUrl\":\"https:\\\/\\\/metalnex.com\\\/wp-content\\\/uploads\\\/2025\\\/02\\\/209-30-01C-.jpg\",\"width\":400,\"height\":75},{\"@type\":\"BreadcrumbList\",\"@id\":\"https:\\\/\\\/metalnex.com\\\/index.php\\\/producto\\\/209-30-01c-l-z1\\\/#breadcrumb\",\"itemListElement\":[{\"@type\":\"ListItem\",\"position\":1,\"name\":\"Portada\",\"item\":\"https:\\\/\\\/metalnex.com\\\/\"},{\"@type\":\"ListItem\",\"position\":2,\"name\":\"Productos\",\"item\":\"https:\\\/\\\/metalnex.com\\\/index.php\\\/shop\\\/\"},{\"@type\":\"ListItem\",\"position\":3,\"name\":\"209 30 01C L Z1\"}]},{\"@type\":\"WebSite\",\"@id\":\"https:\\\/\\\/metalnex.com\\\/#website\",\"url\":\"https:\\\/\\\/metalnex.com\\\/\",\"name\":\"Metalnex 360&ordm;\",\"description\":\"Tu sue&ntilde;a. Nosotros lean manufacturing\",\"potentialAction\":[{\"@type\":\"SearchAction\",\"target\":{\"@type\":\"EntryPoint\",\"urlTemplate\":\"https:\\\/\\\/metalnex.com\\\/?s={search_term_string}\"},\"query-input\":{\"@type\":\"PropertyValueSpecification\",\"valueRequired\":true,\"valueName\":\"search_term_string\"}}],\"inLanguage\":\"es\"}]}<\/script>\n<!-- \/ Yoast SEO plugin. -->","yoast_head_json":{"title":"209 30 01C L Z1 - Metalnex 360&ordm;","robots":{"index":"index","follow":"follow","max-snippet":"max-snippet:-1","max-image-preview":"max-image-preview:large","max-video-preview":"max-video-preview:-1"},"canonical":"https:\/\/metalnex.com\/index.php\/producto\/209-30-01c-l-z1\/","og_locale":"es_ES","og_type":"article","og_title":"209 30 01C L Z1 - Metalnex 360&ordm;","og_description":"Las fresas de un solo diente se utilizan normalmente con material de placa que se fija con dispositivos de sujeci\u00f3n por vac\u00edo:   \u2060La adherencia del material de la pieza se reduce significativamente por el pulido de la ranura  \u2060La h\u00e9lice baja reduce significativamente las fuerzas de tracci\u00f3n durante el fresado  \u2060Es posible alcanzar altas velocidades gracias a una geometr\u00eda de corte equilibrada  Las fresas son muy apropiadas para aleaciones de aluminio blandas y de viruta larga, as\u00ed como para pl\u00e1sticos y vidrio acr\u00edlico","og_url":"https:\/\/metalnex.com\/index.php\/producto\/209-30-01c-l-z1\/","og_site_name":"Metalnex 360&ordm;","article_modified_time":"2025-06-06T20:25:35+00:00","og_image":[{"width":400,"height":75,"url":"https:\/\/metalnex.com\/wp-content\/uploads\/2025\/02\/209-30-01C-.jpg","type":"image\/jpeg"}],"twitter_card":"summary_large_image","twitter_misc":{"Tiempo de lectura":"2 minutos"},"schema":{"@context":"https:\/\/schema.org","@graph":[{"@type":"WebPage","@id":"https:\/\/metalnex.com\/index.php\/producto\/209-30-01c-l-z1\/","url":"https:\/\/metalnex.com\/index.php\/producto\/209-30-01c-l-z1\/","name":"209 30 01C L Z1 - Metalnex 360&ordm;","isPartOf":{"@id":"https:\/\/metalnex.com\/#website"},"primaryImageOfPage":{"@id":"https:\/\/metalnex.com\/index.php\/producto\/209-30-01c-l-z1\/#primaryimage"},"image":{"@id":"https:\/\/metalnex.com\/index.php\/producto\/209-30-01c-l-z1\/#primaryimage"},"thumbnailUrl":"https:\/\/metalnex.com\/wp-content\/uploads\/2025\/02\/209-30-01C-.jpg","datePublished":"2025-02-17T16:38:51+00:00","dateModified":"2025-06-06T20:25:35+00:00","breadcrumb":{"@id":"https:\/\/metalnex.com\/index.php\/producto\/209-30-01c-l-z1\/#breadcrumb"},"inLanguage":"es","potentialAction":[{"@type":"ReadAction","target":["https:\/\/metalnex.com\/index.php\/producto\/209-30-01c-l-z1\/"]}]},{"@type":"ImageObject","inLanguage":"es","@id":"https:\/\/metalnex.com\/index.php\/producto\/209-30-01c-l-z1\/#primaryimage","url":"https:\/\/metalnex.com\/wp-content\/uploads\/2025\/02\/209-30-01C-.jpg","contentUrl":"https:\/\/metalnex.com\/wp-content\/uploads\/2025\/02\/209-30-01C-.jpg","width":400,"height":75},{"@type":"BreadcrumbList","@id":"https:\/\/metalnex.com\/index.php\/producto\/209-30-01c-l-z1\/#breadcrumb","itemListElement":[{"@type":"ListItem","position":1,"name":"Portada","item":"https:\/\/metalnex.com\/"},{"@type":"ListItem","position":2,"name":"Productos","item":"https:\/\/metalnex.com\/index.php\/shop\/"},{"@type":"ListItem","position":3,"name":"209 30 01C L Z1"}]},{"@type":"WebSite","@id":"https:\/\/metalnex.com\/#website","url":"https:\/\/metalnex.com\/","name":"Metalnex 360&ordm;","description":"Tu sue&ntilde;a. Nosotros lean manufacturing","potentialAction":[{"@type":"SearchAction","target":{"@type":"EntryPoint","urlTemplate":"https:\/\/metalnex.com\/?s={search_term_string}"},"query-input":{"@type":"PropertyValueSpecification","valueRequired":true,"valueName":"search_term_string"}}],"inLanguage":"es"}]}},"jetpack_sharing_enabled":true,"_links":{"self":[{"href":"https:\/\/metalnex.com\/index.php\/wp-json\/wp\/v2\/product\/4494","targetHints":{"allow":["GET"]}}],"collection":[{"href":"https:\/\/metalnex.com\/index.php\/wp-json\/wp\/v2\/product"}],"about":[{"href":"https:\/\/metalnex.com\/index.php\/wp-json\/wp\/v2\/types\/product"}],"replies":[{"embeddable":true,"href":"https:\/\/metalnex.com\/index.php\/wp-json\/wp\/v2\/comments?post=4494"}],"wp:featuredmedia":[{"embeddable":true,"href":"https:\/\/metalnex.com\/index.php\/wp-json\/wp\/v2\/media\/4496"}],"wp:attachment":[{"href":"https:\/\/metalnex.com\/index.php\/wp-json\/wp\/v2\/media?parent=4494"}],"wp:term":[{"taxonomy":"product_brand","embeddable":true,"href":"https:\/\/metalnex.com\/index.php\/wp-json\/wp\/v2\/product_brand?post=4494"},{"taxonomy":"product_cat","embeddable":true,"href":"https:\/\/metalnex.com\/index.php\/wp-json\/wp\/v2\/product_cat?post=4494"},{"taxonomy":"product_tag","embeddable":true,"href":"https:\/\/metalnex.com\/index.php\/wp-json\/wp\/v2\/product_tag?post=4494"}],"curies":[{"name":"wp","href":"https:\/\/api.w.org\/{rel}","templated":true}]}}