{"id":5479,"date":"2025-08-19T12:28:15","date_gmt":"2025-08-19T10:28:15","guid":{"rendered":"https:\/\/metalnex.com\/?page_id=5479"},"modified":"2025-10-09T17:39:30","modified_gmt":"2025-10-09T15:39:30","slug":"tienda-minisitio-tesa","status":"publish","type":"page","link":"https:\/\/metalnex.com\/index.php\/suministro-industrial\/marcas\/tienda-minisitio-tesa\/","title":{"rendered":"Tesa"},"content":{"rendered":"<div class=\"wpb-content-wrapper\"><p>[vc_row][vc_column][vc_cta h2=\u00bbTESA Technology\u00bb txt_align=\u00bbcenter\u00bb style=\u00bbcustom\u00bb css_animation=\u00bbtop-to-bottom\u00bb css=\u00bb\u00bb custom_background=\u00bb#072742&#8243; custom_text=\u00bb#ffffff\u00bb][\/vc_cta][\/vc_column][\/vc_row][vc_row][vc_column][vc_empty_space height=\u00bb20px\u00bb][vc_separator][\/vc_column][\/vc_row][vc_row][vc_column css_animation=\u00bbfadeIn\u00bb width=\u00bb1\/2&#8243; offset=\u00bbvc_hidden-sm vc_hidden-xs\u00bb][vc_single_image image=\u00bb5717&#8243; img_size=\u00bbfull\u00bb onclick=\u00bbcustom_link\u00bb css=\u00bb\u00bb link=\u00bbhttps:\/\/metalnex.com\/wp-content\/uploads\/2025\/10\/TESA-HITS-2025-2-ES-EUR.pdf\u00bb][\/vc_column][vc_column width=\u00bb1\/2&#8243; offset=\u00bbvc_hidden-sm vc_hidden-xs\u00bb][vc_single_image image=\u00bb5716&#8243; img_size=\u00bbfull\u00bb onclick=\u00bbcustom_link\u00bb css=\u00bb\u00bb link=\u00bbhttps:\/\/metalnex.com\/wp-content\/uploads\/2025\/10\/Promo-TESA-calbres-A4.pdf\u00bb][\/vc_column][\/vc_row][vc_row][vc_column css_animation=\u00bbfadeIn\u00bb offset=\u00bbvc_hidden-lg vc_hidden-md\u00bb][vc_single_image image=\u00bb5725&#8243; img_size=\u00bbfull\u00bb onclick=\u00bbcustom_link\u00bb css=\u00bb\u00bb link=\u00bbhttps:\/\/metalnex.com\/wp-content\/uploads\/2025\/10\/TESA-HITS-2025-2-ES-EUR.pdf\u00bb][vc_single_image image=\u00bb5723&#8243; img_size=\u00bbfull\u00bb onclick=\u00bbcustom_link\u00bb css=\u00bb\u00bb link=\u00bbhttps:\/\/metalnex.com\/wp-content\/uploads\/2025\/10\/Promo-TESA-calbres-A4.pdf\u00bb][\/vc_column][\/vc_row][vc_row][vc_column css_animation=\u00bbleft-to-right\u00bb width=\u00bb1\/2&#8243;][vc_single_image image=\u00bb5482&#8243; img_size=\u00bbfull\u00bb alignment=\u00bbcenter\u00bb css=\u00bb\u00bb][vc_empty_space height=\u00bb10px32px\u00bb][vc_column_text css=\u00bb\u00bb]TESA Technology es el referente suizo en instrumentos de medici\u00f3n dimensional desde 1941. Con m\u00e1s de 75 a\u00f1os de experiencia en micromec\u00e1nica, ofrece soluciones de alta precisi\u00f3n para talleres, laboratorios y entornos de producci\u00f3n industrial.<\/p>\n<p>Parte del grupo Hexagon desde 2001, destaca por su fiabilidad, calidad certificada y durabilidad en herramientas como pies de rey, micr\u00f3metros, comparadores e indicadores.[\/vc_column_text][\/vc_column][vc_column css_animation=\u00bbright-to-left\u00bb width=\u00bb1\/2&#8243;][vc_row_inner][vc_column_inner width=\u00bb1\/3&#8243;][vc_column_text css=\u00bb\u00bb]<\/p>\n<h3>PA\u00cdS<\/h3>\n<p>\ud83c\udde8\ud83c\udded Suiza[\/vc_column_text][\/vc_column_inner][vc_column_inner width=\u00bb1\/3&#8243;][vc_column_text css=\u00bb\u00bb]<\/p>\n<h3>CATEGOR\u00cdA<\/h3>\n<p>Metrolog\u00eda[\/vc_column_text][\/vc_column_inner][\/vc_row_inner][vc_row_inner][vc_column_inner width=\u00bb1\/2&#8243;][vc_column_text css=\u00bb\u00bb]<a href=\"https:\/\/metalnex.com\/wp-content\/uploads\/2025\/08\/Catalogo-pies-de-rey-ES.pdf\" target=\"_blank\" rel=\"noopener\"><img loading=\"lazy\" decoding=\"async\" class=\"wp-image-5491 alignleft\" src=\"https:\/\/metalnex.com\/wp-content\/uploads\/2025\/08\/Catalogo-pies-de-rey-ES-212x300.jpg\" alt=\"\" width=\"100\" height=\"141\" srcset=\"https:\/\/metalnex.com\/wp-content\/uploads\/2025\/08\/Catalogo-pies-de-rey-ES-212x300.jpg 212w, https:\/\/metalnex.com\/wp-content\/uploads\/2025\/08\/Catalogo-pies-de-rey-ES-724x1024.jpg 724w, https:\/\/metalnex.com\/wp-content\/uploads\/2025\/08\/Catalogo-pies-de-rey-ES-768x1086.jpg 768w, https:\/\/metalnex.com\/wp-content\/uploads\/2025\/08\/Catalogo-pies-de-rey-ES-1086x1536.jpg 1086w, https:\/\/metalnex.com\/wp-content\/uploads\/2025\/08\/Catalogo-pies-de-rey-ES-1448x2048.jpg 1448w, https:\/\/metalnex.com\/wp-content\/uploads\/2025\/08\/Catalogo-pies-de-rey-ES-600x849.jpg 600w, https:\/\/metalnex.com\/wp-content\/uploads\/2025\/08\/Catalogo-pies-de-rey-ES.jpg 1810w\" sizes=\"auto, (max-width: 100px) 100vw, 100px\" \/><\/a>[\/vc_column_text][vc_empty_space][\/vc_column_inner][\/vc_row_inner][vc_btn title=\u00bbDescarga el cat\u00e1logo\u00bb style=\u00bbcustom\u00bb custom_background=\u00bb#072742&#8243; custom_text=\u00bb#ffffff\u00bb align=\u00bbleft\u00bb css=\u00bb\u00bb link=\u00bburl:https%3A%2F%2Fmetalnex.com%2Fwp-content%2Fuploads%2F2025%2F08%2FCatalogo-pies-de-rey-ES.pdf\u00bb][\/vc_column][\/vc_row][vc_row][vc_column][vc_empty_space height=\u00bb20&#8243;][vc_custom_heading text=\u00bbConoce TESA Technology\u00bb font_container=\u00bbtag:h2|text_align:center\u00bb google_fonts=\u00bbfont_family:Quicksand%3A300%2Cregular%2C700|font_style:700%20bold%20regular%3A700%3Anormal\u00bb css=\u00bb\u00bb][vc_video link=\u00bbhttps:\/\/www.youtube.com\/watch?v=atED-yMK_Ks&amp;ab_channel=TESATechnology\u00bb el_width=\u00bb70&#8243; align=\u00bbcenter\u00bb css=\u00bb\u00bb][vc_empty_space height=\u00bb20&#8243;][\/vc_column][\/vc_row][vc_row][vc_column css_animation=\u00bbfadeIn\u00bb][vc_empty_space height=\u00bb50&#8243; el_id=\u00bb#productos\u00bb][vc_custom_heading text=\u00bbDestacamos de TESA\u00bb font_container=\u00bbtag:h1|text_align:left\u00bb google_fonts=\u00bbfont_family:Quicksand%3A300%2Cregular%2C700|font_style:700%20bold%20regular%3A700%3Anormal\u00bb css=\u00bb\u00bb][vc_empty_space height=\u00bb15&#8243;][vc_tta_accordion color=\u00bbturquoise\u00bb active_section=\u00bb0&#8243;][vc_tta_section title=\u00bbPies de rey\u00bb tab_id=\u00bb1755599685837-db8a7ade-5d5a\u00bb][vc_column_text css=\u00bb\u00bb]<img decoding=\"async\" src=\"https:\/\/tesatechnology.com\/images\/L\/BD%20photos\/05%2075%2085%20Pieds%20a%20coulisse\/05.30319.jpg\" \/><\/p>\n<p>Instrumentos indispensables por su simplicidad, manejo y robustez. Disponibles en versiones con nonio, esfera o digitales, incluyendo modelos de profundidad, universales, de taller y especiales.<br \/>\nDestacan por:<\/p>\n<ul>\n<li>Gu\u00edas lapeadas para deslizamiento suave y preciso<\/li>\n<li>Carcasas robustas con recubrimientos soft-touch para mayor ergonom\u00eda<\/li>\n<li>Modelos digitales con grado de protecci\u00f3n IP67, ideales para entornos exigentes<\/li>\n<li>Capacidad de exportaci\u00f3n de datos mediante conexi\u00f3n TLC (USB o Bluetooth) compatibles con TESA DATA-VIEWER y otros softwares de an\u00e1lisis<\/li>\n<\/ul>\n<p>[\/vc_column_text][\/vc_tta_section][vc_tta_section title=\u00bbMicr\u00f3metros (interiores y exteriores)\u00bb tab_id=\u00bb1755599685846-ee78ac7b-2c1a\u00bb][vc_column_text css=\u00bb\u00bb]<img loading=\"lazy\" decoding=\"async\" class=\"alignnone wp-image-5484\" src=\"https:\/\/metalnex.com\/wp-content\/uploads\/2025\/08\/Micrometros-interiores-y-exteriores-300x86.jpg\" alt=\"\" width=\"678\" height=\"194\" srcset=\"https:\/\/metalnex.com\/wp-content\/uploads\/2025\/08\/Micrometros-interiores-y-exteriores-300x86.jpg 300w, https:\/\/metalnex.com\/wp-content\/uploads\/2025\/08\/Micrometros-interiores-y-exteriores-1024x293.jpg 1024w, https:\/\/metalnex.com\/wp-content\/uploads\/2025\/08\/Micrometros-interiores-y-exteriores-768x220.jpg 768w, https:\/\/metalnex.com\/wp-content\/uploads\/2025\/08\/Micrometros-interiores-y-exteriores-1536x440.jpg 1536w, https:\/\/metalnex.com\/wp-content\/uploads\/2025\/08\/Micrometros-interiores-y-exteriores-600x172.jpg 600w, https:\/\/metalnex.com\/wp-content\/uploads\/2025\/08\/Micrometros-interiores-y-exteriores-350x100.jpg 350w, https:\/\/metalnex.com\/wp-content\/uploads\/2025\/08\/Micrometros-interiores-y-exteriores.jpg 1920w\" sizes=\"auto, (max-width: 678px) 100vw, 678px\" \/><\/p>\n<p>TESA IMICRO es la l\u00ednea de micr\u00f3metros internos que asegura mediciones estables sin influencia t\u00e9rmica.<br \/>\nCuentan tambi\u00e9n con versiones anal\u00f3gicas y digitales para exteriores, seg\u00fan necesidades del usuario.[\/vc_column_text][\/vc_tta_section][vc_tta_section title=\u00bbComparadores e indicadores de palanca\u00bb tab_id=\u00bb1755599757665-f4be21fb-b6bc\u00bb][vc_column_text css=\u00bb\u00bb]<img loading=\"lazy\" decoding=\"async\" class=\"\" src=\"https:\/\/tesatechnology.com\/images\/L\/BD%20photos\/14%2019%20Comparateurs\/01930320.jpg\" width=\"370\" height=\"401\" \/><img loading=\"lazy\" decoding=\"async\" class=\"\" src=\"https:\/\/tesatechnology.com\/images\/L\/BD%20photos\/18%2074%20Indicateurs%20a%20levier\/01830004_1.jpg\" width=\"250\" height=\"402\" \/><\/p>\n<p>TESA IMICRO es la l\u00ednea de micr\u00f3metros internos que asegura mediciones estables sin influencia t\u00e9rmica.<br \/>\nCuentan tambi\u00e9n con versiones anal\u00f3gicas y digitales para exteriores, seg\u00fan necesidades del usuario.[\/vc_column_text][\/vc_tta_section][vc_tta_section title=\u00bbSoportes de medici\u00f3n y fijaciones\u00bb tab_id=\u00bb1755599773408-fef36154-12e8&#8243;][vc_column_text css=\u00bb\u00bb]<img loading=\"lazy\" decoding=\"async\" class=\"\" src=\"https:\/\/tesatechnology.com\/images\/L\/BD%20photos\/16%20Supports%20de%20mesure\/01639064_1.jpg\" width=\"371\" height=\"410\" \/><\/p>\n<p>La gama TESA incluye soportes robustos, columnas de medici\u00f3n (como MICRO\u2011HITE), que complementan cualquier estaci\u00f3n de trabajo o laboratorio, ofreciendo estabilidad y adaptabilidad.[\/vc_column_text][\/vc_tta_section][\/vc_tta_accordion][vc_empty_space height=\u00bb50&#8243;][\/vc_column][\/vc_row][vc_row][vc_column css_animation=\u00bbfadeIn\u00bb el_id=\u00bbtarifas\u00bb][vc_empty_space][vc_tta_tabs title_tag=\u00bbh1&#8243; section_title_tag=\u00bbh2&#8243; color=\u00bbpeacoc\u00bb spacing=\u00bb3&#8243; gap=\u00bb3&#8243; active_section=\u00bb2&#8243;][vc_tta_section title=\u00bbTarifas\u00bb tab_id=\u00bb1755599380370-0a47234c-27a0&#8243;][vc_column_text]Actualmente no hay tarifas disponibles.[\/vc_column_text][\/vc_tta_section][vc_tta_section title=\u00bbPromociones\u00bb tab_id=\u00bb1755599380385-28a06dc3-f34b\u00bb][vc_column_text]Actualmente no hay promociones disponibles.[\/vc_column_text][\/vc_tta_section][\/vc_tta_tabs][\/vc_column][\/vc_row][vc_row][vc_column][vc_empty_space height=\u00bb80px\u00bb][vc_custom_heading text=\u00bbCONOCE NUESTRO EQUIPO\u00bb font_container=\u00bbtag:h2|text_align:center\u00bb google_fonts=\u00bbfont_family:Quicksand%3A300%2Cregular%2C700|font_style:700%20bold%20regular%3A700%3Anormal\u00bb][vc_empty_space height=\u00bb35px\u00bb][vc_row_inner][vc_column_inner width=\u00bb1\/3&#8243;][vc_single_image image=\u00bb1134&#8243; img_size=\u00bb200X200&#8243; alignment=\u00bbcenter\u00bb onclick=\u00bbcustom_link\u00bb css_animation=\u00bbfadeIn\u00bb image_hovers=\u00bbfalse\u00bb link=\u00bbhttps:\/\/metalnex.com\/index.php\/departamento-administracion-ventas\/\u00bb][vc_column_text css_animation=\u00bbbottom-to-top\u00bb]<\/p>\n<p style=\"text-align: center;\"><b>Departamento Administraci\u00f3n-Ventas<\/b><\/p>\n<p>[\/vc_column_text][\/vc_column_inner][vc_column_inner width=\u00bb1\/3&#8243;][vc_single_image image=\u00bb1133&#8243; img_size=\u00bb200X200&#8243; alignment=\u00bbcenter\u00bb onclick=\u00bbcustom_link\u00bb css_animation=\u00bbfadeIn\u00bb image_hovers=\u00bbfalse\u00bb link=\u00bbhttps:\/\/metalnex.com\/index.php\/departamento-comercial\/\u00bb][vc_column_text css_animation=\u00bbbottom-to-top\u00bb]<\/p>\n<p style=\"text-align: center;\"><b>Departamento Comercial<\/b><\/p>\n<p>[\/vc_column_text][\/vc_column_inner][vc_column_inner width=\u00bb1\/3&#8243;][vc_single_image image=\u00bb1135&#8243; img_size=\u00bb200X200&#8243; alignment=\u00bbcenter\u00bb onclick=\u00bbcustom_link\u00bb css_animation=\u00bbfadeIn\u00bb image_hovers=\u00bbfalse\u00bb link=\u00bbhttps:\/\/metalnex.com\/index.php\/departamento-tecnico\/\u00bb][vc_column_text css_animation=\u00bbbottom-to-top\u00bb]<\/p>\n<p style=\"text-align: center;\"><b>Departamento T\u00e9cnico<\/b><\/p>\n<p>[\/vc_column_text][\/vc_column_inner][\/vc_row_inner][\/vc_column][\/vc_row]<\/p>\n<\/div>","protected":false},"excerpt":{"rendered":"<p>[vc_row][vc_column][vc_cta h2=\u00bbTESA Technology\u00bb txt_align=\u00bbcenter\u00bb style=\u00bbcustom\u00bb css_animation=\u00bbtop-to-bottom\u00bb css=\u00bb\u00bb custom_background=\u00bb#072742&#8243; custom_text=\u00bb#ffffff\u00bb][\/vc_cta][\/vc_column][\/vc_row][vc_row][vc_column][vc_empty_space height=\u00bb20px\u00bb][vc_separator][\/vc_column][\/vc_row][vc_row][vc_column css_animation=\u00bbfadeIn\u00bb width=\u00bb1\/2&#8243; offset=\u00bbvc_hidden-sm vc_hidden-xs\u00bb][vc_single_image image=\u00bb5717&#8243; img_size=\u00bbfull\u00bb onclick=\u00bbcustom_link\u00bb css=\u00bb\u00bb link=\u00bbhttps:\/\/metalnex.com\/wp-content\/uploads\/2025\/10\/TESA-HITS-2025-2-ES-EUR.pdf\u00bb][\/vc_column][vc_column width=\u00bb1\/2&#8243; offset=\u00bbvc_hidden-sm vc_hidden-xs\u00bb][vc_single_image image=\u00bb5716&#8243; img_size=\u00bbfull\u00bb onclick=\u00bbcustom_link\u00bb css=\u00bb\u00bb link=\u00bbhttps:\/\/metalnex.com\/wp-content\/uploads\/2025\/10\/Promo-TESA-calbres-A4.pdf\u00bb][\/vc_column][\/vc_row][vc_row][vc_column css_animation=\u00bbfadeIn\u00bb offset=\u00bbvc_hidden-lg vc_hidden-md\u00bb][vc_single_image image=\u00bb5725&#8243; img_size=\u00bbfull\u00bb onclick=\u00bbcustom_link\u00bb css=\u00bb\u00bb link=\u00bbhttps:\/\/metalnex.com\/wp-content\/uploads\/2025\/10\/TESA-HITS-2025-2-ES-EUR.pdf\u00bb][vc_single_image image=\u00bb5723&#8243; img_size=\u00bbfull\u00bb onclick=\u00bbcustom_link\u00bb css=\u00bb\u00bb link=\u00bbhttps:\/\/metalnex.com\/wp-content\/uploads\/2025\/10\/Promo-TESA-calbres-A4.pdf\u00bb][\/vc_column][\/vc_row][vc_row][vc_column css_animation=\u00bbleft-to-right\u00bb width=\u00bb1\/2&#8243;][vc_single_image image=\u00bb5482&#8243; img_size=\u00bbfull\u00bb alignment=\u00bbcenter\u00bb css=\u00bb\u00bb][vc_empty_space height=\u00bb10px32px\u00bb][vc_column_text css=\u00bb\u00bb]TESA Technology es el referente suizo en instrumentos&hellip;<\/p>\n","protected":false},"author":1,"featured_media":0,"parent":1053,"menu_order":0,"comment_status":"closed","ping_status":"closed","template":"","meta":{"_acf_changed":false,"footnotes":""},"class_list":["post-5479","page","type-page","status-publish","hentry","description-off"],"acf":[],"yoast_head":"<!-- This site is optimized with the Yoast SEO plugin v27.3 - https:\/\/yoast.com\/product\/yoast-seo-wordpress\/ -->\n<title>Tesa - Metalnex 360&ordm;<\/title>\n<meta name=\"robots\" content=\"index, follow, max-snippet:-1, max-image-preview:large, max-video-preview:-1\" \/>\n<link rel=\"canonical\" href=\"https:\/\/metalnex.com\/index.php\/suministro-industrial\/marcas\/tienda-minisitio-tesa\/\" \/>\n<meta property=\"og:locale\" content=\"es_ES\" \/>\n<meta property=\"og:type\" content=\"article\" \/>\n<meta property=\"og:title\" content=\"Tesa - Metalnex 360&ordm;\" \/>\n<meta property=\"og:description\" content=\"[vc_row][vc_column][vc_cta h2=\u00bbTESA Technology\u00bb txt_align=\u00bbcenter\u00bb style=\u00bbcustom\u00bb css_animation=\u00bbtop-to-bottom\u00bb css=\u00bb\u00bb custom_background=\u00bb#072742&#8243; custom_text=\u00bb#ffffff\u00bb][\/vc_cta][\/vc_column][\/vc_row][vc_row][vc_column][vc_empty_space height=\u00bb20px\u00bb][vc_separator][\/vc_column][\/vc_row][vc_row][vc_column css_animation=\u00bbfadeIn\u00bb width=\u00bb1\/2&#8243; offset=\u00bbvc_hidden-sm vc_hidden-xs\u00bb][vc_single_image image=\u00bb5717&#8243; img_size=\u00bbfull\u00bb onclick=\u00bbcustom_link\u00bb css=\u00bb\u00bb link=\u00bbhttps:\/\/metalnex.com\/wp-content\/uploads\/2025\/10\/TESA-HITS-2025-2-ES-EUR.pdf\u00bb][\/vc_column][vc_column width=\u00bb1\/2&#8243; offset=\u00bbvc_hidden-sm vc_hidden-xs\u00bb][vc_single_image image=\u00bb5716&#8243; img_size=\u00bbfull\u00bb onclick=\u00bbcustom_link\u00bb css=\u00bb\u00bb link=\u00bbhttps:\/\/metalnex.com\/wp-content\/uploads\/2025\/10\/Promo-TESA-calbres-A4.pdf\u00bb][\/vc_column][\/vc_row][vc_row][vc_column css_animation=\u00bbfadeIn\u00bb offset=\u00bbvc_hidden-lg vc_hidden-md\u00bb][vc_single_image image=\u00bb5725&#8243; img_size=\u00bbfull\u00bb onclick=\u00bbcustom_link\u00bb css=\u00bb\u00bb link=\u00bbhttps:\/\/metalnex.com\/wp-content\/uploads\/2025\/10\/TESA-HITS-2025-2-ES-EUR.pdf\u00bb][vc_single_image image=\u00bb5723&#8243; img_size=\u00bbfull\u00bb onclick=\u00bbcustom_link\u00bb css=\u00bb\u00bb link=\u00bbhttps:\/\/metalnex.com\/wp-content\/uploads\/2025\/10\/Promo-TESA-calbres-A4.pdf\u00bb][\/vc_column][\/vc_row][vc_row][vc_column css_animation=\u00bbleft-to-right\u00bb width=\u00bb1\/2&#8243;][vc_single_image image=\u00bb5482&#8243; img_size=\u00bbfull\u00bb alignment=\u00bbcenter\u00bb css=\u00bb\u00bb][vc_empty_space height=\u00bb10px32px\u00bb][vc_column_text css=\u00bb\u00bb]TESA Technology es el referente suizo en instrumentos&hellip;\" \/>\n<meta property=\"og:url\" content=\"https:\/\/metalnex.com\/index.php\/suministro-industrial\/marcas\/tienda-minisitio-tesa\/\" \/>\n<meta property=\"og:site_name\" content=\"Metalnex 360&ordm;\" \/>\n<meta property=\"article:modified_time\" content=\"2025-10-09T15:39:30+00:00\" \/>\n<meta property=\"og:image\" content=\"https:\/\/metalnex.com\/wp-content\/uploads\/2025\/08\/Catalogo-pies-de-rey-ES-212x300.jpg\" \/>\n<meta name=\"twitter:card\" content=\"summary_large_image\" \/>\n<meta name=\"twitter:label1\" content=\"Tiempo de lectura\" \/>\n\t<meta name=\"twitter:data1\" content=\"4 minutos\" \/>\n<script type=\"application\/ld+json\" class=\"yoast-schema-graph\">{\"@context\":\"https:\\\/\\\/schema.org\",\"@graph\":[{\"@type\":\"WebPage\",\"@id\":\"https:\\\/\\\/metalnex.com\\\/index.php\\\/suministro-industrial\\\/marcas\\\/tienda-minisitio-tesa\\\/\",\"url\":\"https:\\\/\\\/metalnex.com\\\/index.php\\\/suministro-industrial\\\/marcas\\\/tienda-minisitio-tesa\\\/\",\"name\":\"Tesa - Metalnex 360&ordm;\",\"isPartOf\":{\"@id\":\"https:\\\/\\\/metalnex.com\\\/#website\"},\"primaryImageOfPage\":{\"@id\":\"https:\\\/\\\/metalnex.com\\\/index.php\\\/suministro-industrial\\\/marcas\\\/tienda-minisitio-tesa\\\/#primaryimage\"},\"image\":{\"@id\":\"https:\\\/\\\/metalnex.com\\\/index.php\\\/suministro-industrial\\\/marcas\\\/tienda-minisitio-tesa\\\/#primaryimage\"},\"thumbnailUrl\":\"https:\\\/\\\/metalnex.com\\\/wp-content\\\/uploads\\\/2025\\\/08\\\/Catalogo-pies-de-rey-ES-212x300.jpg\",\"datePublished\":\"2025-08-19T10:28:15+00:00\",\"dateModified\":\"2025-10-09T15:39:30+00:00\",\"breadcrumb\":{\"@id\":\"https:\\\/\\\/metalnex.com\\\/index.php\\\/suministro-industrial\\\/marcas\\\/tienda-minisitio-tesa\\\/#breadcrumb\"},\"inLanguage\":\"es\",\"potentialAction\":[{\"@type\":\"ReadAction\",\"target\":[\"https:\\\/\\\/metalnex.com\\\/index.php\\\/suministro-industrial\\\/marcas\\\/tienda-minisitio-tesa\\\/\"]}]},{\"@type\":\"ImageObject\",\"inLanguage\":\"es\",\"@id\":\"https:\\\/\\\/metalnex.com\\\/index.php\\\/suministro-industrial\\\/marcas\\\/tienda-minisitio-tesa\\\/#primaryimage\",\"url\":\"https:\\\/\\\/metalnex.com\\\/wp-content\\\/uploads\\\/2025\\\/08\\\/Catalogo-pies-de-rey-ES.jpg\",\"contentUrl\":\"https:\\\/\\\/metalnex.com\\\/wp-content\\\/uploads\\\/2025\\\/08\\\/Catalogo-pies-de-rey-ES.jpg\",\"width\":1810,\"height\":2560},{\"@type\":\"BreadcrumbList\",\"@id\":\"https:\\\/\\\/metalnex.com\\\/index.php\\\/suministro-industrial\\\/marcas\\\/tienda-minisitio-tesa\\\/#breadcrumb\",\"itemListElement\":[{\"@type\":\"ListItem\",\"position\":1,\"name\":\"Portada\",\"item\":\"https:\\\/\\\/metalnex.com\\\/\"},{\"@type\":\"ListItem\",\"position\":2,\"name\":\"Suministro industrial\",\"item\":\"https:\\\/\\\/metalnex.com\\\/index.php\\\/suministro-industrial\\\/\"},{\"@type\":\"ListItem\",\"position\":3,\"name\":\"Marcas\",\"item\":\"https:\\\/\\\/metalnex.com\\\/index.php\\\/suministro-industrial\\\/marcas\\\/\"},{\"@type\":\"ListItem\",\"position\":4,\"name\":\"Tesa\"}]},{\"@type\":\"WebSite\",\"@id\":\"https:\\\/\\\/metalnex.com\\\/#website\",\"url\":\"https:\\\/\\\/metalnex.com\\\/\",\"name\":\"Metalnex 360&ordm;\",\"description\":\"Tu sue&ntilde;a. Nosotros lean manufacturing\",\"potentialAction\":[{\"@type\":\"SearchAction\",\"target\":{\"@type\":\"EntryPoint\",\"urlTemplate\":\"https:\\\/\\\/metalnex.com\\\/?s={search_term_string}\"},\"query-input\":{\"@type\":\"PropertyValueSpecification\",\"valueRequired\":true,\"valueName\":\"search_term_string\"}}],\"inLanguage\":\"es\"}]}<\/script>\n<!-- \/ Yoast SEO plugin. -->","yoast_head_json":{"title":"Tesa - Metalnex 360&ordm;","robots":{"index":"index","follow":"follow","max-snippet":"max-snippet:-1","max-image-preview":"max-image-preview:large","max-video-preview":"max-video-preview:-1"},"canonical":"https:\/\/metalnex.com\/index.php\/suministro-industrial\/marcas\/tienda-minisitio-tesa\/","og_locale":"es_ES","og_type":"article","og_title":"Tesa - Metalnex 360&ordm;","og_description":"[vc_row][vc_column][vc_cta h2=\u00bbTESA Technology\u00bb txt_align=\u00bbcenter\u00bb style=\u00bbcustom\u00bb css_animation=\u00bbtop-to-bottom\u00bb css=\u00bb\u00bb custom_background=\u00bb#072742&#8243; custom_text=\u00bb#ffffff\u00bb][\/vc_cta][\/vc_column][\/vc_row][vc_row][vc_column][vc_empty_space height=\u00bb20px\u00bb][vc_separator][\/vc_column][\/vc_row][vc_row][vc_column css_animation=\u00bbfadeIn\u00bb width=\u00bb1\/2&#8243; offset=\u00bbvc_hidden-sm vc_hidden-xs\u00bb][vc_single_image image=\u00bb5717&#8243; img_size=\u00bbfull\u00bb onclick=\u00bbcustom_link\u00bb css=\u00bb\u00bb link=\u00bbhttps:\/\/metalnex.com\/wp-content\/uploads\/2025\/10\/TESA-HITS-2025-2-ES-EUR.pdf\u00bb][\/vc_column][vc_column width=\u00bb1\/2&#8243; offset=\u00bbvc_hidden-sm vc_hidden-xs\u00bb][vc_single_image image=\u00bb5716&#8243; img_size=\u00bbfull\u00bb onclick=\u00bbcustom_link\u00bb css=\u00bb\u00bb link=\u00bbhttps:\/\/metalnex.com\/wp-content\/uploads\/2025\/10\/Promo-TESA-calbres-A4.pdf\u00bb][\/vc_column][\/vc_row][vc_row][vc_column css_animation=\u00bbfadeIn\u00bb offset=\u00bbvc_hidden-lg vc_hidden-md\u00bb][vc_single_image image=\u00bb5725&#8243; img_size=\u00bbfull\u00bb onclick=\u00bbcustom_link\u00bb css=\u00bb\u00bb link=\u00bbhttps:\/\/metalnex.com\/wp-content\/uploads\/2025\/10\/TESA-HITS-2025-2-ES-EUR.pdf\u00bb][vc_single_image image=\u00bb5723&#8243; img_size=\u00bbfull\u00bb onclick=\u00bbcustom_link\u00bb css=\u00bb\u00bb link=\u00bbhttps:\/\/metalnex.com\/wp-content\/uploads\/2025\/10\/Promo-TESA-calbres-A4.pdf\u00bb][\/vc_column][\/vc_row][vc_row][vc_column css_animation=\u00bbleft-to-right\u00bb width=\u00bb1\/2&#8243;][vc_single_image image=\u00bb5482&#8243; img_size=\u00bbfull\u00bb alignment=\u00bbcenter\u00bb css=\u00bb\u00bb][vc_empty_space height=\u00bb10px32px\u00bb][vc_column_text css=\u00bb\u00bb]TESA Technology es el referente suizo en instrumentos&hellip;","og_url":"https:\/\/metalnex.com\/index.php\/suministro-industrial\/marcas\/tienda-minisitio-tesa\/","og_site_name":"Metalnex 360&ordm;","article_modified_time":"2025-10-09T15:39:30+00:00","og_image":[{"url":"https:\/\/metalnex.com\/wp-content\/uploads\/2025\/08\/Catalogo-pies-de-rey-ES-212x300.jpg","type":"","width":"","height":""}],"twitter_card":"summary_large_image","twitter_misc":{"Tiempo de lectura":"4 minutos"},"schema":{"@context":"https:\/\/schema.org","@graph":[{"@type":"WebPage","@id":"https:\/\/metalnex.com\/index.php\/suministro-industrial\/marcas\/tienda-minisitio-tesa\/","url":"https:\/\/metalnex.com\/index.php\/suministro-industrial\/marcas\/tienda-minisitio-tesa\/","name":"Tesa - Metalnex 360&ordm;","isPartOf":{"@id":"https:\/\/metalnex.com\/#website"},"primaryImageOfPage":{"@id":"https:\/\/metalnex.com\/index.php\/suministro-industrial\/marcas\/tienda-minisitio-tesa\/#primaryimage"},"image":{"@id":"https:\/\/metalnex.com\/index.php\/suministro-industrial\/marcas\/tienda-minisitio-tesa\/#primaryimage"},"thumbnailUrl":"https:\/\/metalnex.com\/wp-content\/uploads\/2025\/08\/Catalogo-pies-de-rey-ES-212x300.jpg","datePublished":"2025-08-19T10:28:15+00:00","dateModified":"2025-10-09T15:39:30+00:00","breadcrumb":{"@id":"https:\/\/metalnex.com\/index.php\/suministro-industrial\/marcas\/tienda-minisitio-tesa\/#breadcrumb"},"inLanguage":"es","potentialAction":[{"@type":"ReadAction","target":["https:\/\/metalnex.com\/index.php\/suministro-industrial\/marcas\/tienda-minisitio-tesa\/"]}]},{"@type":"ImageObject","inLanguage":"es","@id":"https:\/\/metalnex.com\/index.php\/suministro-industrial\/marcas\/tienda-minisitio-tesa\/#primaryimage","url":"https:\/\/metalnex.com\/wp-content\/uploads\/2025\/08\/Catalogo-pies-de-rey-ES.jpg","contentUrl":"https:\/\/metalnex.com\/wp-content\/uploads\/2025\/08\/Catalogo-pies-de-rey-ES.jpg","width":1810,"height":2560},{"@type":"BreadcrumbList","@id":"https:\/\/metalnex.com\/index.php\/suministro-industrial\/marcas\/tienda-minisitio-tesa\/#breadcrumb","itemListElement":[{"@type":"ListItem","position":1,"name":"Portada","item":"https:\/\/metalnex.com\/"},{"@type":"ListItem","position":2,"name":"Suministro industrial","item":"https:\/\/metalnex.com\/index.php\/suministro-industrial\/"},{"@type":"ListItem","position":3,"name":"Marcas","item":"https:\/\/metalnex.com\/index.php\/suministro-industrial\/marcas\/"},{"@type":"ListItem","position":4,"name":"Tesa"}]},{"@type":"WebSite","@id":"https:\/\/metalnex.com\/#website","url":"https:\/\/metalnex.com\/","name":"Metalnex 360&ordm;","description":"Tu sue&ntilde;a. Nosotros lean manufacturing","potentialAction":[{"@type":"SearchAction","target":{"@type":"EntryPoint","urlTemplate":"https:\/\/metalnex.com\/?s={search_term_string}"},"query-input":{"@type":"PropertyValueSpecification","valueRequired":true,"valueName":"search_term_string"}}],"inLanguage":"es"}]}},"jetpack_sharing_enabled":true,"_links":{"self":[{"href":"https:\/\/metalnex.com\/index.php\/wp-json\/wp\/v2\/pages\/5479","targetHints":{"allow":["GET"]}}],"collection":[{"href":"https:\/\/metalnex.com\/index.php\/wp-json\/wp\/v2\/pages"}],"about":[{"href":"https:\/\/metalnex.com\/index.php\/wp-json\/wp\/v2\/types\/page"}],"author":[{"embeddable":true,"href":"https:\/\/metalnex.com\/index.php\/wp-json\/wp\/v2\/users\/1"}],"replies":[{"embeddable":true,"href":"https:\/\/metalnex.com\/index.php\/wp-json\/wp\/v2\/comments?post=5479"}],"version-history":[{"count":11,"href":"https:\/\/metalnex.com\/index.php\/wp-json\/wp\/v2\/pages\/5479\/revisions"}],"predecessor-version":[{"id":5782,"href":"https:\/\/metalnex.com\/index.php\/wp-json\/wp\/v2\/pages\/5479\/revisions\/5782"}],"up":[{"embeddable":true,"href":"https:\/\/metalnex.com\/index.php\/wp-json\/wp\/v2\/pages\/1053"}],"wp:attachment":[{"href":"https:\/\/metalnex.com\/index.php\/wp-json\/wp\/v2\/media?parent=5479"}],"curies":[{"name":"wp","href":"https:\/\/api.w.org\/{rel}","templated":true}]}}