{"id":5318,"date":"2025-08-08T11:16:28","date_gmt":"2025-08-08T09:16:28","guid":{"rendered":"https:\/\/metalnex.com\/?page_id=5318"},"modified":"2025-10-10T11:07:46","modified_gmt":"2025-10-10T09:07:46","slug":"tienda-minisitio-aixia","status":"publish","type":"page","link":"https:\/\/metalnex.com\/index.php\/suministro-industrial\/marcas\/tienda-minisitio-aixia\/","title":{"rendered":"Aixia"},"content":{"rendered":"<div class=\"wpb-content-wrapper\"><p>[vc_row][vc_column][vc_cta h2=\u00bbAixia\u00bb txt_align=\u00bbcenter\u00bb style=\u00bbcustom\u00bb css_animation=\u00bbtop-to-bottom\u00bb css=\u00bb\u00bb custom_background=\u00bb#072742&#8243; custom_text=\u00bb#ffffff\u00bb][\/vc_cta][\/vc_column][\/vc_row][vc_row][vc_column][vc_empty_space height=\u00bb20px\u00bb][vc_separator][\/vc_column][\/vc_row][vc_row][vc_column css_animation=\u00bbfadeIn\u00bb offset=\u00bbvc_hidden-lg vc_hidden-md vc_hidden-sm vc_hidden-xs\u00bb][vc_single_image img_size=\u00bbfull\u00bb alignment=\u00bbcenter\u00bb onclick=\u00bbcustom_link\u00bb img_link_target=\u00bb_blank\u00bb link=\u00bbhttps:\/\/metalnex.com\/wp-content\/uploads\/2023\/03\/hachenbach_katalog_de_es_23-3.pdf\u00bb][vc_empty_space][\/vc_column][\/vc_row][vc_row][vc_column css_animation=\u00bbfadeIn\u00bb offset=\u00bbvc_hidden-lg vc_hidden-md vc_hidden-sm vc_hidden-xs\u00bb][vc_single_image img_size=\u00bbfull\u00bb alignment=\u00bbcenter\u00bb onclick=\u00bbcustom_link\u00bb img_link_target=\u00bb_blank\u00bb link=\u00bbhttps:\/\/metalnex.com\/wp-content\/uploads\/2023\/03\/hachenbach_katalog_de_es_23-3.pdf\u00bb][vc_empty_space][\/vc_column][\/vc_row][vc_row][vc_column css_animation=\u00bbleft-to-right\u00bb width=\u00bb1\/2&#8243;][vc_single_image image=\u00bb5322&#8243; img_size=\u00bbfull\u00bb alignment=\u00bbcenter\u00bb css=\u00bb\u00bb][vc_empty_space height=\u00bb10px32px\u00bb][vc_column_text css=\u00bb\u00bb]<\/p>\n<p style=\"font-weight: 400;\"><span class=\"il\">Aixia<\/span>, S.A. naci\u00f3 en 1.974 apostando por el uso de la herramienta neum\u00e1tica en todas sus aplicaciones. Actualmente,\u00a0e<span class=\"gmail_default\">s<\/span>\u00a0una empresa de referencia en\u00a0e<span class=\"gmail_default\">l<\/span>\u00a0sector, siendo especialistas en la comercializaci\u00f3n y reparaci\u00f3n de herramientas neum\u00e1ticas, ofreciendo a nuestros clientes la m\u00e1xima\u00a0c<span class=\"gmail_default\">alidad<\/span>\u00a0y\u00a0s<span class=\"gmail_default\">ervicio<\/span>.<\/p>\n<p><span class=\"gmail_default\">Trabajan\u00a0<\/span>C<span class=\"gmail_default\">on una amplia<\/span>\u00a0gama de productos,<span class=\"gmail_default\">\u00a0<\/span>\u00a0<span class=\"gmail_default\">desde l<\/span>laves de impacto, atornilladores, remachadoras, taladros,<span class=\"gmail_default\">\u00a0hasta<\/span>\u00a0lijadoras<span class=\"gmail_default\">. Adem\u00e1s,<\/span>\u00a0m\u00e1s de 1.500 referencias de accesorios de alta calidad para llegar a un amplio abanico de aplicaciones en sectores como; automoci\u00f3n, mantenimiento y diferentes servicios industriales.<\/p>\n<p>[\/vc_column_text][\/vc_column][vc_column css_animation=\u00bbright-to-left\u00bb width=\u00bb1\/2&#8243;][vc_row_inner][vc_column_inner width=\u00bb1\/3&#8243;][vc_column_text css=\u00bb\u00bb]<\/p>\n<h3>PA\u00cdS<\/h3>\n<p>\ud83c\uddea\ud83c\uddf8 Espa\u00f1a[\/vc_column_text][\/vc_column_inner][vc_column_inner width=\u00bb1\/3&#8243;][vc_column_text css=\u00bb\u00bb]<\/p>\n<h3>CATEGOR\u00cdA<\/h3>\n<p>Herramienta neum\u00e1tica[\/vc_column_text][\/vc_column_inner][\/vc_row_inner][vc_row_inner][vc_column_inner width=\u00bb1\/2&#8243;][vc_column_text css=\u00bb\u00bb]<a href=\"https:\/\/metalnex.com\/wp-content\/uploads\/2025\/08\/CATALOGO-AIXIA-2025.pdf\" target=\"_blank\" rel=\"noopener\"><img loading=\"lazy\" decoding=\"async\" class=\"wp-image-5324 alignleft\" src=\"https:\/\/metalnex.com\/wp-content\/uploads\/2025\/08\/CATALOGO-AIXIA-2025-212x300.jpg\" alt=\"\" width=\"120\" height=\"170\" srcset=\"https:\/\/metalnex.com\/wp-content\/uploads\/2025\/08\/CATALOGO-AIXIA-2025-212x300.jpg 212w, https:\/\/metalnex.com\/wp-content\/uploads\/2025\/08\/CATALOGO-AIXIA-2025-724x1024.jpg 724w, https:\/\/metalnex.com\/wp-content\/uploads\/2025\/08\/CATALOGO-AIXIA-2025-768x1086.jpg 768w, https:\/\/metalnex.com\/wp-content\/uploads\/2025\/08\/CATALOGO-AIXIA-2025-1086x1536.jpg 1086w, https:\/\/metalnex.com\/wp-content\/uploads\/2025\/08\/CATALOGO-AIXIA-2025-1448x2048.jpg 1448w, https:\/\/metalnex.com\/wp-content\/uploads\/2025\/08\/CATALOGO-AIXIA-2025-600x849.jpg 600w, https:\/\/metalnex.com\/wp-content\/uploads\/2025\/08\/CATALOGO-AIXIA-2025.jpg 1810w\" sizes=\"auto, (max-width: 120px) 100vw, 120px\" \/><\/a>[\/vc_column_text][\/vc_column_inner][vc_column_inner width=\u00bb1\/2&#8243;][vc_column_text css=\u00bb\u00bb]<a href=\"https:\/\/metalnex.com\/wp-content\/uploads\/2025\/08\/catalogo-HIGH-TECH.pdf\" target=\"_blank\" rel=\"noopener\"><img loading=\"lazy\" decoding=\"async\" class=\" wp-image-5326 alignleft\" src=\"https:\/\/metalnex.com\/wp-content\/uploads\/2025\/08\/catalogo-HIGH-TECH-212x300.jpg\" alt=\"\" width=\"120\" height=\"169\" srcset=\"https:\/\/metalnex.com\/wp-content\/uploads\/2025\/08\/catalogo-HIGH-TECH-212x300.jpg 212w, https:\/\/metalnex.com\/wp-content\/uploads\/2025\/08\/catalogo-HIGH-TECH-724x1024.jpg 724w, https:\/\/metalnex.com\/wp-content\/uploads\/2025\/08\/catalogo-HIGH-TECH-768x1086.jpg 768w, https:\/\/metalnex.com\/wp-content\/uploads\/2025\/08\/catalogo-HIGH-TECH-1086x1536.jpg 1086w, https:\/\/metalnex.com\/wp-content\/uploads\/2025\/08\/catalogo-HIGH-TECH-1448x2048.jpg 1448w, https:\/\/metalnex.com\/wp-content\/uploads\/2025\/08\/catalogo-HIGH-TECH-600x849.jpg 600w, https:\/\/metalnex.com\/wp-content\/uploads\/2025\/08\/catalogo-HIGH-TECH.jpg 1810w\" sizes=\"auto, (max-width: 120px) 100vw, 120px\" \/><\/a>[\/vc_column_text][\/vc_column_inner][\/vc_row_inner][vc_row_inner][vc_column_inner width=\u00bb1\/2&#8243; css=\u00bb.vc_custom_1760087208844{padding-top: 20px !important;}\u00bb][vc_btn title=\u00bbDescubre todos los cat\u00e1logos\u00bb style=\u00bbcustom\u00bb custom_background=\u00bb#072742&#8243; custom_text=\u00bb#ffffff\u00bb align=\u00bbleft\u00bb css=\u00bb\u00bb link=\u00bburl:https%3A%2F%2Fmetalnex.com%2Findex.php%2Fcatalogos%2F%231686904883790-07698d73-111f|target:_blank\u00bb][\/vc_column_inner][\/vc_row_inner][\/vc_column][\/vc_row][vc_row][vc_column][vc_empty_space height=\u00bb20&#8243;][vc_custom_heading text=\u00bbConoce Aixia\u00bb font_container=\u00bbtag:h2|text_align:center\u00bb google_fonts=\u00bbfont_family:Quicksand%3A300%2Cregular%2C700|font_style:700%20bold%20regular%3A700%3Anormal\u00bb css=\u00bb\u00bb][vc_video link=\u00bbhttps:\/\/www.youtube.com\/watch?v=POHvEI8Fink\u00bb el_width=\u00bb70&#8243; align=\u00bbcenter\u00bb css=\u00bb\u00bb][vc_empty_space height=\u00bb20&#8243;][\/vc_column][\/vc_row][vc_row][vc_column css_animation=\u00bbfadeIn\u00bb offset=\u00bbvc_hidden-lg vc_hidden-md vc_hidden-sm vc_hidden-xs\u00bb][vc_empty_space height=\u00bb50&#8243; el_id=\u00bb#productos\u00bb][vc_custom_heading text=\u00bbPRODUCTOS\u00bb font_container=\u00bbtag:h1|text_align:left\u00bb google_fonts=\u00bbfont_family:Quicksand%3A300%2Cregular%2C700|font_style:700%20bold%20regular%3A700%3Anormal\u00bb][vc_empty_space height=\u00bb15&#8243;][vc_column_text]PR\u00d3XIMAMENTE[\/vc_column_text][vc_empty_space height=\u00bb50&#8243;][\/vc_column][\/vc_row][vc_row][vc_column css_animation=\u00bbfadeIn\u00bb el_id=\u00bbtarifas\u00bb][vc_empty_space][vc_tta_tabs title_tag=\u00bbh1&#8243; section_title_tag=\u00bbh2&#8243; color=\u00bbpeacoc\u00bb spacing=\u00bb3&#8243; gap=\u00bb3&#8243; active_section=\u00bb2&#8243;][vc_tta_section title=\u00bbTarifas\u00bb tab_id=\u00bb1679555919370-e988b7a1-9467&#8243;][vc_column_text]Actualmente no hay tarifas disponibles.[\/vc_column_text][\/vc_tta_section][vc_tta_section title=\u00bbPromociones\u00bb tab_id=\u00bb1679555933059-bedefbdd-2b59&#8243;][vc_column_text]Actualmente no hay promociones disponibles.[\/vc_column_text][\/vc_tta_section][\/vc_tta_tabs][\/vc_column][\/vc_row][vc_row][vc_column][vc_empty_space height=\u00bb80px\u00bb][vc_custom_heading text=\u00bbCONOCE NUESTRO EQUIPO\u00bb font_container=\u00bbtag:h2|text_align:center\u00bb google_fonts=\u00bbfont_family:Quicksand%3A300%2Cregular%2C700|font_style:700%20bold%20regular%3A700%3Anormal\u00bb][vc_empty_space height=\u00bb35px\u00bb][vc_row_inner][vc_column_inner width=\u00bb1\/3&#8243;][vc_single_image image=\u00bb1134&#8243; img_size=\u00bb200X200&#8243; alignment=\u00bbcenter\u00bb onclick=\u00bbcustom_link\u00bb css_animation=\u00bbfadeIn\u00bb image_hovers=\u00bbfalse\u00bb link=\u00bbhttps:\/\/metalnex.com\/index.php\/departamento-administracion-ventas\/\u00bb][vc_column_text css_animation=\u00bbbottom-to-top\u00bb]<\/p>\n<p style=\"text-align: center;\"><b>Departamento Administraci\u00f3n-Ventas<\/b><\/p>\n<p>[\/vc_column_text][\/vc_column_inner][vc_column_inner width=\u00bb1\/3&#8243;][vc_single_image image=\u00bb1133&#8243; img_size=\u00bb200X200&#8243; alignment=\u00bbcenter\u00bb onclick=\u00bbcustom_link\u00bb css_animation=\u00bbfadeIn\u00bb image_hovers=\u00bbfalse\u00bb link=\u00bbhttps:\/\/metalnex.com\/index.php\/departamento-comercial\/\u00bb][vc_column_text css_animation=\u00bbbottom-to-top\u00bb]<\/p>\n<p style=\"text-align: center;\"><b>Departamento Comercial<\/b><\/p>\n<p>[\/vc_column_text][\/vc_column_inner][vc_column_inner width=\u00bb1\/3&#8243;][vc_single_image image=\u00bb1135&#8243; img_size=\u00bb200X200&#8243; alignment=\u00bbcenter\u00bb onclick=\u00bbcustom_link\u00bb css_animation=\u00bbfadeIn\u00bb image_hovers=\u00bbfalse\u00bb link=\u00bbhttps:\/\/metalnex.com\/index.php\/departamento-tecnico\/\u00bb][vc_column_text css_animation=\u00bbbottom-to-top\u00bb]<\/p>\n<p style=\"text-align: center;\"><b>Departamento T\u00e9cnico<\/b><\/p>\n<p>[\/vc_column_text][\/vc_column_inner][\/vc_row_inner][\/vc_column][\/vc_row]<\/p>\n<\/div>","protected":false},"excerpt":{"rendered":"<p>[vc_row][vc_column][vc_cta h2=\u00bbAixia\u00bb txt_align=\u00bbcenter\u00bb style=\u00bbcustom\u00bb css_animation=\u00bbtop-to-bottom\u00bb css=\u00bb\u00bb custom_background=\u00bb#072742&#8243; custom_text=\u00bb#ffffff\u00bb][\/vc_cta][\/vc_column][\/vc_row][vc_row][vc_column][vc_empty_space height=\u00bb20px\u00bb][vc_separator][\/vc_column][\/vc_row][vc_row][vc_column css_animation=\u00bbfadeIn\u00bb offset=\u00bbvc_hidden-lg vc_hidden-md vc_hidden-sm vc_hidden-xs\u00bb][vc_single_image img_size=\u00bbfull\u00bb alignment=\u00bbcenter\u00bb onclick=\u00bbcustom_link\u00bb img_link_target=\u00bb_blank\u00bb link=\u00bbhttps:\/\/metalnex.com\/wp-content\/uploads\/2023\/03\/hachenbach_katalog_de_es_23-3.pdf\u00bb][vc_empty_space][\/vc_column][\/vc_row][vc_row][vc_column css_animation=\u00bbfadeIn\u00bb offset=\u00bbvc_hidden-lg vc_hidden-md vc_hidden-sm vc_hidden-xs\u00bb][vc_single_image img_size=\u00bbfull\u00bb alignment=\u00bbcenter\u00bb onclick=\u00bbcustom_link\u00bb img_link_target=\u00bb_blank\u00bb link=\u00bbhttps:\/\/metalnex.com\/wp-content\/uploads\/2023\/03\/hachenbach_katalog_de_es_23-3.pdf\u00bb][vc_empty_space][\/vc_column][\/vc_row][vc_row][vc_column css_animation=\u00bbleft-to-right\u00bb width=\u00bb1\/2&#8243;][vc_single_image image=\u00bb5322&#8243; img_size=\u00bbfull\u00bb alignment=\u00bbcenter\u00bb css=\u00bb\u00bb][vc_empty_space height=\u00bb10px32px\u00bb][vc_column_text css=\u00bb\u00bb] Aixia, S.A. naci\u00f3 en 1.974 apostando por el uso de la herramienta neum\u00e1tica en todas sus aplicaciones. Actualmente,\u00a0es\u00a0una&hellip;<\/p>\n","protected":false},"author":1,"featured_media":0,"parent":1053,"menu_order":0,"comment_status":"closed","ping_status":"closed","template":"","meta":{"_acf_changed":false,"footnotes":""},"class_list":["post-5318","page","type-page","status-publish","hentry","description-off"],"acf":[],"yoast_head":"<!-- This site is optimized with the Yoast SEO plugin v27.4 - https:\/\/yoast.com\/product\/yoast-seo-wordpress\/ -->\n<title>Aixia - Metalnex 360&ordm;<\/title>\n<meta name=\"robots\" content=\"index, follow, max-snippet:-1, max-image-preview:large, max-video-preview:-1\" \/>\n<link rel=\"canonical\" href=\"https:\/\/metalnex.com\/index.php\/suministro-industrial\/marcas\/tienda-minisitio-aixia\/\" \/>\n<meta property=\"og:locale\" content=\"es_ES\" \/>\n<meta property=\"og:type\" content=\"article\" \/>\n<meta property=\"og:title\" content=\"Aixia - Metalnex 360&ordm;\" \/>\n<meta property=\"og:description\" content=\"[vc_row][vc_column][vc_cta h2=\u00bbAixia\u00bb txt_align=\u00bbcenter\u00bb style=\u00bbcustom\u00bb css_animation=\u00bbtop-to-bottom\u00bb css=\u00bb\u00bb custom_background=\u00bb#072742&#8243; custom_text=\u00bb#ffffff\u00bb][\/vc_cta][\/vc_column][\/vc_row][vc_row][vc_column][vc_empty_space height=\u00bb20px\u00bb][vc_separator][\/vc_column][\/vc_row][vc_row][vc_column css_animation=\u00bbfadeIn\u00bb offset=\u00bbvc_hidden-lg vc_hidden-md vc_hidden-sm vc_hidden-xs\u00bb][vc_single_image img_size=\u00bbfull\u00bb alignment=\u00bbcenter\u00bb onclick=\u00bbcustom_link\u00bb img_link_target=\u00bb_blank\u00bb link=\u00bbhttps:\/\/metalnex.com\/wp-content\/uploads\/2023\/03\/hachenbach_katalog_de_es_23-3.pdf\u00bb][vc_empty_space][\/vc_column][\/vc_row][vc_row][vc_column css_animation=\u00bbfadeIn\u00bb offset=\u00bbvc_hidden-lg vc_hidden-md vc_hidden-sm vc_hidden-xs\u00bb][vc_single_image img_size=\u00bbfull\u00bb alignment=\u00bbcenter\u00bb onclick=\u00bbcustom_link\u00bb img_link_target=\u00bb_blank\u00bb link=\u00bbhttps:\/\/metalnex.com\/wp-content\/uploads\/2023\/03\/hachenbach_katalog_de_es_23-3.pdf\u00bb][vc_empty_space][\/vc_column][\/vc_row][vc_row][vc_column css_animation=\u00bbleft-to-right\u00bb width=\u00bb1\/2&#8243;][vc_single_image image=\u00bb5322&#8243; img_size=\u00bbfull\u00bb alignment=\u00bbcenter\u00bb css=\u00bb\u00bb][vc_empty_space height=\u00bb10px32px\u00bb][vc_column_text css=\u00bb\u00bb] Aixia, S.A. naci\u00f3 en 1.974 apostando por el uso de la herramienta neum\u00e1tica en todas sus aplicaciones. Actualmente,\u00a0es\u00a0una&hellip;\" \/>\n<meta property=\"og:url\" content=\"https:\/\/metalnex.com\/index.php\/suministro-industrial\/marcas\/tienda-minisitio-aixia\/\" \/>\n<meta property=\"og:site_name\" content=\"Metalnex 360&ordm;\" \/>\n<meta property=\"article:modified_time\" content=\"2025-10-10T09:07:46+00:00\" \/>\n<meta property=\"og:image\" content=\"https:\/\/metalnex.com\/wp-content\/uploads\/2025\/08\/CATALOGO-AIXIA-2025-212x300.jpg\" \/>\n<meta name=\"twitter:card\" content=\"summary_large_image\" \/>\n<meta name=\"twitter:label1\" content=\"Tiempo de lectura\" \/>\n\t<meta name=\"twitter:data1\" content=\"2 minutos\" \/>\n<script type=\"application\/ld+json\" class=\"yoast-schema-graph\">{\"@context\":\"https:\\\/\\\/schema.org\",\"@graph\":[{\"@type\":\"WebPage\",\"@id\":\"https:\\\/\\\/metalnex.com\\\/index.php\\\/suministro-industrial\\\/marcas\\\/tienda-minisitio-aixia\\\/\",\"url\":\"https:\\\/\\\/metalnex.com\\\/index.php\\\/suministro-industrial\\\/marcas\\\/tienda-minisitio-aixia\\\/\",\"name\":\"Aixia - Metalnex 360&ordm;\",\"isPartOf\":{\"@id\":\"https:\\\/\\\/metalnex.com\\\/#website\"},\"primaryImageOfPage\":{\"@id\":\"https:\\\/\\\/metalnex.com\\\/index.php\\\/suministro-industrial\\\/marcas\\\/tienda-minisitio-aixia\\\/#primaryimage\"},\"image\":{\"@id\":\"https:\\\/\\\/metalnex.com\\\/index.php\\\/suministro-industrial\\\/marcas\\\/tienda-minisitio-aixia\\\/#primaryimage\"},\"thumbnailUrl\":\"https:\\\/\\\/metalnex.com\\\/wp-content\\\/uploads\\\/2025\\\/08\\\/CATALOGO-AIXIA-2025-212x300.jpg\",\"datePublished\":\"2025-08-08T09:16:28+00:00\",\"dateModified\":\"2025-10-10T09:07:46+00:00\",\"breadcrumb\":{\"@id\":\"https:\\\/\\\/metalnex.com\\\/index.php\\\/suministro-industrial\\\/marcas\\\/tienda-minisitio-aixia\\\/#breadcrumb\"},\"inLanguage\":\"es\",\"potentialAction\":[{\"@type\":\"ReadAction\",\"target\":[\"https:\\\/\\\/metalnex.com\\\/index.php\\\/suministro-industrial\\\/marcas\\\/tienda-minisitio-aixia\\\/\"]}]},{\"@type\":\"ImageObject\",\"inLanguage\":\"es\",\"@id\":\"https:\\\/\\\/metalnex.com\\\/index.php\\\/suministro-industrial\\\/marcas\\\/tienda-minisitio-aixia\\\/#primaryimage\",\"url\":\"https:\\\/\\\/metalnex.com\\\/wp-content\\\/uploads\\\/2025\\\/08\\\/CATALOGO-AIXIA-2025.jpg\",\"contentUrl\":\"https:\\\/\\\/metalnex.com\\\/wp-content\\\/uploads\\\/2025\\\/08\\\/CATALOGO-AIXIA-2025.jpg\",\"width\":1810,\"height\":2560},{\"@type\":\"BreadcrumbList\",\"@id\":\"https:\\\/\\\/metalnex.com\\\/index.php\\\/suministro-industrial\\\/marcas\\\/tienda-minisitio-aixia\\\/#breadcrumb\",\"itemListElement\":[{\"@type\":\"ListItem\",\"position\":1,\"name\":\"Portada\",\"item\":\"https:\\\/\\\/metalnex.com\\\/\"},{\"@type\":\"ListItem\",\"position\":2,\"name\":\"Suministro industrial\",\"item\":\"https:\\\/\\\/metalnex.com\\\/index.php\\\/suministro-industrial\\\/\"},{\"@type\":\"ListItem\",\"position\":3,\"name\":\"Marcas\",\"item\":\"https:\\\/\\\/metalnex.com\\\/index.php\\\/suministro-industrial\\\/marcas\\\/\"},{\"@type\":\"ListItem\",\"position\":4,\"name\":\"Aixia\"}]},{\"@type\":\"WebSite\",\"@id\":\"https:\\\/\\\/metalnex.com\\\/#website\",\"url\":\"https:\\\/\\\/metalnex.com\\\/\",\"name\":\"Metalnex 360&ordm;\",\"description\":\"Tu sue&ntilde;a. Nosotros lean manufacturing\",\"potentialAction\":[{\"@type\":\"SearchAction\",\"target\":{\"@type\":\"EntryPoint\",\"urlTemplate\":\"https:\\\/\\\/metalnex.com\\\/?s={search_term_string}\"},\"query-input\":{\"@type\":\"PropertyValueSpecification\",\"valueRequired\":true,\"valueName\":\"search_term_string\"}}],\"inLanguage\":\"es\"}]}<\/script>\n<!-- \/ Yoast SEO plugin. -->","yoast_head_json":{"title":"Aixia - Metalnex 360&ordm;","robots":{"index":"index","follow":"follow","max-snippet":"max-snippet:-1","max-image-preview":"max-image-preview:large","max-video-preview":"max-video-preview:-1"},"canonical":"https:\/\/metalnex.com\/index.php\/suministro-industrial\/marcas\/tienda-minisitio-aixia\/","og_locale":"es_ES","og_type":"article","og_title":"Aixia - Metalnex 360&ordm;","og_description":"[vc_row][vc_column][vc_cta h2=\u00bbAixia\u00bb txt_align=\u00bbcenter\u00bb style=\u00bbcustom\u00bb css_animation=\u00bbtop-to-bottom\u00bb css=\u00bb\u00bb custom_background=\u00bb#072742&#8243; custom_text=\u00bb#ffffff\u00bb][\/vc_cta][\/vc_column][\/vc_row][vc_row][vc_column][vc_empty_space height=\u00bb20px\u00bb][vc_separator][\/vc_column][\/vc_row][vc_row][vc_column css_animation=\u00bbfadeIn\u00bb offset=\u00bbvc_hidden-lg vc_hidden-md vc_hidden-sm vc_hidden-xs\u00bb][vc_single_image img_size=\u00bbfull\u00bb alignment=\u00bbcenter\u00bb onclick=\u00bbcustom_link\u00bb img_link_target=\u00bb_blank\u00bb link=\u00bbhttps:\/\/metalnex.com\/wp-content\/uploads\/2023\/03\/hachenbach_katalog_de_es_23-3.pdf\u00bb][vc_empty_space][\/vc_column][\/vc_row][vc_row][vc_column css_animation=\u00bbfadeIn\u00bb offset=\u00bbvc_hidden-lg vc_hidden-md vc_hidden-sm vc_hidden-xs\u00bb][vc_single_image img_size=\u00bbfull\u00bb alignment=\u00bbcenter\u00bb onclick=\u00bbcustom_link\u00bb img_link_target=\u00bb_blank\u00bb link=\u00bbhttps:\/\/metalnex.com\/wp-content\/uploads\/2023\/03\/hachenbach_katalog_de_es_23-3.pdf\u00bb][vc_empty_space][\/vc_column][\/vc_row][vc_row][vc_column css_animation=\u00bbleft-to-right\u00bb width=\u00bb1\/2&#8243;][vc_single_image image=\u00bb5322&#8243; img_size=\u00bbfull\u00bb alignment=\u00bbcenter\u00bb css=\u00bb\u00bb][vc_empty_space height=\u00bb10px32px\u00bb][vc_column_text css=\u00bb\u00bb] Aixia, S.A. naci\u00f3 en 1.974 apostando por el uso de la herramienta neum\u00e1tica en todas sus aplicaciones. Actualmente,\u00a0es\u00a0una&hellip;","og_url":"https:\/\/metalnex.com\/index.php\/suministro-industrial\/marcas\/tienda-minisitio-aixia\/","og_site_name":"Metalnex 360&ordm;","article_modified_time":"2025-10-10T09:07:46+00:00","og_image":[{"url":"https:\/\/metalnex.com\/wp-content\/uploads\/2025\/08\/CATALOGO-AIXIA-2025-212x300.jpg","type":"","width":"","height":""}],"twitter_card":"summary_large_image","twitter_misc":{"Tiempo de lectura":"2 minutos"},"schema":{"@context":"https:\/\/schema.org","@graph":[{"@type":"WebPage","@id":"https:\/\/metalnex.com\/index.php\/suministro-industrial\/marcas\/tienda-minisitio-aixia\/","url":"https:\/\/metalnex.com\/index.php\/suministro-industrial\/marcas\/tienda-minisitio-aixia\/","name":"Aixia - Metalnex 360&ordm;","isPartOf":{"@id":"https:\/\/metalnex.com\/#website"},"primaryImageOfPage":{"@id":"https:\/\/metalnex.com\/index.php\/suministro-industrial\/marcas\/tienda-minisitio-aixia\/#primaryimage"},"image":{"@id":"https:\/\/metalnex.com\/index.php\/suministro-industrial\/marcas\/tienda-minisitio-aixia\/#primaryimage"},"thumbnailUrl":"https:\/\/metalnex.com\/wp-content\/uploads\/2025\/08\/CATALOGO-AIXIA-2025-212x300.jpg","datePublished":"2025-08-08T09:16:28+00:00","dateModified":"2025-10-10T09:07:46+00:00","breadcrumb":{"@id":"https:\/\/metalnex.com\/index.php\/suministro-industrial\/marcas\/tienda-minisitio-aixia\/#breadcrumb"},"inLanguage":"es","potentialAction":[{"@type":"ReadAction","target":["https:\/\/metalnex.com\/index.php\/suministro-industrial\/marcas\/tienda-minisitio-aixia\/"]}]},{"@type":"ImageObject","inLanguage":"es","@id":"https:\/\/metalnex.com\/index.php\/suministro-industrial\/marcas\/tienda-minisitio-aixia\/#primaryimage","url":"https:\/\/metalnex.com\/wp-content\/uploads\/2025\/08\/CATALOGO-AIXIA-2025.jpg","contentUrl":"https:\/\/metalnex.com\/wp-content\/uploads\/2025\/08\/CATALOGO-AIXIA-2025.jpg","width":1810,"height":2560},{"@type":"BreadcrumbList","@id":"https:\/\/metalnex.com\/index.php\/suministro-industrial\/marcas\/tienda-minisitio-aixia\/#breadcrumb","itemListElement":[{"@type":"ListItem","position":1,"name":"Portada","item":"https:\/\/metalnex.com\/"},{"@type":"ListItem","position":2,"name":"Suministro industrial","item":"https:\/\/metalnex.com\/index.php\/suministro-industrial\/"},{"@type":"ListItem","position":3,"name":"Marcas","item":"https:\/\/metalnex.com\/index.php\/suministro-industrial\/marcas\/"},{"@type":"ListItem","position":4,"name":"Aixia"}]},{"@type":"WebSite","@id":"https:\/\/metalnex.com\/#website","url":"https:\/\/metalnex.com\/","name":"Metalnex 360&ordm;","description":"Tu sue&ntilde;a. Nosotros lean manufacturing","potentialAction":[{"@type":"SearchAction","target":{"@type":"EntryPoint","urlTemplate":"https:\/\/metalnex.com\/?s={search_term_string}"},"query-input":{"@type":"PropertyValueSpecification","valueRequired":true,"valueName":"search_term_string"}}],"inLanguage":"es"}]}},"jetpack_sharing_enabled":true,"_links":{"self":[{"href":"https:\/\/metalnex.com\/index.php\/wp-json\/wp\/v2\/pages\/5318","targetHints":{"allow":["GET"]}}],"collection":[{"href":"https:\/\/metalnex.com\/index.php\/wp-json\/wp\/v2\/pages"}],"about":[{"href":"https:\/\/metalnex.com\/index.php\/wp-json\/wp\/v2\/types\/page"}],"author":[{"embeddable":true,"href":"https:\/\/metalnex.com\/index.php\/wp-json\/wp\/v2\/users\/1"}],"replies":[{"embeddable":true,"href":"https:\/\/metalnex.com\/index.php\/wp-json\/wp\/v2\/comments?post=5318"}],"version-history":[{"count":7,"href":"https:\/\/metalnex.com\/index.php\/wp-json\/wp\/v2\/pages\/5318\/revisions"}],"predecessor-version":[{"id":5788,"href":"https:\/\/metalnex.com\/index.php\/wp-json\/wp\/v2\/pages\/5318\/revisions\/5788"}],"up":[{"embeddable":true,"href":"https:\/\/metalnex.com\/index.php\/wp-json\/wp\/v2\/pages\/1053"}],"wp:attachment":[{"href":"https:\/\/metalnex.com\/index.php\/wp-json\/wp\/v2\/media?parent=5318"}],"curies":[{"name":"wp","href":"https:\/\/api.w.org\/{rel}","templated":true}]}}