{"id":3832,"date":"2024-09-24T13:06:29","date_gmt":"2024-09-24T11:06:29","guid":{"rendered":"https:\/\/metalnex.com\/?page_id=3832"},"modified":"2025-10-09T17:13:25","modified_gmt":"2025-10-09T15:13:25","slug":"tienda-minisitio-gewefa","status":"publish","type":"page","link":"https:\/\/metalnex.com\/index.php\/suministro-industrial\/marcas\/tienda-minisitio-gewefa\/","title":{"rendered":"Gewefa"},"content":{"rendered":"<div class=\"wpb-content-wrapper\"><p>[vc_row][vc_column][vc_cta h2=\u00bbGewefa\u00bb txt_align=\u00bbcenter\u00bb style=\u00bbcustom\u00bb css_animation=\u00bbtop-to-bottom\u00bb css=\u00bb\u00bb custom_background=\u00bb#072742&#8243; custom_text=\u00bb#ffffff\u00bb][\/vc_cta][\/vc_column][\/vc_row][vc_row][vc_column][vc_empty_space height=\u00bb20px\u00bb][vc_separator][\/vc_column][\/vc_row][vc_row][vc_column css_animation=\u00bbleft-to-right\u00bb width=\u00bb1\/2&#8243;][vc_single_image image=\u00bb3871&#8243; img_size=\u00bbfull\u00bb alignment=\u00bbcenter\u00bb css=\u00bb\u00bb][vc_column_text css=\u00bb\u00bb]Gewefa es una empresa alemana especializada en la fabricaci\u00f3n y distribuci\u00f3n de herramientas de precisi\u00f3n. Destacan por la innovaci\u00f3n tecnol\u00f3gica y su capacidad para ofrecer soluciones personalizadas.[\/vc_column_text][vc_empty_space height=\u00bb10px32px\u00bb][vc_column_text][\/vc_column_text][\/vc_column][vc_column css_animation=\u00bbright-to-left\u00bb width=\u00bb1\/2&#8243;][vc_row_inner][vc_column_inner width=\u00bb1\/3&#8243;][vc_column_text]<\/p>\n<h3>PA\u00cdS<\/h3>\n<p>\ud83c\udde9\ud83c\uddea Alemania[\/vc_column_text][\/vc_column_inner][vc_column_inner width=\u00bb1\/3&#8243;][vc_column_text css=\u00bb\u00bb]<\/p>\n<h3>CATEGOR\u00cdA<\/h3>\n<p>Sujeci\u00f3n de Herramientas[\/vc_column_text][\/vc_column_inner][\/vc_row_inner][vc_row_inner][vc_column_inner width=\u00bb1\/2&#8243;][vc_column_text css=\u00bb\u00bb]<a href=\"https:\/\/metalnex.com\/wp-content\/uploads\/2024\/09\/MANDRIL-DE-ROSCADO.pdf\" target=\"_blank\" rel=\"noopener\"><img loading=\"lazy\" decoding=\"async\" class=\" wp-image-3914 alignleft\" src=\"https:\/\/metalnex.com\/wp-content\/uploads\/2024\/09\/MANDRIL-DE-ROSCADO.jpg\" alt=\"\" width=\"100\" height=\"142\" \/><\/a>[\/vc_column_text][vc_empty_space][vc_btn title=\u00bbVer los todos los cat\u00e1logos\u00bb style=\u00bbcustom\u00bb custom_background=\u00bb#072742&#8243; custom_text=\u00bb#ffffff\u00bb size=\u00bbsm\u00bb align=\u00bbleft\u00bb css=\u00bb\u00bb link=\u00bburl:https%3A%2F%2Fmetalnex.com%2Findex.php%2Fcatalogos%2F%231686904830593-8f66c7e4-3200|title:Cat%C3%A1logos|target:_blank\u00bb el_id=\u00bbproductos\u00bb][\/vc_column_inner][vc_column_inner width=\u00bb1\/2&#8243;][vc_column_text css=\u00bb\u00bb]<a href=\"https:\/\/metalnex.com\/wp-content\/uploads\/2024\/09\/GEWEFA-CATALOGO-METALNEX-1.pdf\" target=\"_blank\" rel=\"noopener\"><img loading=\"lazy\" decoding=\"async\" class=\"wp-image-3947 alignleft\" src=\"https:\/\/metalnex.com\/wp-content\/uploads\/2024\/09\/GEWEFA-CATALOG-METALNEX_ES-1.jpg\" alt=\"\" width=\"102\" height=\"144\" \/><\/a>[\/vc_column_text][vc_empty_space][vc_btn title=\u00bbVer presentaci\u00f3n Gewefa\u00bb style=\u00bbcustom\u00bb custom_background=\u00bb#072742&#8243; custom_text=\u00bb#ffffff\u00bb size=\u00bbsm\u00bb align=\u00bbleft\u00bb css=\u00bb\u00bb link=\u00bburl:https%3A%2F%2Fwww.canva.com%2Fdesign%2FDAGR13NIVfg%2FjwSiNlAcyJhbIUAxvF_3MQ%2Fview%3Futm_content%3DDAGR13NIVfg%26utm_campaign%3Ddesignshare%26utm_medium%3Dlink%26utm_source%3Deditor|title:Cat%C3%A1logos|target:_blank\u00bb][\/vc_column_inner][\/vc_row_inner][\/vc_column][\/vc_row][vc_row][vc_column css_animation=\u00bbfadeIn\u00bb offset=\u00bbvc_hidden-sm vc_hidden-xs\u00bb][vc_single_image image=\u00bb3937&#8243; img_size=\u00bbfull\u00bb alignment=\u00bbcenter\u00bb onclick=\u00bbcustom_link\u00bb img_link_target=\u00bb_blank\u00bb css=\u00bb\u00bb link=\u00bbhttps:\/\/metalnex.com\/wp-content\/uploads\/2024\/09\/GEWEFA-CATALOGO-METALNEX-1.pdf\u00bb][vc_empty_space][\/vc_column][\/vc_row][vc_row][vc_column css_animation=\u00bbfadeIn\u00bb offset=\u00bbvc_hidden-lg vc_hidden-md\u00bb][vc_single_image image=\u00bb3938&#8243; img_size=\u00bbfull\u00bb alignment=\u00bbcenter\u00bb onclick=\u00bbcustom_link\u00bb img_link_target=\u00bb_blank\u00bb css=\u00bb\u00bb link=\u00bbhttps:\/\/metalnex.com\/wp-content\/uploads\/2024\/09\/GEWEFA-CATALOGO-METALNEX-1.pdf\u00bb][vc_empty_space][\/vc_column][\/vc_row][vc_row][vc_column][vc_empty_space height=\u00bb20px\u00bb][vc_separator][\/vc_column][\/vc_row][vc_row][vc_column][vc_custom_heading text=\u00bbVentajas de las soluciones de Gewefa:\u00bb font_container=\u00bbtag:h3|text_align:left|color:%23072742&#8243; google_fonts=\u00bbfont_family:Quicksand%3A300%2Cregular%2C700|font_style:700%20bold%20regular%3A700%3Anormal\u00bb css=\u00bb\u00bb][vc_row_inner][vc_column_inner width=\u00bb1\/2&#8243;][vc_column_text css=\u00bb\u00bb]<\/p>\n<ul>\n<li><strong>Alta precisi\u00f3n<\/strong>: Sus herramientas de sujeci\u00f3n y portaherramientas est\u00e1n dise\u00f1adas para ofrecer un nivel superior de precisi\u00f3n en el mecanizado.<\/li>\n<li><strong>Durabilidad<\/strong>: Los productos est\u00e1n fabricados con materiales de alta calidad, garantizando una larga vida \u00fatil.<\/li>\n<\/ul>\n<p>[\/vc_column_text][\/vc_column_inner][vc_column_inner width=\u00bb1\/2&#8243;][vc_column_text css=\u00bb\u00bb]<\/p>\n<ul>\n<li><strong>Soluciones personalizadas<\/strong>: Ofrecen productos adaptados a las necesidades espec\u00edficas de los clientes.<\/li>\n<li><strong>Soporte t\u00e9cnico integral<\/strong>: Proveen mantenimiento y calibraci\u00f3n de sus productos, asegurando un rendimiento \u00f3ptimo.<\/li>\n<\/ul>\n<p>[\/vc_column_text][\/vc_column_inner][\/vc_row_inner][\/vc_column][\/vc_row][vc_row][vc_column][vc_empty_space height=\u00bb20px\u00bb][vc_separator][\/vc_column][\/vc_row][vc_row][vc_column css_animation=\u00bbfadeIn\u00bb offset=\u00bbvc_hidden-lg vc_hidden-md vc_hidden-sm vc_hidden-xs\u00bb][vc_empty_space height=\u00bb50&#8243; el_id=\u00bb#productos\u00bb][vc_custom_heading text=\u00bbPRODUCTOS\u00bb font_container=\u00bbtag:h1|text_align:left\u00bb google_fonts=\u00bbfont_family:Quicksand%3A300%2Cregular%2C700|font_style:700%20bold%20regular%3A700%3Anormal\u00bb][vc_empty_space height=\u00bb15&#8243;][vc_column_text]PR\u00d3XIMAMENTE[\/vc_column_text][vc_empty_space height=\u00bb50&#8243;][\/vc_column][\/vc_row][vc_row][vc_column video_bg=\u00bbyes\u00bb video_bg_url=\u00bbhttps:\/\/www.youtube.com\/watch?v=d5dcIJL1Anc\u00bb offset=\u00bbvc_hidden-lg vc_hidden-md vc_hidden-sm vc_hidden-xs\u00bb][vc_empty_space height=\u00bb500px\u00bb][\/vc_column][\/vc_row][vc_row][vc_column offset=\u00bbvc_hidden-lg vc_hidden-md vc_hidden-sm vc_hidden-xs\u00bb][vc_video link=\u00bbhttps:\/\/www.youtube.com\/watch?v=d5dcIJL1Anc\u00bb align=\u00bbcenter\u00bb][\/vc_column][\/vc_row][vc_row][vc_column css_animation=\u00bbfadeIn\u00bb el_id=\u00bbtarifas\u00bb][vc_empty_space][vc_tta_tabs title_tag=\u00bbh1&#8243; section_title_tag=\u00bbh2&#8243; color=\u00bbpeacoc\u00bb spacing=\u00bb3&#8243; gap=\u00bb3&#8243; active_section=\u00bb2&#8243;][vc_tta_section title=\u00bbTarifas\u00bb tab_id=\u00bb1679555919370-e988b7a1-9467&#8243;][vc_column_text]Actualmente no hay tarifas disponibles.[\/vc_column_text][\/vc_tta_section][vc_tta_section title=\u00bbPromociones\u00bb tab_id=\u00bb1679555933059-bedefbdd-2b59&#8243;][vc_column_text]Actualmente no hay promociones disponibles.[\/vc_column_text][\/vc_tta_section][\/vc_tta_tabs][\/vc_column][\/vc_row][vc_row][vc_column][vc_empty_space height=\u00bb80px\u00bb][vc_custom_heading text=\u00bbCONOCE NUESTRO EQUIPO\u00bb font_container=\u00bbtag:h2|text_align:center\u00bb google_fonts=\u00bbfont_family:Quicksand%3A300%2Cregular%2C700|font_style:700%20bold%20regular%3A700%3Anormal\u00bb][vc_empty_space height=\u00bb35px\u00bb][vc_row_inner][vc_column_inner width=\u00bb1\/3&#8243;][vc_single_image image=\u00bb1134&#8243; img_size=\u00bb200X200&#8243; alignment=\u00bbcenter\u00bb onclick=\u00bbcustom_link\u00bb css_animation=\u00bbfadeIn\u00bb image_hovers=\u00bbfalse\u00bb link=\u00bbhttps:\/\/metalnex.com\/index.php\/departamento-administracion-ventas\/\u00bb][vc_column_text css_animation=\u00bbbottom-to-top\u00bb]<\/p>\n<p style=\"text-align: center;\"><b>Departamento Administraci\u00f3n-Ventas<\/b><\/p>\n<p>[\/vc_column_text][\/vc_column_inner][vc_column_inner width=\u00bb1\/3&#8243;][vc_single_image image=\u00bb1133&#8243; img_size=\u00bb200X200&#8243; alignment=\u00bbcenter\u00bb onclick=\u00bbcustom_link\u00bb css_animation=\u00bbfadeIn\u00bb image_hovers=\u00bbfalse\u00bb link=\u00bbhttps:\/\/metalnex.com\/index.php\/departamento-comercial\/\u00bb][vc_column_text css_animation=\u00bbbottom-to-top\u00bb]<\/p>\n<p style=\"text-align: center;\"><b>Departamento Comercial<\/b><\/p>\n<p>[\/vc_column_text][\/vc_column_inner][vc_column_inner width=\u00bb1\/3&#8243;][vc_single_image image=\u00bb1135&#8243; img_size=\u00bb200X200&#8243; alignment=\u00bbcenter\u00bb onclick=\u00bbcustom_link\u00bb css_animation=\u00bbfadeIn\u00bb image_hovers=\u00bbfalse\u00bb link=\u00bbhttps:\/\/metalnex.com\/index.php\/departamento-tecnico\/\u00bb][vc_column_text css_animation=\u00bbbottom-to-top\u00bb]<\/p>\n<p style=\"text-align: center;\"><b>Departamento T\u00e9cnico<\/b><\/p>\n<p>[\/vc_column_text][\/vc_column_inner][\/vc_row_inner][\/vc_column][\/vc_row]<\/p>\n<\/div>","protected":false},"excerpt":{"rendered":"<p>[vc_row][vc_column][vc_cta h2=\u00bbGewefa\u00bb txt_align=\u00bbcenter\u00bb style=\u00bbcustom\u00bb css_animation=\u00bbtop-to-bottom\u00bb css=\u00bb\u00bb custom_background=\u00bb#072742&#8243; custom_text=\u00bb#ffffff\u00bb][\/vc_cta][\/vc_column][\/vc_row][vc_row][vc_column][vc_empty_space height=\u00bb20px\u00bb][vc_separator][\/vc_column][\/vc_row][vc_row][vc_column css_animation=\u00bbleft-to-right\u00bb width=\u00bb1\/2&#8243;][vc_single_image image=\u00bb3871&#8243; img_size=\u00bbfull\u00bb alignment=\u00bbcenter\u00bb css=\u00bb\u00bb][vc_column_text css=\u00bb\u00bb]Gewefa es una empresa alemana especializada en la fabricaci\u00f3n y distribuci\u00f3n de herramientas de precisi\u00f3n. Destacan por la innovaci\u00f3n tecnol\u00f3gica y su capacidad para ofrecer soluciones personalizadas.[\/vc_column_text][vc_empty_space height=\u00bb10px32px\u00bb][vc_column_text][\/vc_column_text][\/vc_column][vc_column css_animation=\u00bbright-to-left\u00bb width=\u00bb1\/2&#8243;][vc_row_inner][vc_column_inner width=\u00bb1\/3&#8243;][vc_column_text] PA\u00cdS \ud83c\udde9\ud83c\uddea Alemania[\/vc_column_text][\/vc_column_inner][vc_column_inner width=\u00bb1\/3&#8243;][vc_column_text css=\u00bb\u00bb] CATEGOR\u00cdA Sujeci\u00f3n de Herramientas[\/vc_column_text][\/vc_column_inner][\/vc_row_inner][vc_row_inner][vc_column_inner&hellip;<\/p>\n","protected":false},"author":1,"featured_media":0,"parent":1053,"menu_order":0,"comment_status":"closed","ping_status":"closed","template":"","meta":{"_acf_changed":false,"footnotes":""},"class_list":["post-3832","page","type-page","status-publish","hentry","description-off"],"acf":[],"yoast_head":"<!-- This site is optimized with the Yoast SEO plugin v27.4 - https:\/\/yoast.com\/product\/yoast-seo-wordpress\/ -->\n<title>Gewefa - Metalnex 360&ordm;<\/title>\n<meta name=\"robots\" content=\"index, follow, max-snippet:-1, max-image-preview:large, max-video-preview:-1\" \/>\n<link rel=\"canonical\" href=\"https:\/\/metalnex.com\/index.php\/suministro-industrial\/marcas\/tienda-minisitio-gewefa\/\" \/>\n<meta property=\"og:locale\" content=\"es_ES\" \/>\n<meta property=\"og:type\" content=\"article\" \/>\n<meta property=\"og:title\" content=\"Gewefa - Metalnex 360&ordm;\" \/>\n<meta property=\"og:description\" content=\"[vc_row][vc_column][vc_cta h2=\u00bbGewefa\u00bb txt_align=\u00bbcenter\u00bb style=\u00bbcustom\u00bb css_animation=\u00bbtop-to-bottom\u00bb css=\u00bb\u00bb custom_background=\u00bb#072742&#8243; custom_text=\u00bb#ffffff\u00bb][\/vc_cta][\/vc_column][\/vc_row][vc_row][vc_column][vc_empty_space height=\u00bb20px\u00bb][vc_separator][\/vc_column][\/vc_row][vc_row][vc_column css_animation=\u00bbleft-to-right\u00bb width=\u00bb1\/2&#8243;][vc_single_image image=\u00bb3871&#8243; img_size=\u00bbfull\u00bb alignment=\u00bbcenter\u00bb css=\u00bb\u00bb][vc_column_text css=\u00bb\u00bb]Gewefa es una empresa alemana especializada en la fabricaci\u00f3n y distribuci\u00f3n de herramientas de precisi\u00f3n. Destacan por la innovaci\u00f3n tecnol\u00f3gica y su capacidad para ofrecer soluciones personalizadas.[\/vc_column_text][vc_empty_space height=\u00bb10px32px\u00bb][vc_column_text][\/vc_column_text][\/vc_column][vc_column css_animation=\u00bbright-to-left\u00bb width=\u00bb1\/2&#8243;][vc_row_inner][vc_column_inner width=\u00bb1\/3&#8243;][vc_column_text] PA\u00cdS \ud83c\udde9\ud83c\uddea Alemania[\/vc_column_text][\/vc_column_inner][vc_column_inner width=\u00bb1\/3&#8243;][vc_column_text css=\u00bb\u00bb] CATEGOR\u00cdA Sujeci\u00f3n de Herramientas[\/vc_column_text][\/vc_column_inner][\/vc_row_inner][vc_row_inner][vc_column_inner&hellip;\" \/>\n<meta property=\"og:url\" content=\"https:\/\/metalnex.com\/index.php\/suministro-industrial\/marcas\/tienda-minisitio-gewefa\/\" \/>\n<meta property=\"og:site_name\" content=\"Metalnex 360&ordm;\" \/>\n<meta property=\"article:modified_time\" content=\"2025-10-09T15:13:25+00:00\" \/>\n<meta property=\"og:image\" content=\"https:\/\/metalnex.com\/wp-content\/uploads\/2024\/09\/MANDRIL-DE-ROSCADO.jpg\" \/>\n<meta name=\"twitter:card\" content=\"summary_large_image\" \/>\n<meta name=\"twitter:label1\" content=\"Tiempo de lectura\" \/>\n\t<meta name=\"twitter:data1\" content=\"3 minutos\" \/>\n<script type=\"application\/ld+json\" class=\"yoast-schema-graph\">{\"@context\":\"https:\\\/\\\/schema.org\",\"@graph\":[{\"@type\":\"WebPage\",\"@id\":\"https:\\\/\\\/metalnex.com\\\/index.php\\\/suministro-industrial\\\/marcas\\\/tienda-minisitio-gewefa\\\/\",\"url\":\"https:\\\/\\\/metalnex.com\\\/index.php\\\/suministro-industrial\\\/marcas\\\/tienda-minisitio-gewefa\\\/\",\"name\":\"Gewefa - Metalnex 360&ordm;\",\"isPartOf\":{\"@id\":\"https:\\\/\\\/metalnex.com\\\/#website\"},\"primaryImageOfPage\":{\"@id\":\"https:\\\/\\\/metalnex.com\\\/index.php\\\/suministro-industrial\\\/marcas\\\/tienda-minisitio-gewefa\\\/#primaryimage\"},\"image\":{\"@id\":\"https:\\\/\\\/metalnex.com\\\/index.php\\\/suministro-industrial\\\/marcas\\\/tienda-minisitio-gewefa\\\/#primaryimage\"},\"thumbnailUrl\":\"https:\\\/\\\/metalnex.com\\\/wp-content\\\/uploads\\\/2024\\\/09\\\/MANDRIL-DE-ROSCADO.jpg\",\"datePublished\":\"2024-09-24T11:06:29+00:00\",\"dateModified\":\"2025-10-09T15:13:25+00:00\",\"breadcrumb\":{\"@id\":\"https:\\\/\\\/metalnex.com\\\/index.php\\\/suministro-industrial\\\/marcas\\\/tienda-minisitio-gewefa\\\/#breadcrumb\"},\"inLanguage\":\"es\",\"potentialAction\":[{\"@type\":\"ReadAction\",\"target\":[\"https:\\\/\\\/metalnex.com\\\/index.php\\\/suministro-industrial\\\/marcas\\\/tienda-minisitio-gewefa\\\/\"]}]},{\"@type\":\"ImageObject\",\"inLanguage\":\"es\",\"@id\":\"https:\\\/\\\/metalnex.com\\\/index.php\\\/suministro-industrial\\\/marcas\\\/tienda-minisitio-gewefa\\\/#primaryimage\",\"url\":\"https:\\\/\\\/metalnex.com\\\/wp-content\\\/uploads\\\/2024\\\/09\\\/MANDRIL-DE-ROSCADO.jpg\",\"contentUrl\":\"https:\\\/\\\/metalnex.com\\\/wp-content\\\/uploads\\\/2024\\\/09\\\/MANDRIL-DE-ROSCADO.jpg\",\"width\":212,\"height\":300},{\"@type\":\"BreadcrumbList\",\"@id\":\"https:\\\/\\\/metalnex.com\\\/index.php\\\/suministro-industrial\\\/marcas\\\/tienda-minisitio-gewefa\\\/#breadcrumb\",\"itemListElement\":[{\"@type\":\"ListItem\",\"position\":1,\"name\":\"Portada\",\"item\":\"https:\\\/\\\/metalnex.com\\\/\"},{\"@type\":\"ListItem\",\"position\":2,\"name\":\"Suministro industrial\",\"item\":\"https:\\\/\\\/metalnex.com\\\/index.php\\\/suministro-industrial\\\/\"},{\"@type\":\"ListItem\",\"position\":3,\"name\":\"Marcas\",\"item\":\"https:\\\/\\\/metalnex.com\\\/index.php\\\/suministro-industrial\\\/marcas\\\/\"},{\"@type\":\"ListItem\",\"position\":4,\"name\":\"Gewefa\"}]},{\"@type\":\"WebSite\",\"@id\":\"https:\\\/\\\/metalnex.com\\\/#website\",\"url\":\"https:\\\/\\\/metalnex.com\\\/\",\"name\":\"Metalnex 360&ordm;\",\"description\":\"Tu sue&ntilde;a. Nosotros lean manufacturing\",\"potentialAction\":[{\"@type\":\"SearchAction\",\"target\":{\"@type\":\"EntryPoint\",\"urlTemplate\":\"https:\\\/\\\/metalnex.com\\\/?s={search_term_string}\"},\"query-input\":{\"@type\":\"PropertyValueSpecification\",\"valueRequired\":true,\"valueName\":\"search_term_string\"}}],\"inLanguage\":\"es\"}]}<\/script>\n<!-- \/ Yoast SEO plugin. -->","yoast_head_json":{"title":"Gewefa - Metalnex 360&ordm;","robots":{"index":"index","follow":"follow","max-snippet":"max-snippet:-1","max-image-preview":"max-image-preview:large","max-video-preview":"max-video-preview:-1"},"canonical":"https:\/\/metalnex.com\/index.php\/suministro-industrial\/marcas\/tienda-minisitio-gewefa\/","og_locale":"es_ES","og_type":"article","og_title":"Gewefa - Metalnex 360&ordm;","og_description":"[vc_row][vc_column][vc_cta h2=\u00bbGewefa\u00bb txt_align=\u00bbcenter\u00bb style=\u00bbcustom\u00bb css_animation=\u00bbtop-to-bottom\u00bb css=\u00bb\u00bb custom_background=\u00bb#072742&#8243; custom_text=\u00bb#ffffff\u00bb][\/vc_cta][\/vc_column][\/vc_row][vc_row][vc_column][vc_empty_space height=\u00bb20px\u00bb][vc_separator][\/vc_column][\/vc_row][vc_row][vc_column css_animation=\u00bbleft-to-right\u00bb width=\u00bb1\/2&#8243;][vc_single_image image=\u00bb3871&#8243; img_size=\u00bbfull\u00bb alignment=\u00bbcenter\u00bb css=\u00bb\u00bb][vc_column_text css=\u00bb\u00bb]Gewefa es una empresa alemana especializada en la fabricaci\u00f3n y distribuci\u00f3n de herramientas de precisi\u00f3n. Destacan por la innovaci\u00f3n tecnol\u00f3gica y su capacidad para ofrecer soluciones personalizadas.[\/vc_column_text][vc_empty_space height=\u00bb10px32px\u00bb][vc_column_text][\/vc_column_text][\/vc_column][vc_column css_animation=\u00bbright-to-left\u00bb width=\u00bb1\/2&#8243;][vc_row_inner][vc_column_inner width=\u00bb1\/3&#8243;][vc_column_text] PA\u00cdS \ud83c\udde9\ud83c\uddea Alemania[\/vc_column_text][\/vc_column_inner][vc_column_inner width=\u00bb1\/3&#8243;][vc_column_text css=\u00bb\u00bb] CATEGOR\u00cdA Sujeci\u00f3n de Herramientas[\/vc_column_text][\/vc_column_inner][\/vc_row_inner][vc_row_inner][vc_column_inner&hellip;","og_url":"https:\/\/metalnex.com\/index.php\/suministro-industrial\/marcas\/tienda-minisitio-gewefa\/","og_site_name":"Metalnex 360&ordm;","article_modified_time":"2025-10-09T15:13:25+00:00","og_image":[{"url":"https:\/\/metalnex.com\/wp-content\/uploads\/2024\/09\/MANDRIL-DE-ROSCADO.jpg","type":"","width":"","height":""}],"twitter_card":"summary_large_image","twitter_misc":{"Tiempo de lectura":"3 minutos"},"schema":{"@context":"https:\/\/schema.org","@graph":[{"@type":"WebPage","@id":"https:\/\/metalnex.com\/index.php\/suministro-industrial\/marcas\/tienda-minisitio-gewefa\/","url":"https:\/\/metalnex.com\/index.php\/suministro-industrial\/marcas\/tienda-minisitio-gewefa\/","name":"Gewefa - Metalnex 360&ordm;","isPartOf":{"@id":"https:\/\/metalnex.com\/#website"},"primaryImageOfPage":{"@id":"https:\/\/metalnex.com\/index.php\/suministro-industrial\/marcas\/tienda-minisitio-gewefa\/#primaryimage"},"image":{"@id":"https:\/\/metalnex.com\/index.php\/suministro-industrial\/marcas\/tienda-minisitio-gewefa\/#primaryimage"},"thumbnailUrl":"https:\/\/metalnex.com\/wp-content\/uploads\/2024\/09\/MANDRIL-DE-ROSCADO.jpg","datePublished":"2024-09-24T11:06:29+00:00","dateModified":"2025-10-09T15:13:25+00:00","breadcrumb":{"@id":"https:\/\/metalnex.com\/index.php\/suministro-industrial\/marcas\/tienda-minisitio-gewefa\/#breadcrumb"},"inLanguage":"es","potentialAction":[{"@type":"ReadAction","target":["https:\/\/metalnex.com\/index.php\/suministro-industrial\/marcas\/tienda-minisitio-gewefa\/"]}]},{"@type":"ImageObject","inLanguage":"es","@id":"https:\/\/metalnex.com\/index.php\/suministro-industrial\/marcas\/tienda-minisitio-gewefa\/#primaryimage","url":"https:\/\/metalnex.com\/wp-content\/uploads\/2024\/09\/MANDRIL-DE-ROSCADO.jpg","contentUrl":"https:\/\/metalnex.com\/wp-content\/uploads\/2024\/09\/MANDRIL-DE-ROSCADO.jpg","width":212,"height":300},{"@type":"BreadcrumbList","@id":"https:\/\/metalnex.com\/index.php\/suministro-industrial\/marcas\/tienda-minisitio-gewefa\/#breadcrumb","itemListElement":[{"@type":"ListItem","position":1,"name":"Portada","item":"https:\/\/metalnex.com\/"},{"@type":"ListItem","position":2,"name":"Suministro industrial","item":"https:\/\/metalnex.com\/index.php\/suministro-industrial\/"},{"@type":"ListItem","position":3,"name":"Marcas","item":"https:\/\/metalnex.com\/index.php\/suministro-industrial\/marcas\/"},{"@type":"ListItem","position":4,"name":"Gewefa"}]},{"@type":"WebSite","@id":"https:\/\/metalnex.com\/#website","url":"https:\/\/metalnex.com\/","name":"Metalnex 360&ordm;","description":"Tu sue&ntilde;a. Nosotros lean manufacturing","potentialAction":[{"@type":"SearchAction","target":{"@type":"EntryPoint","urlTemplate":"https:\/\/metalnex.com\/?s={search_term_string}"},"query-input":{"@type":"PropertyValueSpecification","valueRequired":true,"valueName":"search_term_string"}}],"inLanguage":"es"}]}},"jetpack_sharing_enabled":true,"_links":{"self":[{"href":"https:\/\/metalnex.com\/index.php\/wp-json\/wp\/v2\/pages\/3832","targetHints":{"allow":["GET"]}}],"collection":[{"href":"https:\/\/metalnex.com\/index.php\/wp-json\/wp\/v2\/pages"}],"about":[{"href":"https:\/\/metalnex.com\/index.php\/wp-json\/wp\/v2\/types\/page"}],"author":[{"embeddable":true,"href":"https:\/\/metalnex.com\/index.php\/wp-json\/wp\/v2\/users\/1"}],"replies":[{"embeddable":true,"href":"https:\/\/metalnex.com\/index.php\/wp-json\/wp\/v2\/comments?post=3832"}],"version-history":[{"count":17,"href":"https:\/\/metalnex.com\/index.php\/wp-json\/wp\/v2\/pages\/3832\/revisions"}],"predecessor-version":[{"id":5761,"href":"https:\/\/metalnex.com\/index.php\/wp-json\/wp\/v2\/pages\/3832\/revisions\/5761"}],"up":[{"embeddable":true,"href":"https:\/\/metalnex.com\/index.php\/wp-json\/wp\/v2\/pages\/1053"}],"wp:attachment":[{"href":"https:\/\/metalnex.com\/index.php\/wp-json\/wp\/v2\/media?parent=3832"}],"curies":[{"name":"wp","href":"https:\/\/api.w.org\/{rel}","templated":true}]}}