{"id":3811,"date":"2024-09-06T13:19:53","date_gmt":"2024-09-06T11:19:53","guid":{"rendered":"https:\/\/metalnex.com\/?page_id=3811"},"modified":"2024-09-06T13:19:53","modified_gmt":"2024-09-06T11:19:53","slug":"preguntas-frecuentes-faqs","status":"publish","type":"page","link":"https:\/\/metalnex.com\/index.php\/preguntas-frecuentes-faqs\/","title":{"rendered":"Preguntas Frecuentes &#8211; FAQs"},"content":{"rendered":"<div class=\"wpb-content-wrapper\"><p>[vc_row][vc_column][vc_tta_accordion][vc_tta_section title=\u00bb\u00bfQu\u00e9 servicios ofrece Metalnex?\u00bb tab_id=\u00bbservicosmetalnex\u00bb][vc_column_text css=\u00bb\u00bb]En Metalnex trabajamos en tres \u00e1reas: Suministro Industrial, servicios de Lean Manufacturing y servicios de Outsourcing Industrial.<\/p>\n<p>Trabajamos nuestras \u00e1reas de manera individualizada, pero a trav\u00e9s de nuestro<strong>\u00a0sistema 360\u00ba<\/strong>, ofrecemos a nuestros clientes un servicio global dentro del sector metalmec\u00e1nico. De esta forma contribuimos a mejorar la eficiencia en las empresas del sector metalmec\u00e1nico.[\/vc_column_text][\/vc_tta_section][vc_tta_section title=\u00bb\u00bfC\u00f3mo puede Metalnex ayudar a reducir costos de producci\u00f3n?\u00bb tab_id=\u00bbcostosproduccion\u00bb][vc_column_text css=\u00bb\u00bb]Realizamos un an\u00e1lisis detallado de los procesos de producci\u00f3n y aplicaciones de mecanizado, seleccionamos las herramientas m\u00e1s adecuadas para reducir costos y mejorar la eficiencia y, en caso necesario, fortalecemos tu cadena de producci\u00f3n poni\u00e9ndote en contacto con nuestra amplia red de colaboradores.[\/vc_column_text][\/vc_tta_section][vc_tta_section title=\u00bb\u00bfQu\u00e9 es Lean Manufacturing en Metalnex?\u00bb tab_id=\u00bbleanmanufacturing\u00bb][vc_column_text css=\u00bb\u00bb]Lean Manufacturing es un servicio que ofrecemos a empresas del sector metalmec\u00e1nico.<\/p>\n<p>Aplicamos esta filosof\u00eda, junto con la filosof\u00eda de las 5S, para potenciar la eficiencia y calidad en los entornos de trabajo.[\/vc_column_text][\/vc_tta_section][vc_tta_section title=\u00bb\u00bfQu\u00e9 tipos de herramientas y productos ofrece Metalnex?\u00bb tab_id=\u00bbservicios\u00bb][vc_column_text css=\u00bb\u00bb]Somos Suministro Industrial. Trabajamos s\u00f3lo con las mejores marcas, siempre enfocados en la alta calidad, la seguridad y la eficiencia.<\/p>\n<p>Somos un suministro industrial, pero estamos especializados en herramientas de corte, as\u00ed como en todos aquello que afecta a la herramienta (sujeci\u00f3n de pieza, sujeci\u00f3n de herramienta y herramienta l\u00edquida).<\/p>\n<p>Complementamos nuestro cat\u00e1logo de servicios con soluciones en Metrolog\u00eda, Repaso y Enmascarado, Dise\u00f1o y Fabricaci\u00f3n de Herramientas Especiales y Reafilado.[\/vc_column_text][\/vc_tta_section][vc_tta_section title=\u00bb\u00bfC\u00f3mo puedo contactar con Metalnex?\u00bb tab_id=\u00bbcontacto\u00bb][vc_column_text css=\u00bb\u00bb]Puedes contactar con nosotros a trav\u00e9s de metalnex.com, a trav\u00e9s de <a href=\"mailto:suministros@metalnex.com\">suministros@metalnex.com<\/a> o a trav\u00e9s de nuestros tel\u00e9fonos de contacto: <a href=\"tel:955 360 170\">955 360 170<\/a> \/ <a href=\"tel:658 52 67 11\">658 52 67 11<\/a> y a trav\u00e9s de <a href=\"http:\/\/wa.me:658526711\">WhatsApp<\/a>.[\/vc_column_text][\/vc_tta_section][vc_tta_section title=\u00bb\u00bfQu\u00e9 es el servicio de Outsourcing de Metalnex?\u00bb tab_id=\u00bboutsourcing\u00bb][vc_column_text css=\u00bb\u00bb]Es un servicio personalizado que complementa tu cadena de producci\u00f3n mediante la colaboraci\u00f3n con expertos en diversas \u00e1reas industriales.<\/p>\n<p>Creamos un protocolo espec\u00edfico para cada cliente, ofrecemos soluciones personalizadas si necesitas apoyo en la fabricaci\u00f3n externa y compras.[\/vc_column_text][\/vc_tta_section][vc_tta_section title=\u00bb\u00bfA qu\u00e9 nivel opera Metalnex?\u00bb tab_id=\u00bbterritorio\u00bb][vc_column_text css=\u00bb\u00bb]En Metalnex operamos a nivel Nacional, proporcionando nuestros servicios y productos en toda Espa\u00f1a.<\/p>\n<p>Puede <a href=\"https:\/\/metalnex.com\/index.php\/agendar-cita\/\">agendar una reuni\u00f3n<\/a> con nosotros en el siguiente enlace: <a href=\"https:\/\/metalnex.com\/index.php\/agendar-cita\/\">https:\/\/metalnex.com\/index.php\/agendar-cita\/<\/a>[\/vc_column_text][\/vc_tta_section][vc_tta_section title=\u00bb\u00bfMetalnex ofrece algo m\u00e1s que herramientas de corte?\u00bb tab_id=\u00bb1725621328393-210e5dc0-ef30&#8243;][vc_column_text css=\u00bb\u00bb]S\u00ed, Metalnex es un Suministro Industrial especializado en el sector mecanizado. Ofrecemos: herramientas de corte, sistemas de sujeci\u00f3n de piezas, sistemas de sujeci\u00f3n de herramientas, herramienta l\u00edquida, abrasivos, enmascarado, instrumentos de medici\u00f3n, maquinaria de limpieza, bombas y otros productos esenciales para las empresas de mecanizado.[\/vc_column_text][\/vc_tta_section][vc_tta_section title=\u00bb\u00bfQu\u00e9 servicios adicionales ofrece Metalnex adem\u00e1s del Suministro Industrial?\u00bb tab_id=\u00bb1725621351451-2559dfda-1932&#8243;][vc_column_text css=\u00bb\u00bb]Ofrecemos servicios de Lean Manufacturing y Outsourcing Industrial, enfocados en mejorar la eficiencia y reducir costos en las operaciones industriales.<\/p>\n<p>Adem\u00e1s, contamos con un Servicio Global, nuestro sistema 360\u00ba, ideado para mejorar la eficiencia en las empresas del sector metalmec\u00e1nico.[\/vc_column_text][\/vc_tta_section][vc_tta_section title=\u00bbMi empresa no se ubica en Sevilla, \u00bfC\u00f3mo puede Metalnex ayudarme?\u00bb tab_id=\u00bb1725621350993-a494c032-e1cf\u00bb][vc_column_text css=\u00bb\u00bb]Al operar a nivel nacional, en Metalnex podemos proporcionar soluciones r\u00e1pidas y personalizadas en cualquier parte de Espa\u00f1a, optimizando tus procesos productivos sin importar la ubicaci\u00f3n.<\/p>\n<p>Podemos reunirnos virtualmente, presencialmente,\u2026 dependiendo de cu\u00e1les sean sus necesidades.[\/vc_column_text][\/vc_tta_section][vc_tta_section title=\u00bb\u00bfQu\u00e9 servicios de mantenimiento ofrece Metalnex?\u00bb tab_id=\u00bb1725621402473-1391a5ad-ef12&#8243;][vc_column_text css=\u00bb\u00bb]Ofrecemos servicios de reafilado.[\/vc_column_text][\/vc_tta_section][vc_tta_section title=\u00bb\u00bfC\u00f3mo garantiza Metalnex la seguridad en sus productos y servicios?\u00bb tab_id=\u00bb1725621402012-bd38ccdd-69f6&#8243;][vc_column_text css=\u00bb\u00bb]En Metalnex priorizamos la seguridad mediante la selecci\u00f3n de productos de alta calidad, trabajando s\u00f3lo con las mejores marcas, y con el cumplimiento de normativas de seguridad en todas sus operaciones y servicios.[\/vc_column_text][\/vc_tta_section][vc_tta_section title=\u00bb\u00bfOfrece Metalnex productos de acero?\u00bb tab_id=\u00bb1725621459741-07d6f63a-e632&#8243;][vc_column_text css=\u00bb\u00bb]S\u00ed, principalmente herramientas de metal duro integral (carburo de tungsteno).[\/vc_column_text][\/vc_tta_section][vc_tta_section title=\u00bb\u00bfC\u00f3mo maneja Metalnex la Cadena de Suministro?\u00bb tab_id=\u00bb1725621459331-09d851d8-359e\u00bb][vc_column_text css=\u00bb\u00bb]En Metalnex optimizamos la cadena de Suministro Industrial a trav\u00e9s de soluciones personalizadas y eficientes, garantizando un suministro continuo de materiales y herramientas esenciales.[\/vc_column_text][\/vc_tta_section][vc_tta_section title=\u00bb\u00bfQu\u00e9 tipos de herramientas de corte ofrece Metalnex?\u00bb tab_id=\u00bb1725621500529-72282346-d288&#8243;][vc_column_text css=\u00bb\u00bb]Ofrecemos una variedad de herramientas de corte que incluyen fresas, brocas, machos, escariadores, avellanadores, mandrinos, sierras, etc. todas dise\u00f1adas para ofrecer precisi\u00f3n y durabilidad en diferentes aplicaciones industriales. Estas herramientas est\u00e1n disponibles para diversas necesidades de corte en metal, pl\u00e1stico y otros materiales, garantizando un rendimiento \u00f3ptimo en procesos de manufactura.[\/vc_column_text][\/vc_tta_section][vc_tta_section title=\u00bb\u00bfCu\u00e1les son las condiciones de pago en Metalnex?\u00bb tab_id=\u00bb1725621500241-c8dff708-a924&#8243;][vc_column_text css=\u00bb\u00bb]Ofrecemos diferentes modalidades de pago, incluyendo anticipado y financiado, seg\u00fan se acuerde en el contrato de venta.[\/vc_column_text][\/vc_tta_section][vc_tta_section title=\u00bb\u00bfCu\u00e1l es la pol\u00edtica de devoluciones en Metalnex?\u00bb tab_id=\u00bb1725621499916-b4a36a00-7af4&#8243;][vc_column_text css=\u00bb\u00bb]Las devoluciones deben ser autorizadas previamente y se aplican ciertas condiciones dependiendo del estado del producto y el tiempo transcurrido desde la compra.[\/vc_column_text][\/vc_tta_section][vc_tta_section title=\u00bb\u00bfQu\u00e9 sucede si hay un retraso en la entrega?\u00bb tab_id=\u00bb1725621553666-9650917b-7ca6&#8243;][vc_column_text css=\u00bb\u00bb]Nos comprometemos a minimizar los retrasos, pero en caso de ocurrir, trabajaremos contigo para resolver la situaci\u00f3n de la mejor manera posible.[\/vc_column_text][\/vc_tta_section][vc_tta_section title=\u00bb\u00bfQu\u00e9 garant\u00edas ofrecen los productos de Metalnex?\u00bb tab_id=\u00bb1725621553521-bfebdd74-e8e9&#8243;][vc_column_text css=\u00bb\u00bb]Todos nuestros productos est\u00e1n cubiertos por garant\u00edas que var\u00edan seg\u00fan el tipo de producto y el fabricante.[\/vc_column_text][\/vc_tta_section][\/vc_tta_accordion][\/vc_column][\/vc_row]<\/p>\n<\/div>","protected":false},"excerpt":{"rendered":"<p>[vc_row][vc_column][vc_tta_accordion][vc_tta_section title=\u00bb\u00bfQu\u00e9 servicios ofrece Metalnex?\u00bb tab_id=\u00bbservicosmetalnex\u00bb][vc_column_text css=\u00bb\u00bb]En Metalnex trabajamos en tres \u00e1reas: Suministro Industrial, servicios de Lean Manufacturing y servicios de Outsourcing Industrial. Trabajamos nuestras \u00e1reas de manera individualizada, pero a trav\u00e9s de nuestro\u00a0sistema 360\u00ba, ofrecemos a nuestros clientes un servicio global dentro del sector metalmec\u00e1nico. De esta forma contribuimos a mejorar la eficiencia en&hellip;<\/p>\n","protected":false},"author":55,"featured_media":0,"parent":0,"menu_order":0,"comment_status":"closed","ping_status":"closed","template":"","meta":{"_acf_changed":false,"footnotes":""},"class_list":["post-3811","page","type-page","status-publish","hentry","description-off"],"acf":[],"yoast_head":"<!-- This site is optimized with the Yoast SEO plugin v27.4 - https:\/\/yoast.com\/product\/yoast-seo-wordpress\/ -->\n<title>Preguntas Frecuentes - FAQs - Metalnex 360&ordm;<\/title>\n<meta name=\"robots\" content=\"index, follow, max-snippet:-1, max-image-preview:large, max-video-preview:-1\" \/>\n<link rel=\"canonical\" href=\"https:\/\/metalnex.com\/index.php\/preguntas-frecuentes-faqs\/\" \/>\n<meta property=\"og:locale\" content=\"es_ES\" \/>\n<meta property=\"og:type\" content=\"article\" \/>\n<meta property=\"og:title\" content=\"Preguntas Frecuentes - FAQs - Metalnex 360&ordm;\" \/>\n<meta property=\"og:description\" content=\"[vc_row][vc_column][vc_tta_accordion][vc_tta_section title=\u00bb\u00bfQu\u00e9 servicios ofrece Metalnex?\u00bb tab_id=\u00bbservicosmetalnex\u00bb][vc_column_text css=\u00bb\u00bb]En Metalnex trabajamos en tres \u00e1reas: Suministro Industrial, servicios de Lean Manufacturing y servicios de Outsourcing Industrial. Trabajamos nuestras \u00e1reas de manera individualizada, pero a trav\u00e9s de nuestro\u00a0sistema 360\u00ba, ofrecemos a nuestros clientes un servicio global dentro del sector metalmec\u00e1nico. De esta forma contribuimos a mejorar la eficiencia en&hellip;\" \/>\n<meta property=\"og:url\" content=\"https:\/\/metalnex.com\/index.php\/preguntas-frecuentes-faqs\/\" \/>\n<meta property=\"og:site_name\" content=\"Metalnex 360&ordm;\" \/>\n<meta name=\"twitter:card\" content=\"summary_large_image\" \/>\n<meta name=\"twitter:label1\" content=\"Tiempo de lectura\" \/>\n\t<meta name=\"twitter:data1\" content=\"4 minutos\" \/>\n<script type=\"application\/ld+json\" class=\"yoast-schema-graph\">{\"@context\":\"https:\\\/\\\/schema.org\",\"@graph\":[{\"@type\":\"WebPage\",\"@id\":\"https:\\\/\\\/metalnex.com\\\/index.php\\\/preguntas-frecuentes-faqs\\\/\",\"url\":\"https:\\\/\\\/metalnex.com\\\/index.php\\\/preguntas-frecuentes-faqs\\\/\",\"name\":\"Preguntas Frecuentes - FAQs - Metalnex 360&ordm;\",\"isPartOf\":{\"@id\":\"https:\\\/\\\/metalnex.com\\\/#website\"},\"datePublished\":\"2024-09-06T11:19:53+00:00\",\"breadcrumb\":{\"@id\":\"https:\\\/\\\/metalnex.com\\\/index.php\\\/preguntas-frecuentes-faqs\\\/#breadcrumb\"},\"inLanguage\":\"es\",\"potentialAction\":[{\"@type\":\"ReadAction\",\"target\":[\"https:\\\/\\\/metalnex.com\\\/index.php\\\/preguntas-frecuentes-faqs\\\/\"]}]},{\"@type\":\"BreadcrumbList\",\"@id\":\"https:\\\/\\\/metalnex.com\\\/index.php\\\/preguntas-frecuentes-faqs\\\/#breadcrumb\",\"itemListElement\":[{\"@type\":\"ListItem\",\"position\":1,\"name\":\"Portada\",\"item\":\"https:\\\/\\\/metalnex.com\\\/\"},{\"@type\":\"ListItem\",\"position\":2,\"name\":\"Preguntas Frecuentes &#8211; FAQs\"}]},{\"@type\":\"WebSite\",\"@id\":\"https:\\\/\\\/metalnex.com\\\/#website\",\"url\":\"https:\\\/\\\/metalnex.com\\\/\",\"name\":\"Metalnex 360&ordm;\",\"description\":\"Tu sue&ntilde;a. Nosotros lean manufacturing\",\"potentialAction\":[{\"@type\":\"SearchAction\",\"target\":{\"@type\":\"EntryPoint\",\"urlTemplate\":\"https:\\\/\\\/metalnex.com\\\/?s={search_term_string}\"},\"query-input\":{\"@type\":\"PropertyValueSpecification\",\"valueRequired\":true,\"valueName\":\"search_term_string\"}}],\"inLanguage\":\"es\"}]}<\/script>\n<!-- \/ Yoast SEO plugin. -->","yoast_head_json":{"title":"Preguntas Frecuentes - FAQs - Metalnex 360&ordm;","robots":{"index":"index","follow":"follow","max-snippet":"max-snippet:-1","max-image-preview":"max-image-preview:large","max-video-preview":"max-video-preview:-1"},"canonical":"https:\/\/metalnex.com\/index.php\/preguntas-frecuentes-faqs\/","og_locale":"es_ES","og_type":"article","og_title":"Preguntas Frecuentes - FAQs - Metalnex 360&ordm;","og_description":"[vc_row][vc_column][vc_tta_accordion][vc_tta_section title=\u00bb\u00bfQu\u00e9 servicios ofrece Metalnex?\u00bb tab_id=\u00bbservicosmetalnex\u00bb][vc_column_text css=\u00bb\u00bb]En Metalnex trabajamos en tres \u00e1reas: Suministro Industrial, servicios de Lean Manufacturing y servicios de Outsourcing Industrial. Trabajamos nuestras \u00e1reas de manera individualizada, pero a trav\u00e9s de nuestro\u00a0sistema 360\u00ba, ofrecemos a nuestros clientes un servicio global dentro del sector metalmec\u00e1nico. De esta forma contribuimos a mejorar la eficiencia en&hellip;","og_url":"https:\/\/metalnex.com\/index.php\/preguntas-frecuentes-faqs\/","og_site_name":"Metalnex 360&ordm;","twitter_card":"summary_large_image","twitter_misc":{"Tiempo de lectura":"4 minutos"},"schema":{"@context":"https:\/\/schema.org","@graph":[{"@type":"WebPage","@id":"https:\/\/metalnex.com\/index.php\/preguntas-frecuentes-faqs\/","url":"https:\/\/metalnex.com\/index.php\/preguntas-frecuentes-faqs\/","name":"Preguntas Frecuentes - FAQs - Metalnex 360&ordm;","isPartOf":{"@id":"https:\/\/metalnex.com\/#website"},"datePublished":"2024-09-06T11:19:53+00:00","breadcrumb":{"@id":"https:\/\/metalnex.com\/index.php\/preguntas-frecuentes-faqs\/#breadcrumb"},"inLanguage":"es","potentialAction":[{"@type":"ReadAction","target":["https:\/\/metalnex.com\/index.php\/preguntas-frecuentes-faqs\/"]}]},{"@type":"BreadcrumbList","@id":"https:\/\/metalnex.com\/index.php\/preguntas-frecuentes-faqs\/#breadcrumb","itemListElement":[{"@type":"ListItem","position":1,"name":"Portada","item":"https:\/\/metalnex.com\/"},{"@type":"ListItem","position":2,"name":"Preguntas Frecuentes &#8211; FAQs"}]},{"@type":"WebSite","@id":"https:\/\/metalnex.com\/#website","url":"https:\/\/metalnex.com\/","name":"Metalnex 360&ordm;","description":"Tu sue&ntilde;a. Nosotros lean manufacturing","potentialAction":[{"@type":"SearchAction","target":{"@type":"EntryPoint","urlTemplate":"https:\/\/metalnex.com\/?s={search_term_string}"},"query-input":{"@type":"PropertyValueSpecification","valueRequired":true,"valueName":"search_term_string"}}],"inLanguage":"es"}]}},"jetpack_sharing_enabled":true,"_links":{"self":[{"href":"https:\/\/metalnex.com\/index.php\/wp-json\/wp\/v2\/pages\/3811","targetHints":{"allow":["GET"]}}],"collection":[{"href":"https:\/\/metalnex.com\/index.php\/wp-json\/wp\/v2\/pages"}],"about":[{"href":"https:\/\/metalnex.com\/index.php\/wp-json\/wp\/v2\/types\/page"}],"author":[{"embeddable":true,"href":"https:\/\/metalnex.com\/index.php\/wp-json\/wp\/v2\/users\/55"}],"replies":[{"embeddable":true,"href":"https:\/\/metalnex.com\/index.php\/wp-json\/wp\/v2\/comments?post=3811"}],"version-history":[{"count":5,"href":"https:\/\/metalnex.com\/index.php\/wp-json\/wp\/v2\/pages\/3811\/revisions"}],"predecessor-version":[{"id":3816,"href":"https:\/\/metalnex.com\/index.php\/wp-json\/wp\/v2\/pages\/3811\/revisions\/3816"}],"wp:attachment":[{"href":"https:\/\/metalnex.com\/index.php\/wp-json\/wp\/v2\/media?parent=3811"}],"curies":[{"name":"wp","href":"https:\/\/api.w.org\/{rel}","templated":true}]}}