{"id":2280,"date":"2023-07-13T17:44:38","date_gmt":"2023-07-13T15:44:38","guid":{"rendered":"https:\/\/metalnex.com\/?page_id=2280"},"modified":"2025-10-09T17:34:44","modified_gmt":"2025-10-09T15:34:44","slug":"tienda-minisitio-insize","status":"publish","type":"page","link":"https:\/\/metalnex.com\/index.php\/suministro-industrial\/marcas\/tienda-minisitio-insize\/","title":{"rendered":"Insize"},"content":{"rendered":"<div class=\"wpb-content-wrapper\"><p>[vc_row][vc_column][vc_cta h2=\u00bbInsize\u00bb txt_align=\u00bbcenter\u00bb style=\u00bbcustom\u00bb css_animation=\u00bbtop-to-bottom\u00bb custom_background=\u00bb#072742&#8243; custom_text=\u00bb#ffffff\u00bb][\/vc_cta][\/vc_column][\/vc_row][vc_row][vc_column offset=\u00bbvc_hidden-lg vc_hidden-md vc_hidden-sm vc_hidden-xs\u00bb][vc_row_inner][vc_column_inner width=\u00bb1\/4&#8243;]<style type=\"text\/css\" data-type=\"the7_shortcodes-inline-css\">#default-btn-7e1f482bcf8f036b01265006fa8f50d3 {\n  font-size: 22px;\n  line-height: 24px;\n  font-weight: bold;\n  padding: 4px 0px 4px 0px;\n}\n#default-btn-7e1f482bcf8f036b01265006fa8f50d3.ico-right-side > i {\n  margin-right: 0px;\n  margin-left: 8px;\n}\n#default-btn-7e1f482bcf8f036b01265006fa8f50d3:after {\n  height: 2px;\n  background: #3cbeb4 !important;\n}\n#default-btn-7e1f482bcf8f036b01265006fa8f50d3 > i {\n  margin-right: 8px;\n  font-size: 11px;\n}\n#default-btn-7e1f482bcf8f036b01265006fa8f50d3:not(:hover),\n#default-btn-7e1f482bcf8f036b01265006fa8f50d3.link-hover-off:hover {\n  color: #072742;\n  background: none;\n}\n#default-btn-7e1f482bcf8f036b01265006fa8f50d3:not(:hover) *,\n#default-btn-7e1f482bcf8f036b01265006fa8f50d3.link-hover-off:hover * {\n  color: #072742;\n  background: none;\n}\n#default-btn-7e1f482bcf8f036b01265006fa8f50d3:not(.link-hover-off):hover {\n  color: #3cbeb4;\n  background: none;\n}\n#default-btn-7e1f482bcf8f036b01265006fa8f50d3:not(.link-hover-off):hover * {\n  color: #3cbeb4;\n  background: none;\n}\n#default-btn-7e1f482bcf8f036b01265006fa8f50d3.ico-right-side > i {\n  margin-right: 0px;\n  margin-left: 8px;\n}\n#default-btn-7e1f482bcf8f036b01265006fa8f50d3 > i {\n  margin-right: 8px;\n}<\/style><div class=\"btn-align-center\"><a href=\"#productos\" class=\"default-btn-shortcode dt-btn-link anchor-link from-center-line \" id=\"default-btn-7e1f482bcf8f036b01265006fa8f50d3\" style=\"width:150px;\"><span>PRODUCTOS<\/span><\/a><\/div>[\/vc_column_inner][vc_column_inner width=\u00bb1\/4&#8243;]<style type=\"text\/css\" data-type=\"the7_shortcodes-inline-css\">#default-btn-c0050c36c4430f0dc426f2651ebc1fb2 {\n  font-size: 22px;\n  line-height: 24px;\n  font-weight: bold;\n  padding: 4px 0px 4px 0px;\n}\n#default-btn-c0050c36c4430f0dc426f2651ebc1fb2.ico-right-side > i {\n  margin-right: 0px;\n  margin-left: 8px;\n}\n#default-btn-c0050c36c4430f0dc426f2651ebc1fb2:after {\n  height: 2px;\n  background: #3cbeb4 !important;\n}\n#default-btn-c0050c36c4430f0dc426f2651ebc1fb2 > i {\n  margin-right: 8px;\n  font-size: 11px;\n}\n#default-btn-c0050c36c4430f0dc426f2651ebc1fb2:not(:hover),\n#default-btn-c0050c36c4430f0dc426f2651ebc1fb2.link-hover-off:hover {\n  color: #072742;\n  background: none;\n}\n#default-btn-c0050c36c4430f0dc426f2651ebc1fb2:not(:hover) *,\n#default-btn-c0050c36c4430f0dc426f2651ebc1fb2.link-hover-off:hover * {\n  color: #072742;\n  background: none;\n}\n#default-btn-c0050c36c4430f0dc426f2651ebc1fb2:not(.link-hover-off):hover {\n  color: #3cbeb4;\n  background: none;\n}\n#default-btn-c0050c36c4430f0dc426f2651ebc1fb2:not(.link-hover-off):hover * {\n  color: #3cbeb4;\n  background: none;\n}\n#default-btn-c0050c36c4430f0dc426f2651ebc1fb2.ico-right-side > i {\n  margin-right: 0px;\n  margin-left: 8px;\n}\n#default-btn-c0050c36c4430f0dc426f2651ebc1fb2 > i {\n  margin-right: 8px;\n}<\/style><div class=\"btn-align-center\"><a href=\"#fresashachenbach\" class=\"default-btn-shortcode dt-btn-link anchor-link from-center-line \" id=\"default-btn-c0050c36c4430f0dc426f2651ebc1fb2\" style=\"width:150px;\"><span>FRESAS<\/span><\/a><\/div>[\/vc_column_inner][vc_column_inner width=\u00bb1\/4&#8243;]<style type=\"text\/css\" data-type=\"the7_shortcodes-inline-css\">#default-btn-b1801391c74c95072fdb60520d6a4f8d {\n  font-size: 22px;\n  line-height: 24px;\n  font-weight: bold;\n  padding: 4px 0px 4px 0px;\n}\n#default-btn-b1801391c74c95072fdb60520d6a4f8d.ico-right-side > i {\n  margin-right: 0px;\n  margin-left: 8px;\n}\n#default-btn-b1801391c74c95072fdb60520d6a4f8d:after {\n  height: 2px;\n  background: #3cbeb4 !important;\n}\n#default-btn-b1801391c74c95072fdb60520d6a4f8d > i {\n  margin-right: 8px;\n  font-size: 11px;\n}\n#default-btn-b1801391c74c95072fdb60520d6a4f8d:not(:hover),\n#default-btn-b1801391c74c95072fdb60520d6a4f8d.link-hover-off:hover {\n  color: #072742;\n  background: none;\n}\n#default-btn-b1801391c74c95072fdb60520d6a4f8d:not(:hover) *,\n#default-btn-b1801391c74c95072fdb60520d6a4f8d.link-hover-off:hover * {\n  color: #072742;\n  background: none;\n}\n#default-btn-b1801391c74c95072fdb60520d6a4f8d:not(.link-hover-off):hover {\n  color: #3cbeb4;\n  background: none;\n}\n#default-btn-b1801391c74c95072fdb60520d6a4f8d:not(.link-hover-off):hover * {\n  color: #3cbeb4;\n  background: none;\n}\n#default-btn-b1801391c74c95072fdb60520d6a4f8d.ico-right-side > i {\n  margin-right: 0px;\n  margin-left: 8px;\n}\n#default-btn-b1801391c74c95072fdb60520d6a4f8d > i {\n  margin-right: 8px;\n}<\/style><div class=\"btn-align-center\"><a href=\"#tarifas\" class=\"default-btn-shortcode dt-btn-link anchor-link from-center-line \" id=\"default-btn-b1801391c74c95072fdb60520d6a4f8d\" style=\"width:150px;\"><span>TARIFAS<\/span><\/a><\/div>[\/vc_column_inner][vc_column_inner width=\u00bb1\/4&#8243;]<style type=\"text\/css\" data-type=\"the7_shortcodes-inline-css\">#default-btn-b1801391c74c95072fdb60520d6a4f8d {\n  font-size: 22px;\n  line-height: 24px;\n  font-weight: bold;\n  padding: 4px 0px 4px 0px;\n}\n#default-btn-b1801391c74c95072fdb60520d6a4f8d.ico-right-side > i {\n  margin-right: 0px;\n  margin-left: 8px;\n}\n#default-btn-b1801391c74c95072fdb60520d6a4f8d:after {\n  height: 2px;\n  background: #3cbeb4 !important;\n}\n#default-btn-b1801391c74c95072fdb60520d6a4f8d > i {\n  margin-right: 8px;\n  font-size: 11px;\n}\n#default-btn-b1801391c74c95072fdb60520d6a4f8d:not(:hover),\n#default-btn-b1801391c74c95072fdb60520d6a4f8d.link-hover-off:hover {\n  color: #072742;\n  background: none;\n}\n#default-btn-b1801391c74c95072fdb60520d6a4f8d:not(:hover) *,\n#default-btn-b1801391c74c95072fdb60520d6a4f8d.link-hover-off:hover * {\n  color: #072742;\n  background: none;\n}\n#default-btn-b1801391c74c95072fdb60520d6a4f8d:not(.link-hover-off):hover {\n  color: #3cbeb4;\n  background: none;\n}\n#default-btn-b1801391c74c95072fdb60520d6a4f8d:not(.link-hover-off):hover * {\n  color: #3cbeb4;\n  background: none;\n}\n#default-btn-b1801391c74c95072fdb60520d6a4f8d.ico-right-side > i {\n  margin-right: 0px;\n  margin-left: 8px;\n}\n#default-btn-b1801391c74c95072fdb60520d6a4f8d > i {\n  margin-right: 8px;\n}<\/style><div class=\"btn-align-center\"><a href=\"#tarifas\" class=\"default-btn-shortcode dt-btn-link anchor-link from-center-line \" id=\"default-btn-b1801391c74c95072fdb60520d6a4f8d\" style=\"width:150px;\"><span>PROMOS Y OFERTAS<\/span><\/a><\/div>[\/vc_column_inner][\/vc_row_inner][\/vc_column][\/vc_row][vc_row][vc_column][vc_empty_space height=\u00bb20px\u00bb][vc_separator][\/vc_column][\/vc_row][vc_row][vc_column css_animation=\u00bbleft-to-right\u00bb width=\u00bb1\/2&#8243;][vc_single_image image=\u00bb2174&#8243; img_size=\u00bbfull\u00bb alignment=\u00bbcenter\u00bb][vc_empty_space height=\u00bb10px32px\u00bb][vc_column_text]Fundada en 1995, es un proveedor dedicado de instrumentos de medici\u00f3n. Para poder servir al mercado mundial, estamos estableciendo una red de distribuci\u00f3n de INSIZE a nivel global. La sede de INSIZE se encuentra en China. Tenemos filiales en EE.UU., Espa\u00f1a, India, Brasil y distribuidores en m\u00e1s de 75 pa\u00edses. Nos aseguramos de que, est\u00e9s donde est\u00e9s, nuestros productos INSIZE cuenten con servicio y soporte a tu alcance. Nuestra dedicaci\u00f3n a la Calidad, Innovaci\u00f3n, Servicio y Valor ha creado una demanda mundial por los productos INSIZE.[\/vc_column_text][\/vc_column][vc_column css_animation=\u00bbright-to-left\u00bb width=\u00bb1\/2&#8243;][vc_row_inner][vc_column_inner width=\u00bb1\/3&#8243;][vc_column_text]<\/p>\n<h3>PA\u00cdS<\/h3>\n<p>\ud83c\udde8\ud83c\uddf3 China[\/vc_column_text][\/vc_column_inner][vc_column_inner width=\u00bb1\/3&#8243;][vc_column_text]<\/p>\n<h3>CATEGOR\u00cdA<\/h3>\n<p>Metrolog\u00eda[\/vc_column_text][\/vc_column_inner][\/vc_row_inner][vc_row_inner][vc_column_inner][vc_column_text css=\u00bb\u00bb]<a href=\"https:\/\/metalnex.com\/wp-content\/uploads\/2023\/06\/CATALOGUE-NO.106.pdf\" target=\"_blank\" rel=\"noopener\"><img loading=\"lazy\" decoding=\"async\" class=\"alignleft wp-image-2175\" src=\"https:\/\/metalnex.com\/wp-content\/uploads\/2023\/06\/Miniatura-Insize-223x300.png\" alt=\"\" width=\"100\" height=\"135\" srcset=\"https:\/\/metalnex.com\/wp-content\/uploads\/2023\/06\/Miniatura-Insize-223x300.png 223w, https:\/\/metalnex.com\/wp-content\/uploads\/2023\/06\/Miniatura-Insize-760x1024.png 760w, https:\/\/metalnex.com\/wp-content\/uploads\/2023\/06\/Miniatura-Insize-768x1034.png 768w, https:\/\/metalnex.com\/wp-content\/uploads\/2023\/06\/Miniatura-Insize-600x808.png 600w, https:\/\/metalnex.com\/wp-content\/uploads\/2023\/06\/Miniatura-Insize.png 802w\" sizes=\"auto, (max-width: 100px) 100vw, 100px\" \/><\/a>[\/vc_column_text][\/vc_column_inner][\/vc_row_inner][vc_empty_space][vc_btn title=\u00bbDescarga el cat\u00e1logo\u00bb style=\u00bbcustom\u00bb custom_background=\u00bb#072742&#8243; custom_text=\u00bb#ffffff\u00bb align=\u00bbleft\u00bb css=\u00bb\u00bb link=\u00bburl:https%3A%2F%2Fmetalnex.com%2Fwp-content%2Fuploads%2F2023%2F06%2FCATALOGUE-NO.106.pdf\u00bb el_id=\u00bbproductos\u00bb][\/vc_column][\/vc_row][vc_row][vc_column css_animation=\u00bbfadeIn\u00bb offset=\u00bbvc_hidden-lg vc_hidden-md vc_hidden-sm vc_hidden-xs\u00bb][vc_empty_space height=\u00bb50&#8243;][vc_custom_heading text=\u00bbPRODUCTOS\u00bb font_container=\u00bbtag:h1|text_align:left\u00bb google_fonts=\u00bbfont_family:Quicksand%3A300%2Cregular%2C700|font_style:700%20bold%20regular%3A700%3Anormal\u00bb][vc_empty_space height=\u00bb15&#8243;][vc_empty_space height=\u00bb50&#8243;][\/vc_column][\/vc_row][vc_row][vc_column css_animation=\u00bbleft-to-right\u00bb width=\u00bb1\/2&#8243;][vc_empty_space][vc_single_image image=\u00bb2282&#8243; img_size=\u00bbfull\u00bb][\/vc_column][vc_column css_animation=\u00bbright-to-left\u00bb width=\u00bb1\/2&#8243;][vc_empty_space height=\u00bb30px\u00bb][vc_column_text]<\/p>\n<h3>Certificado de calibraci\u00f3n<\/h3>\n<p>[\/vc_column_text][vc_column_text]Somos capaces de proporcionar un certificado de calibraci\u00f3n ISO17025 para nuestras peque\u00f1as herramientas e instrumentos de medici\u00f3n. La calibraci\u00f3n se realiza por M&amp;B Calibr, spol.s.r.o. en Rep\u00fablica Checa. Tenemos stock de algunos productos populares con certificado de calibraci\u00f3n para entrega r\u00e1pida, como calibradores, micr\u00f3metros, indicadores de dial, etc.[\/vc_column_text][\/vc_column][\/vc_row][vc_row][vc_column css_animation=\u00bbfadeIn\u00bb el_id=\u00bbtarifas\u00bb][vc_empty_space][vc_tta_tabs title_tag=\u00bbh1&#8243; section_title_tag=\u00bbh2&#8243; color=\u00bbpeacoc\u00bb spacing=\u00bb3&#8243; gap=\u00bb3&#8243; active_section=\u00bb2&#8243;][vc_tta_section title=\u00bbTarifas\u00bb tab_id=\u00bb1679555919370-e988b7a1-9467&#8243;][vc_column_text]Actualmente no hay tarifas disponibles.[\/vc_column_text][\/vc_tta_section][vc_tta_section title=\u00bbPromociones\u00bb tab_id=\u00bb1679555933059-bedefbdd-2b59&#8243;][\/vc_tta_section][\/vc_tta_tabs][\/vc_column][\/vc_row][vc_row][vc_column][vc_empty_space height=\u00bb80px\u00bb][vc_custom_heading text=\u00bbCONOCE NUESTRO EQUIPO\u00bb font_container=\u00bbtag:h2|text_align:center\u00bb google_fonts=\u00bbfont_family:Quicksand%3A300%2Cregular%2C700|font_style:700%20bold%20regular%3A700%3Anormal\u00bb][vc_empty_space height=\u00bb35px\u00bb][vc_row_inner][vc_column_inner width=\u00bb1\/3&#8243;][vc_single_image image=\u00bb1134&#8243; img_size=\u00bb200X200&#8243; alignment=\u00bbcenter\u00bb onclick=\u00bbcustom_link\u00bb css_animation=\u00bbfadeIn\u00bb image_hovers=\u00bbfalse\u00bb link=\u00bbhttps:\/\/metalnex.com\/index.php\/departamento-administracion-ventas\/\u00bb][vc_column_text css_animation=\u00bbbottom-to-top\u00bb]<\/p>\n<p style=\"text-align: center;\"><b>Departamento Administraci\u00f3n-Ventas<\/b><\/p>\n<p>[\/vc_column_text][\/vc_column_inner][vc_column_inner width=\u00bb1\/3&#8243;][vc_single_image image=\u00bb1133&#8243; img_size=\u00bb200X200&#8243; alignment=\u00bbcenter\u00bb onclick=\u00bbcustom_link\u00bb css_animation=\u00bbfadeIn\u00bb image_hovers=\u00bbfalse\u00bb link=\u00bbhttps:\/\/metalnex.com\/index.php\/departamento-comercial\/\u00bb][vc_column_text css_animation=\u00bbbottom-to-top\u00bb]<\/p>\n<p style=\"text-align: center;\"><b>Departamento Comercial<\/b><\/p>\n<p>[\/vc_column_text][\/vc_column_inner][vc_column_inner width=\u00bb1\/3&#8243;][vc_single_image image=\u00bb1135&#8243; img_size=\u00bb200X200&#8243; alignment=\u00bbcenter\u00bb onclick=\u00bbcustom_link\u00bb css_animation=\u00bbfadeIn\u00bb image_hovers=\u00bbfalse\u00bb link=\u00bbhttps:\/\/metalnex.com\/index.php\/departamento-tecnico\/\u00bb][vc_column_text css_animation=\u00bbbottom-to-top\u00bb]<\/p>\n<p style=\"text-align: center;\"><b>Departamento T\u00e9cnico<\/b><\/p>\n<p>[\/vc_column_text][\/vc_column_inner][\/vc_row_inner][\/vc_column][\/vc_row]<\/p>\n<\/div>","protected":false},"excerpt":{"rendered":"<p>[vc_row][vc_column][vc_cta h2=\u00bbInsize\u00bb txt_align=\u00bbcenter\u00bb style=\u00bbcustom\u00bb css_animation=\u00bbtop-to-bottom\u00bb custom_background=\u00bb#072742&#8243; custom_text=\u00bb#ffffff\u00bb][\/vc_cta][\/vc_column][\/vc_row][vc_row][vc_column offset=\u00bbvc_hidden-lg vc_hidden-md vc_hidden-sm vc_hidden-xs\u00bb][vc_row_inner][vc_column_inner width=\u00bb1\/4&#8243;][\/vc_column_inner][vc_column_inner width=\u00bb1\/4&#8243;][\/vc_column_inner][vc_column_inner width=\u00bb1\/4&#8243;][\/vc_column_inner][vc_column_inner width=\u00bb1\/4&#8243;][\/vc_column_inner][\/vc_row_inner][\/vc_column][\/vc_row][vc_row][vc_column][vc_empty_space height=\u00bb20px\u00bb][vc_separator][\/vc_column][\/vc_row][vc_row][vc_column css_animation=\u00bbleft-to-right\u00bb width=\u00bb1\/2&#8243;][vc_single_image image=\u00bb2174&#8243; img_size=\u00bbfull\u00bb alignment=\u00bbcenter\u00bb][vc_empty_space height=\u00bb10px32px\u00bb][vc_column_text]Fundada en 1995, es un proveedor dedicado de instrumentos de medici\u00f3n. Para poder servir al mercado mundial, estamos estableciendo una red de distribuci\u00f3n de INSIZE a nivel global. La sede de INSIZE se encuentra&hellip;<\/p>\n","protected":false},"author":1,"featured_media":2174,"parent":1053,"menu_order":0,"comment_status":"closed","ping_status":"closed","template":"","meta":{"_acf_changed":false,"footnotes":""},"class_list":["post-2280","page","type-page","status-publish","has-post-thumbnail","hentry","description-off"],"acf":[],"yoast_head":"<!-- This site is optimized with the Yoast SEO plugin v27.4 - https:\/\/yoast.com\/product\/yoast-seo-wordpress\/ -->\n<title>Insize - Metalnex 360&ordm;<\/title>\n<meta name=\"robots\" content=\"index, follow, max-snippet:-1, max-image-preview:large, max-video-preview:-1\" \/>\n<link rel=\"canonical\" href=\"https:\/\/metalnex.com\/index.php\/suministro-industrial\/marcas\/tienda-minisitio-insize\/\" \/>\n<meta property=\"og:locale\" content=\"es_ES\" \/>\n<meta property=\"og:type\" content=\"article\" \/>\n<meta property=\"og:title\" content=\"Insize - Metalnex 360&ordm;\" \/>\n<meta property=\"og:description\" content=\"[vc_row][vc_column][vc_cta h2=\u00bbInsize\u00bb txt_align=\u00bbcenter\u00bb style=\u00bbcustom\u00bb css_animation=\u00bbtop-to-bottom\u00bb custom_background=\u00bb#072742&#8243; custom_text=\u00bb#ffffff\u00bb][\/vc_cta][\/vc_column][\/vc_row][vc_row][vc_column offset=\u00bbvc_hidden-lg vc_hidden-md vc_hidden-sm vc_hidden-xs\u00bb][vc_row_inner][vc_column_inner width=\u00bb1\/4&#8243;][\/vc_column_inner][vc_column_inner width=\u00bb1\/4&#8243;][\/vc_column_inner][vc_column_inner width=\u00bb1\/4&#8243;][\/vc_column_inner][vc_column_inner width=\u00bb1\/4&#8243;][\/vc_column_inner][\/vc_row_inner][\/vc_column][\/vc_row][vc_row][vc_column][vc_empty_space height=\u00bb20px\u00bb][vc_separator][\/vc_column][\/vc_row][vc_row][vc_column css_animation=\u00bbleft-to-right\u00bb width=\u00bb1\/2&#8243;][vc_single_image image=\u00bb2174&#8243; img_size=\u00bbfull\u00bb alignment=\u00bbcenter\u00bb][vc_empty_space height=\u00bb10px32px\u00bb][vc_column_text]Fundada en 1995, es un proveedor dedicado de instrumentos de medici\u00f3n. Para poder servir al mercado mundial, estamos estableciendo una red de distribuci\u00f3n de INSIZE a nivel global. La sede de INSIZE se encuentra&hellip;\" \/>\n<meta property=\"og:url\" content=\"https:\/\/metalnex.com\/index.php\/suministro-industrial\/marcas\/tienda-minisitio-insize\/\" \/>\n<meta property=\"og:site_name\" content=\"Metalnex 360&ordm;\" \/>\n<meta property=\"article:modified_time\" content=\"2025-10-09T15:34:44+00:00\" \/>\n<meta property=\"og:image\" content=\"https:\/\/metalnex.com\/wp-content\/uploads\/2023\/06\/Logo-Insize-400x180-1.png\" \/>\n\t<meta property=\"og:image:width\" content=\"400\" \/>\n\t<meta property=\"og:image:height\" content=\"180\" \/>\n\t<meta property=\"og:image:type\" content=\"image\/png\" \/>\n<meta name=\"twitter:card\" content=\"summary_large_image\" \/>\n<meta name=\"twitter:label1\" content=\"Tiempo de lectura\" \/>\n\t<meta name=\"twitter:data1\" content=\"4 minutos\" \/>\n<script type=\"application\/ld+json\" class=\"yoast-schema-graph\">{\"@context\":\"https:\\\/\\\/schema.org\",\"@graph\":[{\"@type\":\"WebPage\",\"@id\":\"https:\\\/\\\/metalnex.com\\\/index.php\\\/suministro-industrial\\\/marcas\\\/tienda-minisitio-insize\\\/\",\"url\":\"https:\\\/\\\/metalnex.com\\\/index.php\\\/suministro-industrial\\\/marcas\\\/tienda-minisitio-insize\\\/\",\"name\":\"Insize - Metalnex 360&ordm;\",\"isPartOf\":{\"@id\":\"https:\\\/\\\/metalnex.com\\\/#website\"},\"primaryImageOfPage\":{\"@id\":\"https:\\\/\\\/metalnex.com\\\/index.php\\\/suministro-industrial\\\/marcas\\\/tienda-minisitio-insize\\\/#primaryimage\"},\"image\":{\"@id\":\"https:\\\/\\\/metalnex.com\\\/index.php\\\/suministro-industrial\\\/marcas\\\/tienda-minisitio-insize\\\/#primaryimage\"},\"thumbnailUrl\":\"https:\\\/\\\/metalnex.com\\\/wp-content\\\/uploads\\\/2023\\\/06\\\/Logo-Insize-400x180-1.png\",\"datePublished\":\"2023-07-13T15:44:38+00:00\",\"dateModified\":\"2025-10-09T15:34:44+00:00\",\"breadcrumb\":{\"@id\":\"https:\\\/\\\/metalnex.com\\\/index.php\\\/suministro-industrial\\\/marcas\\\/tienda-minisitio-insize\\\/#breadcrumb\"},\"inLanguage\":\"es\",\"potentialAction\":[{\"@type\":\"ReadAction\",\"target\":[\"https:\\\/\\\/metalnex.com\\\/index.php\\\/suministro-industrial\\\/marcas\\\/tienda-minisitio-insize\\\/\"]}]},{\"@type\":\"ImageObject\",\"inLanguage\":\"es\",\"@id\":\"https:\\\/\\\/metalnex.com\\\/index.php\\\/suministro-industrial\\\/marcas\\\/tienda-minisitio-insize\\\/#primaryimage\",\"url\":\"https:\\\/\\\/metalnex.com\\\/wp-content\\\/uploads\\\/2023\\\/06\\\/Logo-Insize-400x180-1.png\",\"contentUrl\":\"https:\\\/\\\/metalnex.com\\\/wp-content\\\/uploads\\\/2023\\\/06\\\/Logo-Insize-400x180-1.png\",\"width\":400,\"height\":180},{\"@type\":\"BreadcrumbList\",\"@id\":\"https:\\\/\\\/metalnex.com\\\/index.php\\\/suministro-industrial\\\/marcas\\\/tienda-minisitio-insize\\\/#breadcrumb\",\"itemListElement\":[{\"@type\":\"ListItem\",\"position\":1,\"name\":\"Portada\",\"item\":\"https:\\\/\\\/metalnex.com\\\/\"},{\"@type\":\"ListItem\",\"position\":2,\"name\":\"Suministro industrial\",\"item\":\"https:\\\/\\\/metalnex.com\\\/index.php\\\/suministro-industrial\\\/\"},{\"@type\":\"ListItem\",\"position\":3,\"name\":\"Marcas\",\"item\":\"https:\\\/\\\/metalnex.com\\\/index.php\\\/suministro-industrial\\\/marcas\\\/\"},{\"@type\":\"ListItem\",\"position\":4,\"name\":\"Insize\"}]},{\"@type\":\"WebSite\",\"@id\":\"https:\\\/\\\/metalnex.com\\\/#website\",\"url\":\"https:\\\/\\\/metalnex.com\\\/\",\"name\":\"Metalnex 360&ordm;\",\"description\":\"Tu sue&ntilde;a. Nosotros lean manufacturing\",\"potentialAction\":[{\"@type\":\"SearchAction\",\"target\":{\"@type\":\"EntryPoint\",\"urlTemplate\":\"https:\\\/\\\/metalnex.com\\\/?s={search_term_string}\"},\"query-input\":{\"@type\":\"PropertyValueSpecification\",\"valueRequired\":true,\"valueName\":\"search_term_string\"}}],\"inLanguage\":\"es\"}]}<\/script>\n<!-- \/ Yoast SEO plugin. -->","yoast_head_json":{"title":"Insize - Metalnex 360&ordm;","robots":{"index":"index","follow":"follow","max-snippet":"max-snippet:-1","max-image-preview":"max-image-preview:large","max-video-preview":"max-video-preview:-1"},"canonical":"https:\/\/metalnex.com\/index.php\/suministro-industrial\/marcas\/tienda-minisitio-insize\/","og_locale":"es_ES","og_type":"article","og_title":"Insize - Metalnex 360&ordm;","og_description":"[vc_row][vc_column][vc_cta h2=\u00bbInsize\u00bb txt_align=\u00bbcenter\u00bb style=\u00bbcustom\u00bb css_animation=\u00bbtop-to-bottom\u00bb custom_background=\u00bb#072742&#8243; custom_text=\u00bb#ffffff\u00bb][\/vc_cta][\/vc_column][\/vc_row][vc_row][vc_column offset=\u00bbvc_hidden-lg vc_hidden-md vc_hidden-sm vc_hidden-xs\u00bb][vc_row_inner][vc_column_inner width=\u00bb1\/4&#8243;][\/vc_column_inner][vc_column_inner width=\u00bb1\/4&#8243;][\/vc_column_inner][vc_column_inner width=\u00bb1\/4&#8243;][\/vc_column_inner][vc_column_inner width=\u00bb1\/4&#8243;][\/vc_column_inner][\/vc_row_inner][\/vc_column][\/vc_row][vc_row][vc_column][vc_empty_space height=\u00bb20px\u00bb][vc_separator][\/vc_column][\/vc_row][vc_row][vc_column css_animation=\u00bbleft-to-right\u00bb width=\u00bb1\/2&#8243;][vc_single_image image=\u00bb2174&#8243; img_size=\u00bbfull\u00bb alignment=\u00bbcenter\u00bb][vc_empty_space height=\u00bb10px32px\u00bb][vc_column_text]Fundada en 1995, es un proveedor dedicado de instrumentos de medici\u00f3n. Para poder servir al mercado mundial, estamos estableciendo una red de distribuci\u00f3n de INSIZE a nivel global. La sede de INSIZE se encuentra&hellip;","og_url":"https:\/\/metalnex.com\/index.php\/suministro-industrial\/marcas\/tienda-minisitio-insize\/","og_site_name":"Metalnex 360&ordm;","article_modified_time":"2025-10-09T15:34:44+00:00","og_image":[{"width":400,"height":180,"url":"https:\/\/metalnex.com\/wp-content\/uploads\/2023\/06\/Logo-Insize-400x180-1.png","type":"image\/png"}],"twitter_card":"summary_large_image","twitter_misc":{"Tiempo de lectura":"4 minutos"},"schema":{"@context":"https:\/\/schema.org","@graph":[{"@type":"WebPage","@id":"https:\/\/metalnex.com\/index.php\/suministro-industrial\/marcas\/tienda-minisitio-insize\/","url":"https:\/\/metalnex.com\/index.php\/suministro-industrial\/marcas\/tienda-minisitio-insize\/","name":"Insize - Metalnex 360&ordm;","isPartOf":{"@id":"https:\/\/metalnex.com\/#website"},"primaryImageOfPage":{"@id":"https:\/\/metalnex.com\/index.php\/suministro-industrial\/marcas\/tienda-minisitio-insize\/#primaryimage"},"image":{"@id":"https:\/\/metalnex.com\/index.php\/suministro-industrial\/marcas\/tienda-minisitio-insize\/#primaryimage"},"thumbnailUrl":"https:\/\/metalnex.com\/wp-content\/uploads\/2023\/06\/Logo-Insize-400x180-1.png","datePublished":"2023-07-13T15:44:38+00:00","dateModified":"2025-10-09T15:34:44+00:00","breadcrumb":{"@id":"https:\/\/metalnex.com\/index.php\/suministro-industrial\/marcas\/tienda-minisitio-insize\/#breadcrumb"},"inLanguage":"es","potentialAction":[{"@type":"ReadAction","target":["https:\/\/metalnex.com\/index.php\/suministro-industrial\/marcas\/tienda-minisitio-insize\/"]}]},{"@type":"ImageObject","inLanguage":"es","@id":"https:\/\/metalnex.com\/index.php\/suministro-industrial\/marcas\/tienda-minisitio-insize\/#primaryimage","url":"https:\/\/metalnex.com\/wp-content\/uploads\/2023\/06\/Logo-Insize-400x180-1.png","contentUrl":"https:\/\/metalnex.com\/wp-content\/uploads\/2023\/06\/Logo-Insize-400x180-1.png","width":400,"height":180},{"@type":"BreadcrumbList","@id":"https:\/\/metalnex.com\/index.php\/suministro-industrial\/marcas\/tienda-minisitio-insize\/#breadcrumb","itemListElement":[{"@type":"ListItem","position":1,"name":"Portada","item":"https:\/\/metalnex.com\/"},{"@type":"ListItem","position":2,"name":"Suministro industrial","item":"https:\/\/metalnex.com\/index.php\/suministro-industrial\/"},{"@type":"ListItem","position":3,"name":"Marcas","item":"https:\/\/metalnex.com\/index.php\/suministro-industrial\/marcas\/"},{"@type":"ListItem","position":4,"name":"Insize"}]},{"@type":"WebSite","@id":"https:\/\/metalnex.com\/#website","url":"https:\/\/metalnex.com\/","name":"Metalnex 360&ordm;","description":"Tu sue&ntilde;a. Nosotros lean manufacturing","potentialAction":[{"@type":"SearchAction","target":{"@type":"EntryPoint","urlTemplate":"https:\/\/metalnex.com\/?s={search_term_string}"},"query-input":{"@type":"PropertyValueSpecification","valueRequired":true,"valueName":"search_term_string"}}],"inLanguage":"es"}]}},"jetpack_sharing_enabled":true,"_links":{"self":[{"href":"https:\/\/metalnex.com\/index.php\/wp-json\/wp\/v2\/pages\/2280","targetHints":{"allow":["GET"]}}],"collection":[{"href":"https:\/\/metalnex.com\/index.php\/wp-json\/wp\/v2\/pages"}],"about":[{"href":"https:\/\/metalnex.com\/index.php\/wp-json\/wp\/v2\/types\/page"}],"author":[{"embeddable":true,"href":"https:\/\/metalnex.com\/index.php\/wp-json\/wp\/v2\/users\/1"}],"replies":[{"embeddable":true,"href":"https:\/\/metalnex.com\/index.php\/wp-json\/wp\/v2\/comments?post=2280"}],"version-history":[{"count":10,"href":"https:\/\/metalnex.com\/index.php\/wp-json\/wp\/v2\/pages\/2280\/revisions"}],"predecessor-version":[{"id":5780,"href":"https:\/\/metalnex.com\/index.php\/wp-json\/wp\/v2\/pages\/2280\/revisions\/5780"}],"up":[{"embeddable":true,"href":"https:\/\/metalnex.com\/index.php\/wp-json\/wp\/v2\/pages\/1053"}],"wp:featuredmedia":[{"embeddable":true,"href":"https:\/\/metalnex.com\/index.php\/wp-json\/wp\/v2\/media\/2174"}],"wp:attachment":[{"href":"https:\/\/metalnex.com\/index.php\/wp-json\/wp\/v2\/media?parent=2280"}],"curies":[{"name":"wp","href":"https:\/\/api.w.org\/{rel}","templated":true}]}}