{"id":2122,"date":"2023-06-05T19:53:36","date_gmt":"2023-06-05T17:53:36","guid":{"rendered":"https:\/\/metalnex.com\/?page_id=2122"},"modified":"2025-10-09T17:29:52","modified_gmt":"2025-10-09T15:29:52","slug":"tienda-minisitio-liquidtool","status":"publish","type":"page","link":"https:\/\/metalnex.com\/index.php\/suministro-industrial\/marcas\/tienda-minisitio-liquidtool\/","title":{"rendered":"Liquidtool"},"content":{"rendered":"<div class=\"wpb-content-wrapper\"><p>[vc_row][vc_column][vc_cta h2=\u00bbLiquidtool\u00bb txt_align=\u00bbcenter\u00bb style=\u00bbcustom\u00bb css_animation=\u00bbtop-to-bottom\u00bb custom_background=\u00bb#072742&#8243; custom_text=\u00bb#ffffff\u00bb][\/vc_cta][\/vc_column][\/vc_row][vc_row][vc_column][vc_empty_space height=\u00bb20px\u00bb][vc_separator][\/vc_column][\/vc_row][vc_row][vc_column css_animation=\u00bbleft-to-right\u00bb width=\u00bb1\/2&#8243;][vc_single_image image=\u00bb2111&#8243; img_size=\u00bbfull\u00bb alignment=\u00bbcenter\u00bb][vc_empty_space height=\u00bb10px32px\u00bb][vc_column_text]<strong>Gesti\u00f3n inteligente de lubricantes refrigerantes. <\/strong>La forma m\u00e1s r\u00e1pida de automatizaci\u00f3n y digitalizaci\u00f3n.<\/p>\n<p>Sistema de gesti\u00f3n del lubricante refrigerante totalmente autom\u00e1tico.<\/p>\n<p>El sistema de gesti\u00f3n del lubricante refrigerante totalmente autom\u00e1tico mide y controla la concentraci\u00f3n, el nivel y la temperatura de todos los dep\u00f3sitos de refrigerante conectados.<\/p>\n<p>El sistema rellena autom\u00e1ticamente cada dep\u00f3sito de lubricante refrigerante con la concentraci\u00f3n correcta. De este modo, todas las m\u00e1quinas estar\u00e1n en perfectas condiciones de lubricante refrigerante las 24 horas del d\u00eda.<\/p>\n<p>Se le informar\u00e1 de todas las acciones realizadas por el sistema. As\u00ed podr\u00e1 concentrarse en sus tareas principales.[\/vc_column_text][\/vc_column][vc_column css_animation=\u00bbright-to-left\u00bb width=\u00bb1\/2&#8243;][vc_row_inner][vc_column_inner width=\u00bb1\/3&#8243;][vc_column_text]<\/p>\n<h3>PA\u00cdS<\/h3>\n<p>\ud83c\udde8\ud83c\udded Suiza[\/vc_column_text][\/vc_column_inner][vc_column_inner width=\u00bb1\/3&#8243;][vc_column_text]<\/p>\n<h3>CATEGOR\u00cdA<\/h3>\n<p>Lubricante[\/vc_column_text][\/vc_column_inner][\/vc_row_inner][vc_row_inner][vc_column_inner][vc_column_text css=\u00bb\u00bb]<a href=\"https:\/\/metalnex.com\/wp-content\/uploads\/2023\/06\/LIQUID-TOOL-CATALOGO_ES-18042023.pdf\" target=\"_blank\" rel=\"noopener\"><img loading=\"lazy\" decoding=\"async\" class=\"alignleft wp-image-2112\" src=\"https:\/\/metalnex.com\/wp-content\/uploads\/2023\/06\/Miniatura-LIQUID-TOOL-CATALOGO_ES-212x300.jpg\" alt=\"\" width=\"100\" height=\"141\" srcset=\"https:\/\/metalnex.com\/wp-content\/uploads\/2023\/06\/Miniatura-LIQUID-TOOL-CATALOGO_ES-212x300.jpg 212w, https:\/\/metalnex.com\/wp-content\/uploads\/2023\/06\/Miniatura-LIQUID-TOOL-CATALOGO_ES-724x1024.jpg 724w, https:\/\/metalnex.com\/wp-content\/uploads\/2023\/06\/Miniatura-LIQUID-TOOL-CATALOGO_ES-768x1086.jpg 768w, https:\/\/metalnex.com\/wp-content\/uploads\/2023\/06\/Miniatura-LIQUID-TOOL-CATALOGO_ES-1086x1536.jpg 1086w, https:\/\/metalnex.com\/wp-content\/uploads\/2023\/06\/Miniatura-LIQUID-TOOL-CATALOGO_ES-1448x2048.jpg 1448w, https:\/\/metalnex.com\/wp-content\/uploads\/2023\/06\/Miniatura-LIQUID-TOOL-CATALOGO_ES-600x848.jpg 600w, https:\/\/metalnex.com\/wp-content\/uploads\/2023\/06\/Miniatura-LIQUID-TOOL-CATALOGO_ES-scaled.jpg 1810w\" sizes=\"auto, (max-width: 100px) 100vw, 100px\" \/><\/a>[\/vc_column_text][vc_empty_space][\/vc_column_inner][\/vc_row_inner][vc_btn title=\u00bbDescarga el cat\u00e1logo\u00bb style=\u00bbcustom\u00bb custom_background=\u00bb#072742&#8243; custom_text=\u00bb#ffffff\u00bb align=\u00bbleft\u00bb css=\u00bb\u00bb link=\u00bburl:https%3A%2F%2Fmetalnex.com%2Fwp-content%2Fuploads%2F2023%2F06%2FLIQUID-TOOL-CATALOGO_ES-18042023.pdf\u00bb el_id=\u00bbproductos\u00bb][\/vc_column][\/vc_row][vc_row][vc_column css_animation=\u00bbleft-to-right\u00bb width=\u00bb1\/2&#8243;][vc_video link=\u00bbhttps:\/\/www.youtube.com\/watch?v=kHXiM-4uRMc\u00bb][\/vc_column][vc_column css_animation=\u00bbright-to-left\u00bb width=\u00bb1\/2&#8243;][vc_column_text]<\/p>\n<h3>Un sistema modular para todas las necesidades<\/h3>\n<p>[\/vc_column_text][vc_column_text]Todas las soluciones Liquidtool se caracterizan por su modularidad y flexibilidad. Puede empezar con una m\u00e1quina y luego ampliar el sistema como desee, en funci\u00f3n de sus necesidades.<\/p>\n<p>Puede supervisar sus m\u00e1quinas manualmente, pero visualizarlas digitalmente. El sistema mide y controla por s\u00ed mismo el sumidero y la concentraci\u00f3n del lubricante refrigerante. Y lo rellena de forma igualmente autom\u00e1tica. Tambi\u00e9n permite soluciones con aditivaci\u00f3n autom\u00e1tica para sistemas centrales.<\/p>\n<p>No importa cu\u00e1ntas m\u00e1quinas tenga ni qu\u00e9 tipo de supervisi\u00f3n y automatizaci\u00f3n desee: Liquidtool tiene una soluci\u00f3n para sus necesidades. As\u00ed podr\u00e1 equipar su taller completamente a su gusto.[\/vc_column_text][\/vc_column][\/vc_row][vc_row][vc_column css_animation=\u00bbleft-to-right\u00bb width=\u00bb1\/2&#8243;][vc_column_text]<\/p>\n<h3>\u00bfC\u00f3mo funciona la gesti\u00f3n inteligente de lubricantes refrigerantes?<\/h3>\n<p>[\/vc_column_text][vc_column_text]<strong>Liquidtool SmartFiller<\/strong>: El SmartFiller mide el nivel de llenado del concentrado y mezcla directamente la concentraci\u00f3n correcta. Mediante el Extender, cada dep\u00f3sito de lubricante refrigerante se rellena individualmente.<\/p>\n<p><strong>Liquidtool Manager<\/strong>:\u00a0 El Manager garantiza la visi\u00f3n de conjunto y el control de todas las m\u00e1quinas. Los datos se analizan en tiempo real y las acciones, en caso necesario, se activan directamente.<\/p>\n<p><strong>Liquidtool Extender<\/strong>:\u00a0 El Extender mide el nivel de llenado en el dep\u00f3sito de lubricante refrigerante y da la orden de rellenar. Est\u00e1 conectado directamente al SmartFiller y mide el caudal durante el rellenado.<\/p>\n<p><strong>Liquidtool Sensor 01<\/strong>: El Sensor 01 mide regularmente la concentraci\u00f3n y la temperatura del lubricante refrigerante. Garantiza una concentraci\u00f3n constante en el dep\u00f3sito y activa la orden de rellenar si es necesario. El Sensor tambi\u00e9n est\u00e1 disponible por separado como soluci\u00f3n de supervisi\u00f3n pura.<\/p>\n<p>&nbsp;<\/p>\n<p>[\/vc_column_text][\/vc_column][vc_column css_animation=\u00bbright-to-left\u00bb width=\u00bb1\/2&#8243;][vc_single_image image=\u00bb2128&#8243; img_size=\u00bbfull\u00bb alignment=\u00bbcenter\u00bb][\/vc_column][\/vc_row][vc_row][vc_column css_animation=\u00bbleft-to-right\u00bb][vc_column_text]<\/p>\n<h3>M\u00e1s eficacia, menos costes: No subestime el poder de una buena gesti\u00f3n de los lubricantes refrigerantes<\/h3>\n<p>[\/vc_column_text][vc_column_text]El lubricante refrigerante es una parte importante del mecanizado. Un mantenimiento adecuado lleva mucho tiempo y a menudo se descuida. Sin embargo, el lubricante refrigerante influye considerablemente en la productividad.<\/p>\n<p>S\u00f3lo cuando est\u00e1 en perfectas condiciones, el lubricante refrigerante ofrece todo su potencial. Esto permite procesos estables, mayor vida.[\/vc_column_text][\/vc_column][\/vc_row][vc_row][vc_column css_animation=\u00bbfadeIn\u00bb el_id=\u00bbtarifas\u00bb][vc_empty_space][vc_tta_tabs title_tag=\u00bbh1&#8243; section_title_tag=\u00bbh2&#8243; color=\u00bbpeacoc\u00bb spacing=\u00bb3&#8243; gap=\u00bb3&#8243; active_section=\u00bb2&#8243;][vc_tta_section title=\u00bbTarifas\u00bb tab_id=\u00bb1679555919370-e988b7a1-9467&#8243;][vc_column_text]Actualmente no hay tarifas disponibles.[\/vc_column_text][\/vc_tta_section][vc_tta_section title=\u00bbPromociones\u00bb tab_id=\u00bb1679555933059-bedefbdd-2b59&#8243;][\/vc_tta_section][\/vc_tta_tabs][\/vc_column][\/vc_row][vc_row][vc_column][vc_empty_space height=\u00bb80px\u00bb][vc_custom_heading text=\u00bbCONOCE NUESTRO EQUIPO\u00bb font_container=\u00bbtag:h2|text_align:center\u00bb google_fonts=\u00bbfont_family:Quicksand%3A300%2Cregular%2C700|font_style:700%20bold%20regular%3A700%3Anormal\u00bb][vc_empty_space height=\u00bb35px\u00bb][vc_row_inner][vc_column_inner width=\u00bb1\/3&#8243;][vc_single_image image=\u00bb1134&#8243; img_size=\u00bb200X200&#8243; alignment=\u00bbcenter\u00bb onclick=\u00bbcustom_link\u00bb css_animation=\u00bbfadeIn\u00bb image_hovers=\u00bbfalse\u00bb link=\u00bbhttps:\/\/metalnex.com\/index.php\/departamento-administracion-ventas\/\u00bb][vc_column_text css_animation=\u00bbbottom-to-top\u00bb]<\/p>\n<p style=\"text-align: center;\"><b>Departamento Administraci\u00f3n-Ventas<\/b><\/p>\n<p>[\/vc_column_text][\/vc_column_inner][vc_column_inner width=\u00bb1\/3&#8243;][vc_single_image image=\u00bb1133&#8243; img_size=\u00bb200X200&#8243; alignment=\u00bbcenter\u00bb onclick=\u00bbcustom_link\u00bb css_animation=\u00bbfadeIn\u00bb image_hovers=\u00bbfalse\u00bb link=\u00bbhttps:\/\/metalnex.com\/index.php\/departamento-comercial\/\u00bb][vc_column_text css_animation=\u00bbbottom-to-top\u00bb]<\/p>\n<p style=\"text-align: center;\"><b>Departamento Comercial<\/b><\/p>\n<p>[\/vc_column_text][\/vc_column_inner][vc_column_inner width=\u00bb1\/3&#8243;][vc_single_image image=\u00bb1135&#8243; img_size=\u00bb200X200&#8243; alignment=\u00bbcenter\u00bb onclick=\u00bbcustom_link\u00bb css_animation=\u00bbfadeIn\u00bb image_hovers=\u00bbfalse\u00bb link=\u00bbhttps:\/\/metalnex.com\/index.php\/departamento-tecnico\/\u00bb][vc_column_text css_animation=\u00bbbottom-to-top\u00bb]<\/p>\n<p style=\"text-align: center;\"><b>Departamento T\u00e9cnico<\/b><\/p>\n<p>[\/vc_column_text][\/vc_column_inner][\/vc_row_inner][\/vc_column][\/vc_row]<\/p>\n<\/div>","protected":false},"excerpt":{"rendered":"<p>[vc_row][vc_column][vc_cta h2=\u00bbLiquidtool\u00bb txt_align=\u00bbcenter\u00bb style=\u00bbcustom\u00bb css_animation=\u00bbtop-to-bottom\u00bb custom_background=\u00bb#072742&#8243; custom_text=\u00bb#ffffff\u00bb][\/vc_cta][\/vc_column][\/vc_row][vc_row][vc_column][vc_empty_space height=\u00bb20px\u00bb][vc_separator][\/vc_column][\/vc_row][vc_row][vc_column css_animation=\u00bbleft-to-right\u00bb width=\u00bb1\/2&#8243;][vc_single_image image=\u00bb2111&#8243; img_size=\u00bbfull\u00bb alignment=\u00bbcenter\u00bb][vc_empty_space height=\u00bb10px32px\u00bb][vc_column_text]Gesti\u00f3n inteligente de lubricantes refrigerantes. La forma m\u00e1s r\u00e1pida de automatizaci\u00f3n y digitalizaci\u00f3n. Sistema de gesti\u00f3n del lubricante refrigerante totalmente autom\u00e1tico. El sistema de gesti\u00f3n del lubricante refrigerante totalmente autom\u00e1tico mide y controla la concentraci\u00f3n, el nivel y la temperatura de todos&hellip;<\/p>\n","protected":false},"author":1,"featured_media":409,"parent":1053,"menu_order":0,"comment_status":"closed","ping_status":"closed","template":"","meta":{"_acf_changed":false,"footnotes":""},"class_list":["post-2122","page","type-page","status-publish","has-post-thumbnail","hentry","description-off"],"acf":[],"yoast_head":"<!-- This site is optimized with the Yoast SEO plugin v27.4 - https:\/\/yoast.com\/product\/yoast-seo-wordpress\/ -->\n<title>Liquidtool - Metalnex 360&ordm;<\/title>\n<meta name=\"robots\" content=\"index, follow, max-snippet:-1, max-image-preview:large, max-video-preview:-1\" \/>\n<link rel=\"canonical\" href=\"https:\/\/metalnex.com\/index.php\/suministro-industrial\/marcas\/tienda-minisitio-liquidtool\/\" \/>\n<meta property=\"og:locale\" content=\"es_ES\" \/>\n<meta property=\"og:type\" content=\"article\" \/>\n<meta property=\"og:title\" content=\"Liquidtool - Metalnex 360&ordm;\" \/>\n<meta property=\"og:description\" content=\"[vc_row][vc_column][vc_cta h2=\u00bbLiquidtool\u00bb txt_align=\u00bbcenter\u00bb style=\u00bbcustom\u00bb css_animation=\u00bbtop-to-bottom\u00bb custom_background=\u00bb#072742&#8243; custom_text=\u00bb#ffffff\u00bb][\/vc_cta][\/vc_column][\/vc_row][vc_row][vc_column][vc_empty_space height=\u00bb20px\u00bb][vc_separator][\/vc_column][\/vc_row][vc_row][vc_column css_animation=\u00bbleft-to-right\u00bb width=\u00bb1\/2&#8243;][vc_single_image image=\u00bb2111&#8243; img_size=\u00bbfull\u00bb alignment=\u00bbcenter\u00bb][vc_empty_space height=\u00bb10px32px\u00bb][vc_column_text]Gesti\u00f3n inteligente de lubricantes refrigerantes. La forma m\u00e1s r\u00e1pida de automatizaci\u00f3n y digitalizaci\u00f3n. Sistema de gesti\u00f3n del lubricante refrigerante totalmente autom\u00e1tico. El sistema de gesti\u00f3n del lubricante refrigerante totalmente autom\u00e1tico mide y controla la concentraci\u00f3n, el nivel y la temperatura de todos&hellip;\" \/>\n<meta property=\"og:url\" content=\"https:\/\/metalnex.com\/index.php\/suministro-industrial\/marcas\/tienda-minisitio-liquidtool\/\" \/>\n<meta property=\"og:site_name\" content=\"Metalnex 360&ordm;\" \/>\n<meta property=\"article:modified_time\" content=\"2025-10-09T15:29:52+00:00\" \/>\n<meta property=\"og:image\" content=\"https:\/\/metalnex.com\/wp-content\/uploads\/2023\/01\/hachenbach.jpg\" \/>\n\t<meta property=\"og:image:width\" content=\"400\" \/>\n\t<meta property=\"og:image:height\" content=\"180\" \/>\n\t<meta property=\"og:image:type\" content=\"image\/jpeg\" \/>\n<meta name=\"twitter:card\" content=\"summary_large_image\" \/>\n<meta name=\"twitter:label1\" content=\"Tiempo de lectura\" \/>\n\t<meta name=\"twitter:data1\" content=\"4 minutos\" \/>\n<script type=\"application\/ld+json\" class=\"yoast-schema-graph\">{\"@context\":\"https:\\\/\\\/schema.org\",\"@graph\":[{\"@type\":\"WebPage\",\"@id\":\"https:\\\/\\\/metalnex.com\\\/index.php\\\/suministro-industrial\\\/marcas\\\/tienda-minisitio-liquidtool\\\/\",\"url\":\"https:\\\/\\\/metalnex.com\\\/index.php\\\/suministro-industrial\\\/marcas\\\/tienda-minisitio-liquidtool\\\/\",\"name\":\"Liquidtool - Metalnex 360&ordm;\",\"isPartOf\":{\"@id\":\"https:\\\/\\\/metalnex.com\\\/#website\"},\"primaryImageOfPage\":{\"@id\":\"https:\\\/\\\/metalnex.com\\\/index.php\\\/suministro-industrial\\\/marcas\\\/tienda-minisitio-liquidtool\\\/#primaryimage\"},\"image\":{\"@id\":\"https:\\\/\\\/metalnex.com\\\/index.php\\\/suministro-industrial\\\/marcas\\\/tienda-minisitio-liquidtool\\\/#primaryimage\"},\"thumbnailUrl\":\"https:\\\/\\\/metalnex.com\\\/wp-content\\\/uploads\\\/2023\\\/01\\\/hachenbach.jpg\",\"datePublished\":\"2023-06-05T17:53:36+00:00\",\"dateModified\":\"2025-10-09T15:29:52+00:00\",\"breadcrumb\":{\"@id\":\"https:\\\/\\\/metalnex.com\\\/index.php\\\/suministro-industrial\\\/marcas\\\/tienda-minisitio-liquidtool\\\/#breadcrumb\"},\"inLanguage\":\"es\",\"potentialAction\":[{\"@type\":\"ReadAction\",\"target\":[\"https:\\\/\\\/metalnex.com\\\/index.php\\\/suministro-industrial\\\/marcas\\\/tienda-minisitio-liquidtool\\\/\"]}]},{\"@type\":\"ImageObject\",\"inLanguage\":\"es\",\"@id\":\"https:\\\/\\\/metalnex.com\\\/index.php\\\/suministro-industrial\\\/marcas\\\/tienda-minisitio-liquidtool\\\/#primaryimage\",\"url\":\"https:\\\/\\\/metalnex.com\\\/wp-content\\\/uploads\\\/2023\\\/01\\\/hachenbach.jpg\",\"contentUrl\":\"https:\\\/\\\/metalnex.com\\\/wp-content\\\/uploads\\\/2023\\\/01\\\/hachenbach.jpg\",\"width\":400,\"height\":180},{\"@type\":\"BreadcrumbList\",\"@id\":\"https:\\\/\\\/metalnex.com\\\/index.php\\\/suministro-industrial\\\/marcas\\\/tienda-minisitio-liquidtool\\\/#breadcrumb\",\"itemListElement\":[{\"@type\":\"ListItem\",\"position\":1,\"name\":\"Portada\",\"item\":\"https:\\\/\\\/metalnex.com\\\/\"},{\"@type\":\"ListItem\",\"position\":2,\"name\":\"Suministro industrial\",\"item\":\"https:\\\/\\\/metalnex.com\\\/index.php\\\/suministro-industrial\\\/\"},{\"@type\":\"ListItem\",\"position\":3,\"name\":\"Marcas\",\"item\":\"https:\\\/\\\/metalnex.com\\\/index.php\\\/suministro-industrial\\\/marcas\\\/\"},{\"@type\":\"ListItem\",\"position\":4,\"name\":\"Liquidtool\"}]},{\"@type\":\"WebSite\",\"@id\":\"https:\\\/\\\/metalnex.com\\\/#website\",\"url\":\"https:\\\/\\\/metalnex.com\\\/\",\"name\":\"Metalnex 360&ordm;\",\"description\":\"Tu sue&ntilde;a. Nosotros lean manufacturing\",\"potentialAction\":[{\"@type\":\"SearchAction\",\"target\":{\"@type\":\"EntryPoint\",\"urlTemplate\":\"https:\\\/\\\/metalnex.com\\\/?s={search_term_string}\"},\"query-input\":{\"@type\":\"PropertyValueSpecification\",\"valueRequired\":true,\"valueName\":\"search_term_string\"}}],\"inLanguage\":\"es\"}]}<\/script>\n<!-- \/ Yoast SEO plugin. -->","yoast_head_json":{"title":"Liquidtool - Metalnex 360&ordm;","robots":{"index":"index","follow":"follow","max-snippet":"max-snippet:-1","max-image-preview":"max-image-preview:large","max-video-preview":"max-video-preview:-1"},"canonical":"https:\/\/metalnex.com\/index.php\/suministro-industrial\/marcas\/tienda-minisitio-liquidtool\/","og_locale":"es_ES","og_type":"article","og_title":"Liquidtool - Metalnex 360&ordm;","og_description":"[vc_row][vc_column][vc_cta h2=\u00bbLiquidtool\u00bb txt_align=\u00bbcenter\u00bb style=\u00bbcustom\u00bb css_animation=\u00bbtop-to-bottom\u00bb custom_background=\u00bb#072742&#8243; custom_text=\u00bb#ffffff\u00bb][\/vc_cta][\/vc_column][\/vc_row][vc_row][vc_column][vc_empty_space height=\u00bb20px\u00bb][vc_separator][\/vc_column][\/vc_row][vc_row][vc_column css_animation=\u00bbleft-to-right\u00bb width=\u00bb1\/2&#8243;][vc_single_image image=\u00bb2111&#8243; img_size=\u00bbfull\u00bb alignment=\u00bbcenter\u00bb][vc_empty_space height=\u00bb10px32px\u00bb][vc_column_text]Gesti\u00f3n inteligente de lubricantes refrigerantes. La forma m\u00e1s r\u00e1pida de automatizaci\u00f3n y digitalizaci\u00f3n. Sistema de gesti\u00f3n del lubricante refrigerante totalmente autom\u00e1tico. El sistema de gesti\u00f3n del lubricante refrigerante totalmente autom\u00e1tico mide y controla la concentraci\u00f3n, el nivel y la temperatura de todos&hellip;","og_url":"https:\/\/metalnex.com\/index.php\/suministro-industrial\/marcas\/tienda-minisitio-liquidtool\/","og_site_name":"Metalnex 360&ordm;","article_modified_time":"2025-10-09T15:29:52+00:00","og_image":[{"width":400,"height":180,"url":"https:\/\/metalnex.com\/wp-content\/uploads\/2023\/01\/hachenbach.jpg","type":"image\/jpeg"}],"twitter_card":"summary_large_image","twitter_misc":{"Tiempo de lectura":"4 minutos"},"schema":{"@context":"https:\/\/schema.org","@graph":[{"@type":"WebPage","@id":"https:\/\/metalnex.com\/index.php\/suministro-industrial\/marcas\/tienda-minisitio-liquidtool\/","url":"https:\/\/metalnex.com\/index.php\/suministro-industrial\/marcas\/tienda-minisitio-liquidtool\/","name":"Liquidtool - Metalnex 360&ordm;","isPartOf":{"@id":"https:\/\/metalnex.com\/#website"},"primaryImageOfPage":{"@id":"https:\/\/metalnex.com\/index.php\/suministro-industrial\/marcas\/tienda-minisitio-liquidtool\/#primaryimage"},"image":{"@id":"https:\/\/metalnex.com\/index.php\/suministro-industrial\/marcas\/tienda-minisitio-liquidtool\/#primaryimage"},"thumbnailUrl":"https:\/\/metalnex.com\/wp-content\/uploads\/2023\/01\/hachenbach.jpg","datePublished":"2023-06-05T17:53:36+00:00","dateModified":"2025-10-09T15:29:52+00:00","breadcrumb":{"@id":"https:\/\/metalnex.com\/index.php\/suministro-industrial\/marcas\/tienda-minisitio-liquidtool\/#breadcrumb"},"inLanguage":"es","potentialAction":[{"@type":"ReadAction","target":["https:\/\/metalnex.com\/index.php\/suministro-industrial\/marcas\/tienda-minisitio-liquidtool\/"]}]},{"@type":"ImageObject","inLanguage":"es","@id":"https:\/\/metalnex.com\/index.php\/suministro-industrial\/marcas\/tienda-minisitio-liquidtool\/#primaryimage","url":"https:\/\/metalnex.com\/wp-content\/uploads\/2023\/01\/hachenbach.jpg","contentUrl":"https:\/\/metalnex.com\/wp-content\/uploads\/2023\/01\/hachenbach.jpg","width":400,"height":180},{"@type":"BreadcrumbList","@id":"https:\/\/metalnex.com\/index.php\/suministro-industrial\/marcas\/tienda-minisitio-liquidtool\/#breadcrumb","itemListElement":[{"@type":"ListItem","position":1,"name":"Portada","item":"https:\/\/metalnex.com\/"},{"@type":"ListItem","position":2,"name":"Suministro industrial","item":"https:\/\/metalnex.com\/index.php\/suministro-industrial\/"},{"@type":"ListItem","position":3,"name":"Marcas","item":"https:\/\/metalnex.com\/index.php\/suministro-industrial\/marcas\/"},{"@type":"ListItem","position":4,"name":"Liquidtool"}]},{"@type":"WebSite","@id":"https:\/\/metalnex.com\/#website","url":"https:\/\/metalnex.com\/","name":"Metalnex 360&ordm;","description":"Tu sue&ntilde;a. Nosotros lean manufacturing","potentialAction":[{"@type":"SearchAction","target":{"@type":"EntryPoint","urlTemplate":"https:\/\/metalnex.com\/?s={search_term_string}"},"query-input":{"@type":"PropertyValueSpecification","valueRequired":true,"valueName":"search_term_string"}}],"inLanguage":"es"}]}},"jetpack_sharing_enabled":true,"_links":{"self":[{"href":"https:\/\/metalnex.com\/index.php\/wp-json\/wp\/v2\/pages\/2122","targetHints":{"allow":["GET"]}}],"collection":[{"href":"https:\/\/metalnex.com\/index.php\/wp-json\/wp\/v2\/pages"}],"about":[{"href":"https:\/\/metalnex.com\/index.php\/wp-json\/wp\/v2\/types\/page"}],"author":[{"embeddable":true,"href":"https:\/\/metalnex.com\/index.php\/wp-json\/wp\/v2\/users\/1"}],"replies":[{"embeddable":true,"href":"https:\/\/metalnex.com\/index.php\/wp-json\/wp\/v2\/comments?post=2122"}],"version-history":[{"count":16,"href":"https:\/\/metalnex.com\/index.php\/wp-json\/wp\/v2\/pages\/2122\/revisions"}],"predecessor-version":[{"id":5776,"href":"https:\/\/metalnex.com\/index.php\/wp-json\/wp\/v2\/pages\/2122\/revisions\/5776"}],"up":[{"embeddable":true,"href":"https:\/\/metalnex.com\/index.php\/wp-json\/wp\/v2\/pages\/1053"}],"wp:featuredmedia":[{"embeddable":true,"href":"https:\/\/metalnex.com\/index.php\/wp-json\/wp\/v2\/media\/409"}],"wp:attachment":[{"href":"https:\/\/metalnex.com\/index.php\/wp-json\/wp\/v2\/media?parent=2122"}],"curies":[{"name":"wp","href":"https:\/\/api.w.org\/{rel}","templated":true}]}}