{"id":1609,"date":"2023-04-24T10:14:48","date_gmt":"2023-04-24T08:14:48","guid":{"rendered":"https:\/\/metalnex.com\/?page_id=1609"},"modified":"2025-10-09T17:03:45","modified_gmt":"2025-10-09T15:03:45","slug":"tienda-minisitio-dc","status":"publish","type":"page","link":"https:\/\/metalnex.com\/index.php\/suministro-industrial\/marcas\/tienda-minisitio-dc\/","title":{"rendered":"DC Swiss"},"content":{"rendered":"<div class=\"wpb-content-wrapper\"><p>[vc_row][vc_column][vc_cta h2=\u00bbDC Swiss\u00bb txt_align=\u00bbcenter\u00bb style=\u00bbcustom\u00bb css_animation=\u00bbtop-to-bottom\u00bb custom_background=\u00bb#072742&#8243; custom_text=\u00bb#ffffff\u00bb][\/vc_cta][\/vc_column][\/vc_row][vc_row][vc_column][vc_empty_space height=\u00bb20px\u00bb][vc_separator][\/vc_column][\/vc_row][vc_row][vc_column css_animation=\u00bbfadeIn\u00bb offset=\u00bbvc_hidden-lg vc_hidden-md vc_hidden-sm vc_hidden-xs\u00bb][vc_single_image img_size=\u00bbfull\u00bb alignment=\u00bbcenter\u00bb onclick=\u00bbcustom_link\u00bb img_link_target=\u00bb_blank\u00bb link=\u00bbhttps:\/\/metalnex.com\/wp-content\/uploads\/2023\/03\/hachenbach_katalog_de_es_23-3.pdf\u00bb][vc_empty_space][\/vc_column][\/vc_row][vc_row][vc_column css_animation=\u00bbfadeIn\u00bb offset=\u00bbvc_hidden-lg vc_hidden-md vc_hidden-sm vc_hidden-xs\u00bb][vc_single_image img_size=\u00bbfull\u00bb alignment=\u00bbcenter\u00bb onclick=\u00bbcustom_link\u00bb img_link_target=\u00bb_blank\u00bb link=\u00bbhttps:\/\/metalnex.com\/wp-content\/uploads\/2023\/03\/hachenbach_katalog_de_es_23-3.pdf\u00bb][vc_empty_space][\/vc_column][\/vc_row][vc_row][vc_column css_animation=\u00bbleft-to-right\u00bb width=\u00bb1\/2&#8243;][vc_single_image image=\u00bb406&#8243; img_size=\u00bbfull\u00bb alignment=\u00bbcenter\u00bb][vc_empty_space height=\u00bb10px32px\u00bb][vc_column_text]<\/p>\n<blockquote><p>\u201cAl principio busc\u00e1bamos las mejores herramientas, despu\u00e9s decidimos fabricarlas nosotros mismos\u201d<\/p><\/blockquote>\n<p>DC Swiss es una empresa de renombre internacional, l\u00edder en el mercado suizo y con presencia en m\u00e1s de 50 pa\u00edses. Fue fundada en 1940 y se ha especializado en el desarrollo, la producci\u00f3n y la comercializaci\u00f3n de herramientas de roscado de alta calidad y precisi\u00f3n para empresas de todos los sectores.<\/p>\n<p>Cuentan con soluciones de roscado desde un \u00d8\u00a0de 0.3 \u00e0 160 mm.[\/vc_column_text][\/vc_column][vc_column css_animation=\u00bbright-to-left\u00bb width=\u00bb1\/2&#8243;][vc_row_inner][vc_column_inner width=\u00bb1\/3&#8243;][vc_column_text]<\/p>\n<h3>PA\u00cdS<\/h3>\n<p>\ud83c\udde8\ud83c\udded Suiza[\/vc_column_text][\/vc_column_inner][vc_column_inner width=\u00bb1\/3&#8243;][vc_column_text]<\/p>\n<h3>CATEGOR\u00cdA<\/h3>\n<p>Herramientas de corte:<\/p>\n<ul>\n<li>Aplicaci\u00f3n: Roscado<\/li>\n<\/ul>\n<p>[\/vc_column_text][\/vc_column_inner][\/vc_row_inner][vc_row_inner][vc_column_inner width=\u00bb1\/2&#8243;][vc_column_text css=\u00bb\u00bb]<a href=\"https:\/\/metalnex.com\/wp-content\/uploads\/2023\/04\/DC-Swiss-Brochure-AERO-DE-EN_low.pdf\" target=\"_blank\" rel=\"noopener\"><img loading=\"lazy\" decoding=\"async\" class=\"alignleft wp-image-1674\" src=\"https:\/\/metalnex.com\/wp-content\/uploads\/2023\/04\/Catalgo-General-Stock-ES-1-212x300.jpg\" alt=\"\" width=\"100\" height=\"142\" srcset=\"https:\/\/metalnex.com\/wp-content\/uploads\/2023\/04\/Catalgo-General-Stock-ES-1-212x300.jpg 212w, https:\/\/metalnex.com\/wp-content\/uploads\/2023\/04\/Catalgo-General-Stock-ES-1-724x1024.jpg 724w, https:\/\/metalnex.com\/wp-content\/uploads\/2023\/04\/Catalgo-General-Stock-ES-1-768x1087.jpg 768w, https:\/\/metalnex.com\/wp-content\/uploads\/2023\/04\/Catalgo-General-Stock-ES-1-600x849.jpg 600w, https:\/\/metalnex.com\/wp-content\/uploads\/2023\/04\/Catalgo-General-Stock-ES-1.jpg 1000w\" sizes=\"auto, (max-width: 100px) 100vw, 100px\" \/><\/a>[\/vc_column_text][\/vc_column_inner][vc_column_inner width=\u00bb1\/2&#8243;][vc_column_text css=\u00bb\u00bb]<a href=\"https:\/\/metalnex.com\/wp-content\/uploads\/2023\/04\/Catalogue-TC-ES-EN_low_compressed.pdf\" target=\"_blank\" rel=\"noopener\"><img loading=\"lazy\" decoding=\"async\" class=\"alignleft wp-image-1537\" src=\"https:\/\/metalnex.com\/wp-content\/uploads\/2023\/04\/Catalogue-TC-ES-EN-212x300.jpg\" alt=\"\" width=\"100\" height=\"142\" srcset=\"https:\/\/metalnex.com\/wp-content\/uploads\/2023\/04\/Catalogue-TC-ES-EN-212x300.jpg 212w, https:\/\/metalnex.com\/wp-content\/uploads\/2023\/04\/Catalogue-TC-ES-EN-724x1024.jpg 724w, https:\/\/metalnex.com\/wp-content\/uploads\/2023\/04\/Catalogue-TC-ES-EN-768x1087.jpg 768w, https:\/\/metalnex.com\/wp-content\/uploads\/2023\/04\/Catalogue-TC-ES-EN-600x849.jpg 600w, https:\/\/metalnex.com\/wp-content\/uploads\/2023\/04\/Catalogue-TC-ES-EN.jpg 1000w\" sizes=\"auto, (max-width: 100px) 100vw, 100px\" \/><\/a>[\/vc_column_text][\/vc_column_inner][\/vc_row_inner][vc_row_inner][vc_column_inner width=\u00bb1\/2&#8243; css=\u00bb.vc_custom_1760022222183{padding-top: 10px !important;}\u00bb][vc_btn title=\u00bbDescubre todos los cat\u00e1logos\u00bb style=\u00bbcustom\u00bb custom_background=\u00bb#072742&#8243; custom_text=\u00bb#ffffff\u00bb align=\u00bbleft\u00bb css=\u00bb\u00bb link=\u00bburl:https%3A%2F%2Fmetalnex.com%2Findex.php%2Fcatalogos%2F\u00bb el_id=\u00bbproductos\u00bb][\/vc_column_inner][\/vc_row_inner][\/vc_column][\/vc_row][vc_row][vc_column css_animation=\u00bbfadeIn\u00bb offset=\u00bbvc_hidden-lg vc_hidden-md vc_hidden-sm vc_hidden-xs\u00bb][vc_empty_space height=\u00bb50&#8243; el_id=\u00bb#productos\u00bb][vc_custom_heading text=\u00bbPRODUCTOS\u00bb font_container=\u00bbtag:h1|text_align:left\u00bb google_fonts=\u00bbfont_family:Quicksand%3A300%2Cregular%2C700|font_style:700%20bold%20regular%3A700%3Anormal\u00bb][vc_empty_space height=\u00bb15&#8243;][vc_column_text]PR\u00d3XIMAMENTE[\/vc_column_text][vc_empty_space height=\u00bb50&#8243;][\/vc_column][\/vc_row][vc_row][vc_column][vc_empty_space][vc_custom_heading text=\u00bbSu partner en soluciones aeroespaciales\u00bb font_container=\u00bbtag:h2|text_align:center\u00bb google_fonts=\u00bbfont_family:Quicksand%3A300%2Cregular%2C700|font_style:700%20bold%20regular%3A700%3Anormal\u00bb css=\u00bb.vc_custom_1682502946471{padding-bottom: 15px !important;}\u00bb][vc_video link=\u00bbhttps:\/\/www.youtube.com\/watch?v=1UYfkLCds9U\u00bb el_width=\u00bb70&#8243; align=\u00bbcenter\u00bb][\/vc_column][\/vc_row][vc_row][vc_column][vc_empty_space][vc_custom_heading text=\u00bbQTap en acci\u00f3n\u00bb font_container=\u00bbtag:h2|text_align:center\u00bb google_fonts=\u00bbfont_family:Quicksand%3A300%2Cregular%2C700|font_style:700%20bold%20regular%3A700%3Anormal\u00bb css=\u00bb.vc_custom_1682502312815{padding-bottom: 15px !important;}\u00bb][vc_video link=\u00bbhttps:\/\/youtu.be\/ukGb6duiyNo\u00bb el_width=\u00bb70&#8243; align=\u00bbcenter\u00bb][\/vc_column][\/vc_row][vc_row][vc_column css_animation=\u00bbfadeIn\u00bb el_id=\u00bbtarifas\u00bb][vc_empty_space][vc_tta_tabs title_tag=\u00bbh1&#8243; section_title_tag=\u00bbh2&#8243; color=\u00bbpeacoc\u00bb spacing=\u00bb3&#8243; gap=\u00bb3&#8243; active_section=\u00bb2&#8243;][vc_tta_section title=\u00bbTarifas\u00bb tab_id=\u00bb1679555919370-e988b7a1-9467&#8243;][vc_column_text]Actualmente no hay tarifas disponibles.[\/vc_column_text][\/vc_tta_section][vc_tta_section title=\u00bbPromociones\u00bb tab_id=\u00bb1679555933059-bedefbdd-2b59&#8243;][vc_column_text]Actualmente no hay promociones disponibles.[\/vc_column_text][\/vc_tta_section][\/vc_tta_tabs][\/vc_column][\/vc_row][vc_row][vc_column][vc_empty_space height=\u00bb80px\u00bb][vc_custom_heading text=\u00bbCONOCE NUESTRO EQUIPO\u00bb font_container=\u00bbtag:h2|text_align:center\u00bb google_fonts=\u00bbfont_family:Quicksand%3A300%2Cregular%2C700|font_style:700%20bold%20regular%3A700%3Anormal\u00bb][vc_empty_space height=\u00bb35px\u00bb][vc_row_inner][vc_column_inner width=\u00bb1\/3&#8243;][vc_single_image image=\u00bb1134&#8243; img_size=\u00bb200X200&#8243; alignment=\u00bbcenter\u00bb onclick=\u00bbcustom_link\u00bb css_animation=\u00bbfadeIn\u00bb image_hovers=\u00bbfalse\u00bb link=\u00bbhttps:\/\/metalnex.com\/index.php\/departamento-administracion-ventas\/\u00bb][vc_column_text css_animation=\u00bbbottom-to-top\u00bb]<\/p>\n<p style=\"text-align: center;\"><b>Departamento Administraci\u00f3n-Ventas<\/b><\/p>\n<p>[\/vc_column_text][\/vc_column_inner][vc_column_inner width=\u00bb1\/3&#8243;][vc_single_image image=\u00bb1133&#8243; img_size=\u00bb200X200&#8243; alignment=\u00bbcenter\u00bb onclick=\u00bbcustom_link\u00bb css_animation=\u00bbfadeIn\u00bb image_hovers=\u00bbfalse\u00bb link=\u00bbhttps:\/\/metalnex.com\/index.php\/departamento-comercial\/\u00bb][vc_column_text css_animation=\u00bbbottom-to-top\u00bb]<\/p>\n<p style=\"text-align: center;\"><b>Departamento Comercial<\/b><\/p>\n<p>[\/vc_column_text][\/vc_column_inner][vc_column_inner width=\u00bb1\/3&#8243;][vc_single_image image=\u00bb1135&#8243; img_size=\u00bb200X200&#8243; alignment=\u00bbcenter\u00bb onclick=\u00bbcustom_link\u00bb css_animation=\u00bbfadeIn\u00bb image_hovers=\u00bbfalse\u00bb link=\u00bbhttps:\/\/metalnex.com\/index.php\/departamento-tecnico\/\u00bb][vc_column_text css_animation=\u00bbbottom-to-top\u00bb]<\/p>\n<p style=\"text-align: center;\"><b>Departamento T\u00e9cnico<\/b><\/p>\n<p>[\/vc_column_text][\/vc_column_inner][\/vc_row_inner][\/vc_column][\/vc_row]<\/p>\n<\/div>","protected":false},"excerpt":{"rendered":"<p>[vc_row][vc_column][vc_cta h2=\u00bbDC Swiss\u00bb txt_align=\u00bbcenter\u00bb style=\u00bbcustom\u00bb css_animation=\u00bbtop-to-bottom\u00bb custom_background=\u00bb#072742&#8243; custom_text=\u00bb#ffffff\u00bb][\/vc_cta][\/vc_column][\/vc_row][vc_row][vc_column][vc_empty_space height=\u00bb20px\u00bb][vc_separator][\/vc_column][\/vc_row][vc_row][vc_column css_animation=\u00bbfadeIn\u00bb offset=\u00bbvc_hidden-lg vc_hidden-md vc_hidden-sm vc_hidden-xs\u00bb][vc_single_image img_size=\u00bbfull\u00bb alignment=\u00bbcenter\u00bb onclick=\u00bbcustom_link\u00bb img_link_target=\u00bb_blank\u00bb link=\u00bbhttps:\/\/metalnex.com\/wp-content\/uploads\/2023\/03\/hachenbach_katalog_de_es_23-3.pdf\u00bb][vc_empty_space][\/vc_column][\/vc_row][vc_row][vc_column css_animation=\u00bbfadeIn\u00bb offset=\u00bbvc_hidden-lg vc_hidden-md vc_hidden-sm vc_hidden-xs\u00bb][vc_single_image img_size=\u00bbfull\u00bb alignment=\u00bbcenter\u00bb onclick=\u00bbcustom_link\u00bb img_link_target=\u00bb_blank\u00bb link=\u00bbhttps:\/\/metalnex.com\/wp-content\/uploads\/2023\/03\/hachenbach_katalog_de_es_23-3.pdf\u00bb][vc_empty_space][\/vc_column][\/vc_row][vc_row][vc_column css_animation=\u00bbleft-to-right\u00bb width=\u00bb1\/2&#8243;][vc_single_image image=\u00bb406&#8243; img_size=\u00bbfull\u00bb alignment=\u00bbcenter\u00bb][vc_empty_space height=\u00bb10px32px\u00bb][vc_column_text] \u201cAl principio busc\u00e1bamos las mejores herramientas, despu\u00e9s decidimos fabricarlas nosotros mismos\u201d DC Swiss es una empresa de renombre internacional, l\u00edder&hellip;<\/p>\n","protected":false},"author":1,"featured_media":0,"parent":1053,"menu_order":0,"comment_status":"closed","ping_status":"closed","template":"","meta":{"_acf_changed":false,"footnotes":""},"class_list":["post-1609","page","type-page","status-publish","hentry","description-off"],"acf":[],"yoast_head":"<!-- This site is optimized with the Yoast SEO plugin v27.3 - https:\/\/yoast.com\/product\/yoast-seo-wordpress\/ -->\n<title>DC Swiss - Metalnex 360&ordm;<\/title>\n<meta name=\"robots\" content=\"index, follow, max-snippet:-1, max-image-preview:large, max-video-preview:-1\" \/>\n<link rel=\"canonical\" href=\"https:\/\/metalnex.com\/index.php\/suministro-industrial\/marcas\/tienda-minisitio-dc\/\" \/>\n<meta property=\"og:locale\" content=\"es_ES\" \/>\n<meta property=\"og:type\" content=\"article\" \/>\n<meta property=\"og:title\" content=\"DC Swiss - Metalnex 360&ordm;\" \/>\n<meta property=\"og:description\" content=\"[vc_row][vc_column][vc_cta h2=\u00bbDC Swiss\u00bb txt_align=\u00bbcenter\u00bb style=\u00bbcustom\u00bb css_animation=\u00bbtop-to-bottom\u00bb custom_background=\u00bb#072742&#8243; custom_text=\u00bb#ffffff\u00bb][\/vc_cta][\/vc_column][\/vc_row][vc_row][vc_column][vc_empty_space height=\u00bb20px\u00bb][vc_separator][\/vc_column][\/vc_row][vc_row][vc_column css_animation=\u00bbfadeIn\u00bb offset=\u00bbvc_hidden-lg vc_hidden-md vc_hidden-sm vc_hidden-xs\u00bb][vc_single_image img_size=\u00bbfull\u00bb alignment=\u00bbcenter\u00bb onclick=\u00bbcustom_link\u00bb img_link_target=\u00bb_blank\u00bb link=\u00bbhttps:\/\/metalnex.com\/wp-content\/uploads\/2023\/03\/hachenbach_katalog_de_es_23-3.pdf\u00bb][vc_empty_space][\/vc_column][\/vc_row][vc_row][vc_column css_animation=\u00bbfadeIn\u00bb offset=\u00bbvc_hidden-lg vc_hidden-md vc_hidden-sm vc_hidden-xs\u00bb][vc_single_image img_size=\u00bbfull\u00bb alignment=\u00bbcenter\u00bb onclick=\u00bbcustom_link\u00bb img_link_target=\u00bb_blank\u00bb link=\u00bbhttps:\/\/metalnex.com\/wp-content\/uploads\/2023\/03\/hachenbach_katalog_de_es_23-3.pdf\u00bb][vc_empty_space][\/vc_column][\/vc_row][vc_row][vc_column css_animation=\u00bbleft-to-right\u00bb width=\u00bb1\/2&#8243;][vc_single_image image=\u00bb406&#8243; img_size=\u00bbfull\u00bb alignment=\u00bbcenter\u00bb][vc_empty_space height=\u00bb10px32px\u00bb][vc_column_text] \u201cAl principio busc\u00e1bamos las mejores herramientas, despu\u00e9s decidimos fabricarlas nosotros mismos\u201d DC Swiss es una empresa de renombre internacional, l\u00edder&hellip;\" \/>\n<meta property=\"og:url\" content=\"https:\/\/metalnex.com\/index.php\/suministro-industrial\/marcas\/tienda-minisitio-dc\/\" \/>\n<meta property=\"og:site_name\" content=\"Metalnex 360&ordm;\" \/>\n<meta property=\"article:modified_time\" content=\"2025-10-09T15:03:45+00:00\" \/>\n<meta property=\"og:image\" content=\"https:\/\/metalnex.com\/wp-content\/uploads\/2023\/04\/Catalgo-General-Stock-ES-1-212x300.jpg\" \/>\n<meta name=\"twitter:card\" content=\"summary_large_image\" \/>\n<meta name=\"twitter:label1\" content=\"Tiempo de lectura\" \/>\n\t<meta name=\"twitter:data1\" content=\"2 minutos\" \/>\n<script type=\"application\/ld+json\" class=\"yoast-schema-graph\">{\"@context\":\"https:\\\/\\\/schema.org\",\"@graph\":[{\"@type\":\"WebPage\",\"@id\":\"https:\\\/\\\/metalnex.com\\\/index.php\\\/suministro-industrial\\\/marcas\\\/tienda-minisitio-dc\\\/\",\"url\":\"https:\\\/\\\/metalnex.com\\\/index.php\\\/suministro-industrial\\\/marcas\\\/tienda-minisitio-dc\\\/\",\"name\":\"DC Swiss - Metalnex 360&ordm;\",\"isPartOf\":{\"@id\":\"https:\\\/\\\/metalnex.com\\\/#website\"},\"primaryImageOfPage\":{\"@id\":\"https:\\\/\\\/metalnex.com\\\/index.php\\\/suministro-industrial\\\/marcas\\\/tienda-minisitio-dc\\\/#primaryimage\"},\"image\":{\"@id\":\"https:\\\/\\\/metalnex.com\\\/index.php\\\/suministro-industrial\\\/marcas\\\/tienda-minisitio-dc\\\/#primaryimage\"},\"thumbnailUrl\":\"https:\\\/\\\/metalnex.com\\\/wp-content\\\/uploads\\\/2023\\\/04\\\/Catalgo-General-Stock-ES-1-212x300.jpg\",\"datePublished\":\"2023-04-24T08:14:48+00:00\",\"dateModified\":\"2025-10-09T15:03:45+00:00\",\"breadcrumb\":{\"@id\":\"https:\\\/\\\/metalnex.com\\\/index.php\\\/suministro-industrial\\\/marcas\\\/tienda-minisitio-dc\\\/#breadcrumb\"},\"inLanguage\":\"es\",\"potentialAction\":[{\"@type\":\"ReadAction\",\"target\":[\"https:\\\/\\\/metalnex.com\\\/index.php\\\/suministro-industrial\\\/marcas\\\/tienda-minisitio-dc\\\/\"]}]},{\"@type\":\"ImageObject\",\"inLanguage\":\"es\",\"@id\":\"https:\\\/\\\/metalnex.com\\\/index.php\\\/suministro-industrial\\\/marcas\\\/tienda-minisitio-dc\\\/#primaryimage\",\"url\":\"https:\\\/\\\/metalnex.com\\\/wp-content\\\/uploads\\\/2023\\\/04\\\/Catalgo-General-Stock-ES-1.jpg\",\"contentUrl\":\"https:\\\/\\\/metalnex.com\\\/wp-content\\\/uploads\\\/2023\\\/04\\\/Catalgo-General-Stock-ES-1.jpg\",\"width\":1000,\"height\":1415},{\"@type\":\"BreadcrumbList\",\"@id\":\"https:\\\/\\\/metalnex.com\\\/index.php\\\/suministro-industrial\\\/marcas\\\/tienda-minisitio-dc\\\/#breadcrumb\",\"itemListElement\":[{\"@type\":\"ListItem\",\"position\":1,\"name\":\"Portada\",\"item\":\"https:\\\/\\\/metalnex.com\\\/\"},{\"@type\":\"ListItem\",\"position\":2,\"name\":\"Suministro industrial\",\"item\":\"https:\\\/\\\/metalnex.com\\\/index.php\\\/suministro-industrial\\\/\"},{\"@type\":\"ListItem\",\"position\":3,\"name\":\"Marcas\",\"item\":\"https:\\\/\\\/metalnex.com\\\/index.php\\\/suministro-industrial\\\/marcas\\\/\"},{\"@type\":\"ListItem\",\"position\":4,\"name\":\"DC Swiss\"}]},{\"@type\":\"WebSite\",\"@id\":\"https:\\\/\\\/metalnex.com\\\/#website\",\"url\":\"https:\\\/\\\/metalnex.com\\\/\",\"name\":\"Metalnex 360&ordm;\",\"description\":\"Tu sue&ntilde;a. Nosotros lean manufacturing\",\"potentialAction\":[{\"@type\":\"SearchAction\",\"target\":{\"@type\":\"EntryPoint\",\"urlTemplate\":\"https:\\\/\\\/metalnex.com\\\/?s={search_term_string}\"},\"query-input\":{\"@type\":\"PropertyValueSpecification\",\"valueRequired\":true,\"valueName\":\"search_term_string\"}}],\"inLanguage\":\"es\"}]}<\/script>\n<!-- \/ Yoast SEO plugin. -->","yoast_head_json":{"title":"DC Swiss - Metalnex 360&ordm;","robots":{"index":"index","follow":"follow","max-snippet":"max-snippet:-1","max-image-preview":"max-image-preview:large","max-video-preview":"max-video-preview:-1"},"canonical":"https:\/\/metalnex.com\/index.php\/suministro-industrial\/marcas\/tienda-minisitio-dc\/","og_locale":"es_ES","og_type":"article","og_title":"DC Swiss - Metalnex 360&ordm;","og_description":"[vc_row][vc_column][vc_cta h2=\u00bbDC Swiss\u00bb txt_align=\u00bbcenter\u00bb style=\u00bbcustom\u00bb css_animation=\u00bbtop-to-bottom\u00bb custom_background=\u00bb#072742&#8243; custom_text=\u00bb#ffffff\u00bb][\/vc_cta][\/vc_column][\/vc_row][vc_row][vc_column][vc_empty_space height=\u00bb20px\u00bb][vc_separator][\/vc_column][\/vc_row][vc_row][vc_column css_animation=\u00bbfadeIn\u00bb offset=\u00bbvc_hidden-lg vc_hidden-md vc_hidden-sm vc_hidden-xs\u00bb][vc_single_image img_size=\u00bbfull\u00bb alignment=\u00bbcenter\u00bb onclick=\u00bbcustom_link\u00bb img_link_target=\u00bb_blank\u00bb link=\u00bbhttps:\/\/metalnex.com\/wp-content\/uploads\/2023\/03\/hachenbach_katalog_de_es_23-3.pdf\u00bb][vc_empty_space][\/vc_column][\/vc_row][vc_row][vc_column css_animation=\u00bbfadeIn\u00bb offset=\u00bbvc_hidden-lg vc_hidden-md vc_hidden-sm vc_hidden-xs\u00bb][vc_single_image img_size=\u00bbfull\u00bb alignment=\u00bbcenter\u00bb onclick=\u00bbcustom_link\u00bb img_link_target=\u00bb_blank\u00bb link=\u00bbhttps:\/\/metalnex.com\/wp-content\/uploads\/2023\/03\/hachenbach_katalog_de_es_23-3.pdf\u00bb][vc_empty_space][\/vc_column][\/vc_row][vc_row][vc_column css_animation=\u00bbleft-to-right\u00bb width=\u00bb1\/2&#8243;][vc_single_image image=\u00bb406&#8243; img_size=\u00bbfull\u00bb alignment=\u00bbcenter\u00bb][vc_empty_space height=\u00bb10px32px\u00bb][vc_column_text] \u201cAl principio busc\u00e1bamos las mejores herramientas, despu\u00e9s decidimos fabricarlas nosotros mismos\u201d DC Swiss es una empresa de renombre internacional, l\u00edder&hellip;","og_url":"https:\/\/metalnex.com\/index.php\/suministro-industrial\/marcas\/tienda-minisitio-dc\/","og_site_name":"Metalnex 360&ordm;","article_modified_time":"2025-10-09T15:03:45+00:00","og_image":[{"url":"https:\/\/metalnex.com\/wp-content\/uploads\/2023\/04\/Catalgo-General-Stock-ES-1-212x300.jpg","type":"","width":"","height":""}],"twitter_card":"summary_large_image","twitter_misc":{"Tiempo de lectura":"2 minutos"},"schema":{"@context":"https:\/\/schema.org","@graph":[{"@type":"WebPage","@id":"https:\/\/metalnex.com\/index.php\/suministro-industrial\/marcas\/tienda-minisitio-dc\/","url":"https:\/\/metalnex.com\/index.php\/suministro-industrial\/marcas\/tienda-minisitio-dc\/","name":"DC Swiss - Metalnex 360&ordm;","isPartOf":{"@id":"https:\/\/metalnex.com\/#website"},"primaryImageOfPage":{"@id":"https:\/\/metalnex.com\/index.php\/suministro-industrial\/marcas\/tienda-minisitio-dc\/#primaryimage"},"image":{"@id":"https:\/\/metalnex.com\/index.php\/suministro-industrial\/marcas\/tienda-minisitio-dc\/#primaryimage"},"thumbnailUrl":"https:\/\/metalnex.com\/wp-content\/uploads\/2023\/04\/Catalgo-General-Stock-ES-1-212x300.jpg","datePublished":"2023-04-24T08:14:48+00:00","dateModified":"2025-10-09T15:03:45+00:00","breadcrumb":{"@id":"https:\/\/metalnex.com\/index.php\/suministro-industrial\/marcas\/tienda-minisitio-dc\/#breadcrumb"},"inLanguage":"es","potentialAction":[{"@type":"ReadAction","target":["https:\/\/metalnex.com\/index.php\/suministro-industrial\/marcas\/tienda-minisitio-dc\/"]}]},{"@type":"ImageObject","inLanguage":"es","@id":"https:\/\/metalnex.com\/index.php\/suministro-industrial\/marcas\/tienda-minisitio-dc\/#primaryimage","url":"https:\/\/metalnex.com\/wp-content\/uploads\/2023\/04\/Catalgo-General-Stock-ES-1.jpg","contentUrl":"https:\/\/metalnex.com\/wp-content\/uploads\/2023\/04\/Catalgo-General-Stock-ES-1.jpg","width":1000,"height":1415},{"@type":"BreadcrumbList","@id":"https:\/\/metalnex.com\/index.php\/suministro-industrial\/marcas\/tienda-minisitio-dc\/#breadcrumb","itemListElement":[{"@type":"ListItem","position":1,"name":"Portada","item":"https:\/\/metalnex.com\/"},{"@type":"ListItem","position":2,"name":"Suministro industrial","item":"https:\/\/metalnex.com\/index.php\/suministro-industrial\/"},{"@type":"ListItem","position":3,"name":"Marcas","item":"https:\/\/metalnex.com\/index.php\/suministro-industrial\/marcas\/"},{"@type":"ListItem","position":4,"name":"DC Swiss"}]},{"@type":"WebSite","@id":"https:\/\/metalnex.com\/#website","url":"https:\/\/metalnex.com\/","name":"Metalnex 360&ordm;","description":"Tu sue&ntilde;a. Nosotros lean manufacturing","potentialAction":[{"@type":"SearchAction","target":{"@type":"EntryPoint","urlTemplate":"https:\/\/metalnex.com\/?s={search_term_string}"},"query-input":{"@type":"PropertyValueSpecification","valueRequired":true,"valueName":"search_term_string"}}],"inLanguage":"es"}]}},"jetpack_sharing_enabled":true,"_links":{"self":[{"href":"https:\/\/metalnex.com\/index.php\/wp-json\/wp\/v2\/pages\/1609","targetHints":{"allow":["GET"]}}],"collection":[{"href":"https:\/\/metalnex.com\/index.php\/wp-json\/wp\/v2\/pages"}],"about":[{"href":"https:\/\/metalnex.com\/index.php\/wp-json\/wp\/v2\/types\/page"}],"author":[{"embeddable":true,"href":"https:\/\/metalnex.com\/index.php\/wp-json\/wp\/v2\/users\/1"}],"replies":[{"embeddable":true,"href":"https:\/\/metalnex.com\/index.php\/wp-json\/wp\/v2\/comments?post=1609"}],"version-history":[{"count":23,"href":"https:\/\/metalnex.com\/index.php\/wp-json\/wp\/v2\/pages\/1609\/revisions"}],"predecessor-version":[{"id":5752,"href":"https:\/\/metalnex.com\/index.php\/wp-json\/wp\/v2\/pages\/1609\/revisions\/5752"}],"up":[{"embeddable":true,"href":"https:\/\/metalnex.com\/index.php\/wp-json\/wp\/v2\/pages\/1053"}],"wp:attachment":[{"href":"https:\/\/metalnex.com\/index.php\/wp-json\/wp\/v2\/media?parent=1609"}],"curies":[{"name":"wp","href":"https:\/\/api.w.org\/{rel}","templated":true}]}}