{"id":122,"date":"2022-11-20T15:46:21","date_gmt":"2022-11-20T15:46:21","guid":{"rendered":"https:\/\/metalnex.com\/?page_id=122"},"modified":"2024-07-04T12:31:24","modified_gmt":"2024-07-04T10:31:24","slug":"quienes-somos","status":"publish","type":"page","link":"https:\/\/metalnex.com\/index.php\/quienes-somos\/","title":{"rendered":"Qui\u00e9nes somos"},"content":{"rendered":"<div class=\"wpb-content-wrapper\"><p>[vc_row][vc_column css_animation=\u00bbnone\u00bb offset=\u00bbvc_hidden-xs\u00bb][vc_custom_heading text=\u00bbQUI\u00c9NES SOMOS\u00bb font_container=\u00bbtag:h2|text_align:center\u00bb use_theme_fonts=\u00bbyes\u00bb css_animation=\u00bbslideInDown\u00bb][vc_empty_space height=\u00bb40px\u00bb][vc_column_text css_animation=\u00bbfadeIn\u00bb]<\/p>\n<p style=\"margin: 0cm; background: white;\"><strong><span style=\"font-family: Quicksand; color: #072742; font-weight: normal;\">En Metalnex nos <strong>apasiona\u00a0la innovaci\u00f3n industrial<\/strong>. Estamos en Alcal\u00e1 de Guada\u00edra, una localidad del \u00e1rea metropolitana de Sevilla muy pr\u00f3ximos al Aeropuerto.<\/span><\/strong><\/p>\n<p style=\"margin: 0cm; background: white;\"><strong><span style=\"font-family: Quicksand; color: #072742; font-weight: normal;\">\u00a0<\/span><\/strong><\/p>\n<p>Llevamos muchos a\u00f1os haciendo que las ideas de nuestros clientes cobren vida, llevando a cabo proyectos \u00fanicos con ideas innovadoras. Hemos desarrollado <strong>nuestro sistema 360\u00ba<\/strong>, que nos permite obtener los resultados deseados, sea cual sea la fase en la que se encuentre tu proyecto e independientemente de los medios con los que cuentes.<\/p>\n<p style=\"margin: 0cm; background: white;\"><strong><span style=\"font-family: Quicksand; color: #072742; font-weight: normal;\">\u00a0<\/span><\/strong><\/p>\n<p style=\"margin: 0cm; background: white;\"><strong><span style=\"font-family: Quicksand; color: #072742; font-weight: normal;\">Contamos con un excelente equipo de profesionales ingenieros, t\u00e9cnicos y especialistas del sector industrial, metalmec\u00e1nico y aeron\u00e1utico.<\/span><\/strong><\/p>\n<p style=\"margin: 0cm; background: white;\"><strong><span style=\"font-family: Quicksand; color: #072742; font-weight: normal;\">\u00a0<\/span><\/strong><\/p>\n<p>Estamos aqu\u00ed para <strong>acompa\u00f1arte y ayudarte a hacer realidad tu idea<\/strong>. No dudes en ponerte en contacto con nosotros.[\/vc_column_text][vc_single_image image=\u00bb197&#8243; img_size=\u00bb1920&#215;400&#8243; alignment=\u00bbcenter\u00bb css_animation=\u00bbbottom-to-top\u00bb][\/vc_column][\/vc_row][vc_row][vc_column css_animation=\u00bbnone\u00bb offset=\u00bbvc_hidden-lg vc_hidden-md vc_hidden-sm\u00bb][vc_custom_heading text=\u00bbQUI\u00c9NES SOMOS\u00bb font_container=\u00bbtag:h2|text_align:center\u00bb use_theme_fonts=\u00bbyes\u00bb css_animation=\u00bbslideInDown\u00bb][vc_empty_space height=\u00bb40px\u00bb][vc_column_text css_animation=\u00bbfadeIn\u00bb]<\/p>\n<p style=\"margin: 0cm; background: white;\"><strong><span style=\"font-family: Quicksand; color: #072742; font-weight: normal;\">En Metalnex somos unos apasionados por la innovaci\u00f3n industrial. Nos encontramos en Alcal\u00e1 de Guada\u00edra, una localidad del \u00e1rea metropolitana de Sevilla muy pr\u00f3ximos al Aeropuerto.<\/span><\/strong><\/p>\n<p style=\"margin: 0cm; background: white;\"><strong><span style=\"font-family: Quicksand; color: #072742; font-weight: normal;\">\u00a0<\/span><\/strong><\/p>\n<p>Llevamos muchos a\u00f1os haciendo que las ideas de nuestros clientes cobren vida, llevando a cabo proyectos \u00fanicos con ideas innovadoras. Hemos desarrollado <strong>nuestro sistema 360\u00ba<\/strong>, que nos permite obtener los resultados deseados, sea cual sea la fase en la que se encuentre tu proyecto, independientemente de los medios con los que cuentes.<\/p>\n<p style=\"margin: 0cm; background: white;\"><strong><span style=\"font-family: Quicksand; color: #072742; font-weight: normal;\">\u00a0<\/span><\/strong><\/p>\n<p style=\"margin: 0cm; background: white;\"><strong><span style=\"font-family: Quicksand; color: #072742; font-weight: normal;\">Contamos con un excelente equipo de profesionales ingenieros, t\u00e9cnicos y especialistas del sector industrial, metalmec\u00e1nico y aeron\u00e1utico.<\/span><\/strong><\/p>\n<p style=\"margin: 0cm; background: white;\"><strong><span style=\"font-family: Quicksand; color: #072742; font-weight: normal;\">\u00a0<\/span><\/strong><\/p>\n<p>Estamos aqu\u00ed para <strong>acompa\u00f1arte y ayudarte a hacer realidad tu idea<\/strong>. No dudes en ponerte en contacto con nosotros.[\/vc_column_text][vc_single_image image=\u00bb197&#8243; img_size=\u00bb800&#215;800&#8243; alignment=\u00bbcenter\u00bb css_animation=\u00bbbottom-to-top\u00bb][\/vc_column][\/vc_row][vc_row css_animation=\u00bbbottom-to-top\u00bb][vc_column width=\u00bb1\/2&#8243;][vc_btn title=\u00bbCONT\u00c1CTANOS\u00bb style=\u00bbcustom\u00bb custom_background=\u00bb#072742&#8243; custom_text=\u00bb#ffffff\u00bb size=\u00bblg\u00bb align=\u00bbcenter\u00bb i_type=\u00bbthe7&#8243; i_icon_the7=\u00bbicomoon-the7-font-the7-mail-011&#8243; css=\u00bb\u00bb button_block=\u00bbtrue\u00bb add_icon=\u00bbtrue\u00bb link=\u00bburl:https%3A%2F%2Fmetalnex.com%2Findex.php%2Fcontacto-2%2F\u00bb][\/vc_column][vc_column width=\u00bb1\/2&#8243;][vc_btn title=\u00bbAGENDAR UNA REUNI\u00d3N\u00bb style=\u00bbcustom\u00bb custom_background=\u00bb#072742&#8243; custom_text=\u00bb#ffffff\u00bb size=\u00bblg\u00bb align=\u00bbcenter\u00bb i_type=\u00bbthe7&#8243; i_icon_the7=\u00bbicomoon-the7-font-the7-sort-02&#8243; css=\u00bb\u00bb button_block=\u00bbtrue\u00bb add_icon=\u00bbtrue\u00bb link=\u00bburl:https%3A%2F%2Fmetalnex.com%2Findex.php%2Fagendar-cita%2F\u00bb][\/vc_column][\/vc_row][vc_row][vc_column][vc_separator][\/vc_column][\/vc_row][vc_row][vc_column parallax=\u00bbcontent-moving\u00bb css_animation=\u00bbtop-to-bottom\u00bb][vc_custom_heading text=\u00bbCONOCE NUESTRO EQUIPO\u00bb font_container=\u00bbtag:h2|text_align:center\u00bb use_theme_fonts=\u00bbyes\u00bb][vc_empty_space height=\u00bb35&#8243;][\/vc_column][\/vc_row][vc_row gap=\u00bb5&#8243;][vc_column width=\u00bb1\/3&#8243;][vc_single_image image=\u00bb1134&#8243; img_size=\u00bb200&#215;200&#8243; alignment=\u00bbcenter\u00bb onclick=\u00bbcustom_link\u00bb css_animation=\u00bbfadeIn\u00bb image_hovers=\u00bbfalse\u00bb link=\u00bbhttps:\/\/metalnex.com\/index.php\/departamento-administracion-ventas\/\u00bb][vc_column_text css_animation=\u00bbbottom-to-top\u00bb]<\/p>\n<p style=\"text-align: center;\"><b>Departamento Administraci\u00f3n-Ventas<\/b><\/p>\n<p>[\/vc_column_text][\/vc_column][vc_column width=\u00bb1\/3&#8243;][vc_single_image image=\u00bb1133&#8243; img_size=\u00bb200&#215;200&#8243; alignment=\u00bbcenter\u00bb onclick=\u00bbcustom_link\u00bb css_animation=\u00bbfadeIn\u00bb image_hovers=\u00bbfalse\u00bb link=\u00bbhttps:\/\/metalnex.com\/index.php\/departamento-comercial\/\u00bb][vc_column_text css_animation=\u00bbbottom-to-top\u00bb]<\/p>\n<p style=\"text-align: center;\"><b>Departamento Comercial<\/b><\/p>\n<p>[\/vc_column_text][\/vc_column][vc_column width=\u00bb1\/3&#8243;][vc_single_image image=\u00bb1135&#8243; img_size=\u00bb200&#215;200&#8243; alignment=\u00bbcenter\u00bb onclick=\u00bbcustom_link\u00bb css_animation=\u00bbfadeIn\u00bb image_hovers=\u00bbfalse\u00bb link=\u00bbhttps:\/\/metalnex.com\/index.php\/departamento-tecnico\/\u00bb][vc_column_text css_animation=\u00bbbottom-to-top\u00bb]<\/p>\n<p style=\"text-align: center;\"><b>Departamento T\u00e9cnico<\/b><\/p>\n<p>[\/vc_column_text][\/vc_column][\/vc_row][vc_row][vc_column][vc_empty_space height=\u00bb35&#8243;][vc_separator el_id=\u00bbagenda-reunion\u00bb][\/vc_column][\/vc_row][vc_row][vc_column][vc_custom_heading text=\u00bbDOSIERES CORPORATIVOS METALNEX\u00bb use_theme_fonts=\u00bbyes\u00bb css=\u00bb\u00bb el_id=\u00bbdosieres\u00bb][vc_empty_space][\/vc_column][\/vc_row][vc_row][vc_column width=\u00bb1\/6&#8243;][vc_column_text css=\u00bb\u00bb]<\/p>\n<p style=\"text-align: center; font-size: 12px;\"><strong>Dosier Metalnex 360\u00ba<\/strong><\/p>\n<p>[\/vc_column_text][vc_single_image image=\u00bb3311&#8243; img_size=\u00bbmedium\u00bb alignment=\u00bbcenter\u00bb style=\u00bbvc_box_shadow\u00bb onclick=\u00bbcustom_link\u00bb img_link_target=\u00bb_blank\u00bb css=\u00bb\u00bb link=\u00bbhttps:\/\/metalnex.com\/wp-content\/uploads\/2024\/05\/Dosier-corporativo-Metalnex-360_Digital.pdf\u00bb][vc_btn title=\u00bbDescarga en PDF\u00bb style=\u00bbcustom\u00bb custom_background=\u00bb#3cbeb4&#8243; custom_text=\u00bb#ffffff\u00bb shape=\u00bbround\u00bb size=\u00bbxs\u00bb align=\u00bbcenter\u00bb css=\u00bb\u00bb link=\u00bburl:https%3A%2F%2Fmetalnex.com%2Fwp-content%2Fuploads%2F2024%2F05%2FDosier-corporativo-Metalnex-360_Digital.pdf|target:_blank\u00bb][\/vc_column][vc_column width=\u00bb1\/6&#8243;][vc_column_text]<\/p>\n<p style=\"text-align: center; font-size: 12px;\"><strong>Qui\u00e9nes somos<\/strong><\/p>\n<p>[\/vc_column_text][vc_single_image image=\u00bb2524&#8243; img_size=\u00bbmedium\u00bb alignment=\u00bbcenter\u00bb style=\u00bbvc_box_shadow\u00bb onclick=\u00bbcustom_link\u00bb img_link_target=\u00bb_blank\u00bb css=\u00bb\u00bb link=\u00bbhttps:\/\/www.canva.com\/design\/DAGF2Pze_48\/WTxQ4XdT5nr6WAfshr4V9g\/view?utm_content=DAGF2Pze_48&amp;utm_campaign=designshare&amp;utm_medium=link&amp;utm_source=editor\u00bb][vc_btn title=\u00bbDescarga en PDF\u00bb style=\u00bbcustom\u00bb custom_background=\u00bb#3cbeb4&#8243; custom_text=\u00bb#ffffff\u00bb shape=\u00bbround\u00bb size=\u00bbxs\u00bb align=\u00bbcenter\u00bb css=\u00bb\u00bb link=\u00bburl:https%3A%2F%2Fmetalnex.com%2Fwp-content%2Fuploads%2F2024%2F04%2FDosier-corporativo-Metalnex-360_QUIENES-SOMOS_Digital.pdf|target:_blank\u00bb][\/vc_column][vc_column width=\u00bb1\/6&#8243;][vc_column_text css=\u00bb\u00bb]<\/p>\n<p style=\"text-align: center; font-size: 12px;\"><strong>Dosier Suministro Industrial<\/strong><\/p>\n<p>[\/vc_column_text][vc_single_image image=\u00bb2523&#8243; img_size=\u00bbmedium\u00bb alignment=\u00bbcenter\u00bb style=\u00bbvc_box_shadow\u00bb onclick=\u00bbcustom_link\u00bb img_link_target=\u00bb_blank\u00bb css=\u00bb\u00bb link=\u00bbhttps:\/\/www.canva.com\/design\/DAGF2KtmRNo\/iQATQgCQqaL2LwlQ6bp6zQ\/view?utm_content=DAGF2KtmRNo&amp;utm_campaign=designshare&amp;utm_medium=link&amp;utm_source=editor\u00bb][vc_btn title=\u00bbDescarga en PDF\u00bb style=\u00bbcustom\u00bb custom_background=\u00bb#3cbeb4&#8243; custom_text=\u00bb#ffffff\u00bb shape=\u00bbround\u00bb size=\u00bbxs\u00bb align=\u00bbcenter\u00bb css=\u00bb\u00bb link=\u00bburl:https%3A%2F%2Fmetalnex.com%2Fwp-content%2Fuploads%2F2024%2F05%2FDosier-coorporativo-Metalnex-360_SUMINISTRO-INDUSTRIAL_Digital.pdf|target:_blank\u00bb][\/vc_column][vc_column width=\u00bb1\/6&#8243;][vc_column_text css=\u00bb\u00bb]<\/p>\n<p style=\"text-align: center; font-size: 12px;\"><strong>Dosier Lean Manufacturing<\/strong><\/p>\n<p>[\/vc_column_text][vc_single_image image=\u00bb2521&#8243; img_size=\u00bbmedium\u00bb alignment=\u00bbcenter\u00bb style=\u00bbvc_box_shadow\u00bb onclick=\u00bbcustom_link\u00bb img_link_target=\u00bb_blank\u00bb css=\u00bb\u00bb link=\u00bbhttps:\/\/www.canva.com\/design\/DAGF2Ne5fng\/aggEzLxICDeLkupRaDmAqw\/view?utm_content=DAGF2Ne5fng&amp;utm_campaign=designshare&amp;utm_medium=link&amp;utm_source=editor\u00bb][vc_btn title=\u00bbDescarga en PDF\u00bb style=\u00bbcustom\u00bb custom_background=\u00bb#3cbeb4&#8243; custom_text=\u00bb#ffffff\u00bb shape=\u00bbround\u00bb size=\u00bbxs\u00bb align=\u00bbcenter\u00bb css=\u00bb\u00bb link=\u00bburl:https%3A%2F%2Fmetalnex.com%2Fwp-content%2Fuploads%2F2024%2F04%2FDosier-coorporativo-Metalnex-360_LEAN-MANUFACTURING_Digital.pdf|target:_blank\u00bb][\/vc_column][vc_column width=\u00bb1\/6&#8243;][vc_column_text css=\u00bb\u00bb]<\/p>\n<p style=\"text-align: center; font-size: 12px;\"><strong>Dosier Outsourcing<\/strong><\/p>\n<p>[\/vc_column_text][vc_single_image image=\u00bb2522&#8243; img_size=\u00bbmedium\u00bb alignment=\u00bbcenter\u00bb style=\u00bbvc_box_shadow\u00bb onclick=\u00bbcustom_link\u00bb img_link_target=\u00bb_blank\u00bb css=\u00bb\u00bb link=\u00bbhttps:\/\/www.canva.com\/design\/DAGF2IjYoRk\/9BMoHJePv7mZ3tu74YLc6g\/view?utm_content=DAGF2IjYoRk&amp;utm_campaign=designshare&amp;utm_medium=link&amp;utm_source=editor\u00bb][vc_btn title=\u00bbDescarga en PDF\u00bb style=\u00bbcustom\u00bb custom_background=\u00bb#3cbeb4&#8243; custom_text=\u00bb#ffffff\u00bb shape=\u00bbround\u00bb size=\u00bbxs\u00bb align=\u00bbcenter\u00bb css=\u00bb\u00bb link=\u00bburl:https%3A%2F%2Fmetalnex.com%2Fwp-content%2Fuploads%2F2024%2F04%2FDosier-coorporativo-Metalnex-360_OUTSOURCING_Digital.pdf|target:_blank\u00bb][\/vc_column][vc_column width=\u00bb1\/6&#8243;][vc_column_text]<\/p>\n<p style=\"text-align: center; font-size: 12px;\"><strong>Tr\u00edptico<\/strong><\/p>\n<p>[\/vc_column_text][vc_single_image image=\u00bb1396&#8243; img_size=\u00bbmedium\u00bb alignment=\u00bbcenter\u00bb style=\u00bbvc_box_shadow\u00bb onclick=\u00bbcustom_link\u00bb img_link_target=\u00bb_blank\u00bb link=\u00bbhttps:\/\/metalnex.com\/wp-content\/uploads\/2024\/04\/Triptico-Metalnex-360-A5_V5_DIGITAL.pdf\u00bb][vc_btn title=\u00bbDescarga en PDF\u00bb style=\u00bbcustom\u00bb custom_background=\u00bb#3cbeb4&#8243; custom_text=\u00bb#ffffff\u00bb shape=\u00bbround\u00bb size=\u00bbxs\u00bb align=\u00bbcenter\u00bb css=\u00bb\u00bb link=\u00bburl:https%3A%2F%2Fmetalnex.com%2Fwp-content%2Fuploads%2F2024%2F04%2FTriptico-Metalnex-360-A5_V5_DIGITAL.pdf|target:_blank\u00bb][\/vc_column][\/vc_row][vc_row][vc_column][vc_empty_space height=\u00bb35&#8243;][vc_separator][\/vc_column][\/vc_row][vc_row][vc_column parallax=\u00bbcontent-moving\u00bb][vc_custom_heading text=\u00bbCONOCE NUESTROS SERVICIOS\u00bb font_container=\u00bbtag:h2|text_align:center\u00bb use_theme_fonts=\u00bbyes\u00bb][vc_empty_space height=\u00bb80&#8243;][\/vc_column][\/vc_row][vc_row][vc_column css_animation=\u00bbbottom-to-top\u00bb width=\u00bb1\/3&#8243;][vc_custom_heading text=\u00bbSUMINISTRO INDUSTRIAL\u00bb font_container=\u00bbtag:h3|text_align:center\u00bb use_theme_fonts=\u00bbyes\u00bb css=\u00bb\u00bb][vc_single_image image=\u00bb557&#8243; img_size=\u00bbfull\u00bb alignment=\u00bbcenter\u00bb onclick=\u00bbcustom_link\u00bb css=\u00bb.vc_custom_1713853874687{margin-top: -40px !important;}\u00bb link=\u00bbhttps:\/\/metalnex.com\/index.php\/suministros-industriales\/\u00bb][\/vc_column][vc_column css_animation=\u00bbbottom-to-top\u00bb width=\u00bb1\/3&#8243;][vc_custom_heading text=\u00bbLEAN MANUFACTURING\u00bb font_container=\u00bbtag:h3|text_align:center\u00bb use_theme_fonts=\u00bbyes\u00bb css=\u00bb\u00bb][vc_single_image image=\u00bb298&#8243; img_size=\u00bbfull\u00bb alignment=\u00bbcenter\u00bb onclick=\u00bbcustom_link\u00bb css=\u00bb.vc_custom_1713853892643{margin-top: -40px !important;}\u00bb link=\u00bbhttps:\/\/metalnex.com\/index.php\/lean-manufacturing\/\u00bb][\/vc_column][vc_column css_animation=\u00bbbottom-to-top\u00bb width=\u00bb1\/3&#8243;][vc_custom_heading text=\u00bbOUTSOURCING\u00bb font_container=\u00bbtag:h3|text_align:center\u00bb use_theme_fonts=\u00bbyes\u00bb css=\u00bb\u00bb][vc_single_image image=\u00bb299&#8243; img_size=\u00bbfull\u00bb alignment=\u00bbcenter\u00bb onclick=\u00bbcustom_link\u00bb css=\u00bb.vc_custom_1713853899645{margin-top: -40px !important;}\u00bb link=\u00bbhttps:\/\/metalnex.com\/index.php\/outsourcing-industrial\/\u00bb][\/vc_column][\/vc_row][vc_row][vc_column][vc_raw_html css=\u00bb\u00bb]JTNDJTIxLS0lMjBQcmluY2lwaW8lMjBkZWwlMjB3aWRnZXQlMjBkZSUyMGdsb2JvJTIwZGUlMjBDYWxlbmRseSUyMC0tJTNFJTBBJTNDbGluayUyMGhyZWYlM0QlMjJodHRwcyUzQSUyRiUyRmFzc2V0cy5jYWxlbmRseS5jb20lMkZhc3NldHMlMkZleHRlcm5hbCUyRndpZGdldC5jc3MlMjIlMjByZWwlM0QlMjJzdHlsZXNoZWV0JTIyJTNFJTBBJTNDc2NyaXB0JTIwc3JjJTNEJTIyaHR0cHMlM0ElMkYlMkZhc3NldHMuY2FsZW5kbHkuY29tJTJGYXNzZXRzJTJGZXh0ZXJuYWwlMkZ3aWRnZXQuanMlMjIlMjB0eXBlJTNEJTIydGV4dCUyRmphdmFzY3JpcHQlMjIlMjBhc3luYyUzRSUzQyUyRnNjcmlwdCUzRSUwQSUzQ3NjcmlwdCUyMHR5cGUlM0QlMjJ0ZXh0JTJGamF2YXNjcmlwdCUyMiUzRXdpbmRvdy5vbmxvYWQlMjAlM0QlMjBmdW5jdGlvbiUyOCUyOSUyMCU3QiUyMENhbGVuZGx5LmluaXRCYWRnZVdpZGdldCUyOCU3QiUyMHVybCUzQSUyMCUyN2h0dHBzJTNBJTJGJTJGY2FsZW5kbHkuY29tJTJGbWV0YWxuZXglMkZhZ2VuZGFyZXVuaW9uJTNGaGlkZV9nZHByX2Jhbm5lciUzRDElMjZwcmltYXJ5X2NvbG9yJTNEM2NiZWI0JTI3JTJDJTIwdGV4dCUzQSUyMCUyNyVGMCU5RiU5MyU4NSUyMEFnZW5kYSUyMHVuYSUyMHJldW5pJUMzJUIzbiUyNyUyQyUyMGNvbG9yJTNBJTIwJTI3JTIzM2NiZWI0JTI3JTJDJTIwdGV4dENvbG9yJTNBJTIwJTI3JTIzZmZmZmZmJTI3JTJDJTIwYnJhbmRpbmclM0ElMjB1bmRlZmluZWQlMjAlN0QlMjklM0IlMjAlN0QlM0MlMkZzY3JpcHQlM0UlMEElM0MlMjEtLSUyMEZpbmFsJTIwZGVsJTIwd2lkZ2V0JTIwZGUlMjBnbG9ibyUyMGRlJTIwQ2FsZW5kbHklMjAtLSUzRSUwQQ==[\/vc_raw_html][\/vc_column][\/vc_row]<\/p>\n<\/div>","protected":false},"excerpt":{"rendered":"<p>[vc_row][vc_column css_animation=\u00bbnone\u00bb offset=\u00bbvc_hidden-xs\u00bb][vc_custom_heading text=\u00bbQUI\u00c9NES SOMOS\u00bb font_container=\u00bbtag:h2|text_align:center\u00bb use_theme_fonts=\u00bbyes\u00bb css_animation=\u00bbslideInDown\u00bb][vc_empty_space height=\u00bb40px\u00bb][vc_column_text css_animation=\u00bbfadeIn\u00bb] En Metalnex nos apasiona\u00a0la innovaci\u00f3n industrial. Estamos en Alcal\u00e1 de Guada\u00edra, una localidad del \u00e1rea metropolitana de Sevilla muy pr\u00f3ximos al Aeropuerto. \u00a0 Llevamos muchos a\u00f1os haciendo que las ideas de nuestros clientes cobren vida, llevando a cabo proyectos \u00fanicos con ideas innovadoras. Hemos desarrollado&hellip;<\/p>\n","protected":false},"author":1,"featured_media":0,"parent":0,"menu_order":0,"comment_status":"closed","ping_status":"closed","template":"","meta":{"_acf_changed":false,"footnotes":""},"class_list":["post-122","page","type-page","status-publish","hentry","description-off"],"acf":[],"yoast_head":"<!-- This site is optimized with the Yoast SEO plugin v27.3 - https:\/\/yoast.com\/product\/yoast-seo-wordpress\/ -->\n<title>Qui\u00e9nes somos - Metalnex 360&ordm;<\/title>\n<meta name=\"robots\" content=\"index, follow, max-snippet:-1, max-image-preview:large, max-video-preview:-1\" \/>\n<link rel=\"canonical\" href=\"https:\/\/metalnex.com\/index.php\/quienes-somos\/\" \/>\n<meta property=\"og:locale\" content=\"es_ES\" \/>\n<meta property=\"og:type\" content=\"article\" \/>\n<meta property=\"og:title\" content=\"Qui\u00e9nes somos - Metalnex 360&ordm;\" \/>\n<meta property=\"og:description\" content=\"[vc_row][vc_column css_animation=\u00bbnone\u00bb offset=\u00bbvc_hidden-xs\u00bb][vc_custom_heading text=\u00bbQUI\u00c9NES SOMOS\u00bb font_container=\u00bbtag:h2|text_align:center\u00bb use_theme_fonts=\u00bbyes\u00bb css_animation=\u00bbslideInDown\u00bb][vc_empty_space height=\u00bb40px\u00bb][vc_column_text css_animation=\u00bbfadeIn\u00bb] En Metalnex nos apasiona\u00a0la innovaci\u00f3n industrial. Estamos en Alcal\u00e1 de Guada\u00edra, una localidad del \u00e1rea metropolitana de Sevilla muy pr\u00f3ximos al Aeropuerto. \u00a0 Llevamos muchos a\u00f1os haciendo que las ideas de nuestros clientes cobren vida, llevando a cabo proyectos \u00fanicos con ideas innovadoras. Hemos desarrollado&hellip;\" \/>\n<meta property=\"og:url\" content=\"https:\/\/metalnex.com\/index.php\/quienes-somos\/\" \/>\n<meta property=\"og:site_name\" content=\"Metalnex 360&ordm;\" \/>\n<meta property=\"article:modified_time\" content=\"2024-07-04T10:31:24+00:00\" \/>\n<meta name=\"twitter:card\" content=\"summary_large_image\" \/>\n<meta name=\"twitter:label1\" content=\"Tiempo de lectura\" \/>\n\t<meta name=\"twitter:data1\" content=\"8 minutos\" \/>\n<script type=\"application\/ld+json\" class=\"yoast-schema-graph\">{\"@context\":\"https:\\\/\\\/schema.org\",\"@graph\":[{\"@type\":\"WebPage\",\"@id\":\"https:\\\/\\\/metalnex.com\\\/index.php\\\/quienes-somos\\\/\",\"url\":\"https:\\\/\\\/metalnex.com\\\/index.php\\\/quienes-somos\\\/\",\"name\":\"Qui\u00e9nes somos - Metalnex 360&ordm;\",\"isPartOf\":{\"@id\":\"https:\\\/\\\/metalnex.com\\\/#website\"},\"datePublished\":\"2022-11-20T15:46:21+00:00\",\"dateModified\":\"2024-07-04T10:31:24+00:00\",\"breadcrumb\":{\"@id\":\"https:\\\/\\\/metalnex.com\\\/index.php\\\/quienes-somos\\\/#breadcrumb\"},\"inLanguage\":\"es\",\"potentialAction\":[{\"@type\":\"ReadAction\",\"target\":[\"https:\\\/\\\/metalnex.com\\\/index.php\\\/quienes-somos\\\/\"]}]},{\"@type\":\"BreadcrumbList\",\"@id\":\"https:\\\/\\\/metalnex.com\\\/index.php\\\/quienes-somos\\\/#breadcrumb\",\"itemListElement\":[{\"@type\":\"ListItem\",\"position\":1,\"name\":\"Portada\",\"item\":\"https:\\\/\\\/metalnex.com\\\/\"},{\"@type\":\"ListItem\",\"position\":2,\"name\":\"Qui\u00e9nes somos\"}]},{\"@type\":\"WebSite\",\"@id\":\"https:\\\/\\\/metalnex.com\\\/#website\",\"url\":\"https:\\\/\\\/metalnex.com\\\/\",\"name\":\"Metalnex 360&ordm;\",\"description\":\"Tu sue&ntilde;a. Nosotros lean manufacturing\",\"potentialAction\":[{\"@type\":\"SearchAction\",\"target\":{\"@type\":\"EntryPoint\",\"urlTemplate\":\"https:\\\/\\\/metalnex.com\\\/?s={search_term_string}\"},\"query-input\":{\"@type\":\"PropertyValueSpecification\",\"valueRequired\":true,\"valueName\":\"search_term_string\"}}],\"inLanguage\":\"es\"}]}<\/script>\n<!-- \/ Yoast SEO plugin. -->","yoast_head_json":{"title":"Qui\u00e9nes somos - Metalnex 360&ordm;","robots":{"index":"index","follow":"follow","max-snippet":"max-snippet:-1","max-image-preview":"max-image-preview:large","max-video-preview":"max-video-preview:-1"},"canonical":"https:\/\/metalnex.com\/index.php\/quienes-somos\/","og_locale":"es_ES","og_type":"article","og_title":"Qui\u00e9nes somos - Metalnex 360&ordm;","og_description":"[vc_row][vc_column css_animation=\u00bbnone\u00bb offset=\u00bbvc_hidden-xs\u00bb][vc_custom_heading text=\u00bbQUI\u00c9NES SOMOS\u00bb font_container=\u00bbtag:h2|text_align:center\u00bb use_theme_fonts=\u00bbyes\u00bb css_animation=\u00bbslideInDown\u00bb][vc_empty_space height=\u00bb40px\u00bb][vc_column_text css_animation=\u00bbfadeIn\u00bb] En Metalnex nos apasiona\u00a0la innovaci\u00f3n industrial. Estamos en Alcal\u00e1 de Guada\u00edra, una localidad del \u00e1rea metropolitana de Sevilla muy pr\u00f3ximos al Aeropuerto. \u00a0 Llevamos muchos a\u00f1os haciendo que las ideas de nuestros clientes cobren vida, llevando a cabo proyectos \u00fanicos con ideas innovadoras. Hemos desarrollado&hellip;","og_url":"https:\/\/metalnex.com\/index.php\/quienes-somos\/","og_site_name":"Metalnex 360&ordm;","article_modified_time":"2024-07-04T10:31:24+00:00","twitter_card":"summary_large_image","twitter_misc":{"Tiempo de lectura":"8 minutos"},"schema":{"@context":"https:\/\/schema.org","@graph":[{"@type":"WebPage","@id":"https:\/\/metalnex.com\/index.php\/quienes-somos\/","url":"https:\/\/metalnex.com\/index.php\/quienes-somos\/","name":"Qui\u00e9nes somos - Metalnex 360&ordm;","isPartOf":{"@id":"https:\/\/metalnex.com\/#website"},"datePublished":"2022-11-20T15:46:21+00:00","dateModified":"2024-07-04T10:31:24+00:00","breadcrumb":{"@id":"https:\/\/metalnex.com\/index.php\/quienes-somos\/#breadcrumb"},"inLanguage":"es","potentialAction":[{"@type":"ReadAction","target":["https:\/\/metalnex.com\/index.php\/quienes-somos\/"]}]},{"@type":"BreadcrumbList","@id":"https:\/\/metalnex.com\/index.php\/quienes-somos\/#breadcrumb","itemListElement":[{"@type":"ListItem","position":1,"name":"Portada","item":"https:\/\/metalnex.com\/"},{"@type":"ListItem","position":2,"name":"Qui\u00e9nes somos"}]},{"@type":"WebSite","@id":"https:\/\/metalnex.com\/#website","url":"https:\/\/metalnex.com\/","name":"Metalnex 360&ordm;","description":"Tu sue&ntilde;a. Nosotros lean manufacturing","potentialAction":[{"@type":"SearchAction","target":{"@type":"EntryPoint","urlTemplate":"https:\/\/metalnex.com\/?s={search_term_string}"},"query-input":{"@type":"PropertyValueSpecification","valueRequired":true,"valueName":"search_term_string"}}],"inLanguage":"es"}]}},"jetpack_sharing_enabled":true,"_links":{"self":[{"href":"https:\/\/metalnex.com\/index.php\/wp-json\/wp\/v2\/pages\/122","targetHints":{"allow":["GET"]}}],"collection":[{"href":"https:\/\/metalnex.com\/index.php\/wp-json\/wp\/v2\/pages"}],"about":[{"href":"https:\/\/metalnex.com\/index.php\/wp-json\/wp\/v2\/types\/page"}],"author":[{"embeddable":true,"href":"https:\/\/metalnex.com\/index.php\/wp-json\/wp\/v2\/users\/1"}],"replies":[{"embeddable":true,"href":"https:\/\/metalnex.com\/index.php\/wp-json\/wp\/v2\/comments?post=122"}],"version-history":[{"count":101,"href":"https:\/\/metalnex.com\/index.php\/wp-json\/wp\/v2\/pages\/122\/revisions"}],"predecessor-version":[{"id":3655,"href":"https:\/\/metalnex.com\/index.php\/wp-json\/wp\/v2\/pages\/122\/revisions\/3655"}],"wp:attachment":[{"href":"https:\/\/metalnex.com\/index.php\/wp-json\/wp\/v2\/media?parent=122"}],"curies":[{"name":"wp","href":"https:\/\/api.w.org\/{rel}","templated":true}]}}